{"id":1154,"date":"2025-07-27T23:11:56","date_gmt":"2025-07-27T23:11:56","guid":{"rendered":"https:\/\/kglobimport.com\/politica-de-cookies\/"},"modified":"2025-07-27T23:21:58","modified_gmt":"2025-07-27T23:21:58","slug":"politica-de-cookies","status":"publish","type":"page","link":"https:\/\/kglobimport.com\/de\/politica-de-cookies\/","title":{"rendered":"Cookie-Richtlinie"},"content":{"rendered":"<p>[et_pb_section fb_built=&#8220;1&#8243; fullwidth=&#8220;on&#8220; _builder_version=&#8220;4.16&#8243; custom_margin=&#8220;||0px||false|false&#8220; custom_padding=&#8220;0px|4px|0px||false|false&#8220; global_colors_info=&#8220;{}&#8220;][et_pb_fullwidth_post_title meta=&#8220;off&#8220; featured_image=&#8220;off&#8220; _builder_version=&#8220;4.16&#8243; title_level=&#8220;h2&#8243; title_font=&#8220;Lato|700|||||||&#8220; title_text_align=&#8220;center&#8220; title_text_color=&#8220;#FFFFFF&#8220; title_font_size=&#8220;50px&#8220; background_color=&#8220;#000000&#8243; vertical_offset_tablet=&#8220;0&#8243; horizontal_offset_tablet=&#8220;0&#8243; custom_padding=&#8220;||75px|||&#8220; z_index_tablet=&#8220;0&#8243; title_text_shadow_horizontal_length_tablet=&#8220;0px&#8220; title_text_shadow_vertical_length_tablet=&#8220;0px&#8220; title_text_shadow_blur_strength_tablet=&#8220;1px&#8220; meta_text_shadow_horizontal_length_tablet=&#8220;0px&#8220; meta_text_shadow_vertical_length_tablet=&#8220;0px&#8220; meta_text_shadow_blur_strength_tablet=&#8220;1px&#8220; box_shadow_horizontal_tablet=&#8220;0px&#8220; box_shadow_vertical_tablet=&#8220;0px&#8220; box_shadow_blur_tablet=&#8220;40px&#8220; box_shadow_spread_tablet=&#8220;0px&#8220; text_shadow_horizontal_length_tablet=&#8220;0px&#8220; text_shadow_vertical_length_tablet=&#8220;0px&#8220; text_shadow_blur_strength_tablet=&#8220;1px&#8220; global_colors_info=&#8220;{}&#8220;][\/et_pb_fullwidth_post_title][\/et_pb_section][et_pb_section fb_built=&#8220;1&#8243; _builder_version=&#8220;4.16&#8243; custom_margin=&#8220;0px|||||&#8220; global_colors_info=&#8220;{}&#8220;][et_pb_row _builder_version=&#8220;4.16&#8243; background_size=&#8220;initial&#8220; background_position=&#8220;top_left&#8220; background_repeat=&#8220;repeat&#8220; max_width=&#8220;100%&#8220; global_colors_info=&#8220;{}&#8220;][et_pb_column type=&#8220;4_4&#8243; _builder_version=&#8220;4.16&#8243; custom_padding=&#8220;|||&#8220; global_colors_info=&#8220;{}&#8220; custom_padding__hover=&#8220;|||&#8220;][et_pb_text _builder_version=&#8220;4.27.4&#8243; link_text_color=&#8220;#000000&#8243; background_size=&#8220;initial&#8220; background_position=&#8220;top_left&#8220; background_repeat=&#8220;repeat&#8220; hover_enabled=&#8220;0&#8243; global_colors_info=&#8220;{}&#8220; sticky_enabled=&#8220;0&#8243;]<\/p>\n<div class=\"et_pb_row et_pb_row_1\">\n<div class=\"et_pb_column et_pb_column_4_4 et_pb_column_1 et_pb_css_mix_blend_mode_passthrough et-last-child\">\n<div class=\"et_pb_module et_pb_text et_pb_text_1 et_pb_text_align_justified et_pb_bg_layout_light\">\n<div class=\"et_pb_text_inner\">\n<p>Diese Cookie-Richtlinie wurde zuletzt im Juli 2025 aktualisiert und gilt f\u00fcr die Website<a href=\"https:\/\/kglobimport.com\/de\/\"><span> kglobimport.com<\/span><\/a><span>\u00a0<\/span>(nachfolgend \u201edie Website\u201c). Diese Website verwendet Cookies und andere verwandte Technologien (der Einfachheit halber werden alle Technologien als \u201eCookies\u201c bezeichnet), die von uns beauftragten Dritten eingesetzt werden.<\/p>\n<p>Im Folgenden informieren wir Sie \u00fcber die Verwendung von Cookies auf unserer Website.<\/p>\n<p><strong>Informationen zu den in der Cookie-Richtlinie behandelten Begriffen<\/strong><\/p>\n<p>Cookies: sind kleine, einfache Dateien, die zusammen mit den Seiten dieser Website gesendet und von Ihrem Browser auf der Festplatte Ihres Computers oder eines anderen Ger\u00e4ts gespeichert werden. Die gespeicherten Informationen k\u00f6nnen bei einem sp\u00e4teren Besuch an unsere Server oder die Server der jeweiligen Drittanbieter zur\u00fcckgesendet werden.<\/p>\n<p>Skripte: sind Programmcodes, die f\u00fcr die ordnungsgem\u00e4\u00dfe und interaktive Funktion unserer Website sorgen. Dieser Code wird auf unserem Server oder auf Ihrem Ger\u00e4t ausgef\u00fchrt.<\/p>\n<p>Web Beacon (Pixel-Tag): sind kleine, unsichtbare Texte oder Bilder auf einer Website, die zur \u00dcberwachung des Website-Verkehrs verwendet werden. Zu diesem Zweck werden mithilfe von Web Beacons verschiedene Daten \u00fcber Sie gespeichert.<\/p>\n<p><strong>Arten von Cookies<\/strong><\/p>\n<p>Notwendige (technische oder funktionale) Cookies: Diese stellen sicher, dass bestimmte Teile der Website korrekt funktionieren und Ihre Nutzerpr\u00e4ferenzen gespeichert bleiben. Durch das Setzen funktionaler Cookies erleichtern wir Ihnen den Besuch unserer Website. So m\u00fcssen Sie bei jedem Besuch nicht wiederholt dieselben Informationen eingeben. Wir k\u00f6nnen diese Cookies auch ohne Ihre Zustimmung setzen.<\/p>\n<p>Analyse-Cookies: Diese dienen der Optimierung des Website-Erlebnisses durch die Erfassung von Informationen \u00fcber die Nutzung unserer Website. F\u00fcr das Setzen dieser Art von Cookies bitten wir um Ihre Zustimmung.<\/p>\n<p>Pr\u00e4ferenz- und Marketing-Cookies: Dies sind Cookies oder andere Formen der lokalen Speicherung, die zur Erstellung von Nutzerprofilen, zur Anzeige von Werbung oder zur Verfolgung des Nutzers auf dieser Website oder \u00fcber mehrere Websites hinweg f\u00fcr \u00e4hnliche Marketingzwecke verwendet werden. F\u00fcr das Setzen dieser Art von Cookies bitten wir um Ihre Zustimmung.<\/p>\n<p><strong>Soziale Medien<\/strong><\/p>\n<p>Wir k\u00f6nnen Inhalte von Facebook, Instagram und\/oder WhatsApp auf der Website einbinden, um Webseiten zu bewerben (z. B. \u201eGef\u00e4llt mir\u201c, \u201ePinnen\u201c) oder in sozialen Netzwerken wie Facebook, Instagram und WhatsApp zu teilen (z. B. \u201eTweeten\u201c). Diese Inhalte sind mit Code von Facebook, Instagram und WhatsApp eingebettet und setzen Cookies. Diese Inhalte k\u00f6nnen bestimmte Informationen f\u00fcr personalisierte Werbung speichern und verarbeiten.<\/p>\n<p>Bitte lesen Sie die Datenschutzerkl\u00e4rungen dieser sozialen Netzwerke (die sich regelm\u00e4\u00dfig \u00e4ndern k\u00f6nnen), um zu erfahren, wie sie mit Ihren (personenbezogenen) Daten umgehen, die sie mithilfe dieser Cookies verarbeiten. Die abgerufenen Daten werden so weit wie m\u00f6glich anonymisiert. Facebook, Instagram und WhatsApp haben ihren Sitz in den USA.<\/p>\n<p><strong>Einwilligung<\/strong><\/p>\n<p>Wenn Sie unsere Website zum ersten Mal besuchen, wird Ihnen ein Fenster angezeigt, in dem Sie den von uns verwendeten Cookies zustimmen k\u00f6nnen. Sobald Sie auf \u201eEinstellungen speichern\u201c klicken, stimmen Sie der Verwendung der im Fenster ausgew\u00e4hlten Cookie- und Plugin-Kategorien gem\u00e4\u00df dieser Cookie-Richtlinie zu. Sie k\u00f6nnen die Verwendung von Cookies in Ihrem Browser deaktivieren. Bitte beachten Sie jedoch, dass unsere Website dann m\u00f6glicherweise nicht mehr richtig funktioniert.<\/p>\n<p><strong>Datenschutzrichtlinie und Schutz Ihrer personenbezogenen Daten<\/strong><br \/>Unsere<span>\u00a0<\/span><a href=\"https:\/\/kglobimport.com\/de\/politica-de-privacidade\/\" target=\"_blank\" rel=\"noopener\">Datenschutzrichtlinie<\/a><span>\u00a0<\/span>finden Sie auf unserer Website.<\/p>\n<p><strong>Kontaktdaten<\/strong><\/p>\n<p>Bei Fragen und\/oder Anmerkungen zu unserer Cookie-Richtlinie und dieser Erkl\u00e4rung kontaktieren Sie uns bitte unter den folgenden Kontaktdaten:<\/p>\n<p>Firmenname:<span>\u00a0<\/span><span>Kl Force, Lda<\/span><\/p>\n<p>Steuernummer:<span>\u00a0<\/span><span>506744680<\/span><\/p>\n<p>Adresse:<span>\u00a0<\/span><span>Alameda da Beloura, Edif\u00edcio N\u00ba 4 \u2013 Esc: 2.6, Quinta da Beloura\u00a0<\/span><\/p>\n<p>CEP:<span>\u00a0<\/span><span>2710-693 Sintra<\/span><\/p>\n<p>E-Mail:<span>\u00a0<\/span><a href=\"mailto:info@kglobimport.com\">geral@klforce.com<\/a><\/p>\n<\/div>\n<\/div>\n<\/div>\n<\/div>\n<p>[\/et_pb_text][\/et_pb_column][\/et_pb_row][\/et_pb_section]<\/p>\n","protected":false},"excerpt":{"rendered":"<p>Diese Cookie-Richtlinie wurde zuletzt im Juli 2025 aktualisiert und gilt f\u00fcr die Website kglobimport.com\u00a0(nachfolgend \u201edie Website\u201c). Diese Website verwendet Cookies und andere verwandte Technologien (der Einfachheit halber werden alle Technologien als \u201eCookies\u201c bezeichnet), die von uns beauftragten Dritten eingesetzt werden. Im Folgenden informieren wir Sie \u00fcber die Verwendung von Cookies auf unserer Website. Informationen zu [&hellip;]<\/p>\n","protected":false},"author":1,"featured_media":0,"parent":0,"menu_order":0,"comment_status":"closed","ping_status":"closed","template":"","meta":{"_et_pb_use_builder":"on","_et_pb_old_content":"<!-- wp:heading -->\r\n<h2>Who we are<\/h2>\r\n<!-- \/wp:heading --><!-- wp:paragraph -->\r\n<p><strong class=\"privacy-policy-tutorial\">Suggested text: <\/strong>Our website address is: https:\/\/kglobimport.com.<\/p>\r\n<!-- \/wp:paragraph --><!-- wp:heading -->\r\n<h2>Comments<\/h2>\r\n<!-- \/wp:heading --><!-- wp:paragraph -->\r\n<p><strong class=\"privacy-policy-tutorial\">Suggested text: <\/strong>When visitors leave comments on the site we collect the data shown in the comments form, and also the visitor\u2019s IP address and browser user agent string to help spam detection.<\/p>\r\n<!-- \/wp:paragraph --><!-- wp:paragraph -->\r\n<p>An anonymized string created from your email address (also called a hash) may be provided to the Gravatar service to see if you are using it. The Gravatar service privacy policy is available here: https:\/\/automattic.com\/privacy\/. After approval of your comment, your profile picture is visible to the public in the context of your comment.<\/p>\r\n<!-- \/wp:paragraph --><!-- wp:heading -->\r\n<h2>Media<\/h2>\r\n<!-- \/wp:heading --><!-- wp:paragraph -->\r\n<p><strong class=\"privacy-policy-tutorial\">Suggested text: <\/strong>If you upload images to the website, you should avoid uploading images with embedded location data (EXIF GPS) included. Visitors to the website can download and extract any location data from images on the website.<\/p>\r\n<!-- \/wp:paragraph --><!-- wp:heading -->\r\n<h2>Cookies<\/h2>\r\n<!-- \/wp:heading --><!-- wp:paragraph -->\r\n<p><strong class=\"privacy-policy-tutorial\">Suggested text: <\/strong>If you leave a comment on our site you may opt-in to saving your name, email address and website in cookies. These are for your convenience so that you do not have to fill in your details again when you leave another comment. These cookies will last for one year.<\/p>\r\n<!-- \/wp:paragraph --><!-- wp:paragraph -->\r\n<p>If you visit our login page, we will set a temporary cookie to determine if your browser accepts cookies. This cookie contains no personal data and is discarded when you close your browser.<\/p>\r\n<!-- \/wp:paragraph --><!-- wp:paragraph -->\r\n<p>When you log in, we will also set up several cookies to save your login information and your screen display choices. Login cookies last for two days, and screen options cookies last for a year. If you select \"Remember Me\", your login will persist for two weeks. If you log out of your account, the login cookies will be removed.<\/p>\r\n<!-- \/wp:paragraph --><!-- wp:paragraph -->\r\n<p>If you edit or publish an article, an additional cookie will be saved in your browser. This cookie includes no personal data and simply indicates the post ID of the article you just edited. It expires after 1 day.<\/p>\r\n<!-- \/wp:paragraph --><!-- wp:heading -->\r\n<h2>Embedded content from other websites<\/h2>\r\n<!-- \/wp:heading --><!-- wp:paragraph -->\r\n<p><strong class=\"privacy-policy-tutorial\">Suggested text: <\/strong>Articles on this site may include embedded content (e.g. videos, images, articles, etc.). Embedded content from other websites behaves in the exact same way as if the visitor has visited the other website.<\/p>\r\n<!-- \/wp:paragraph --><!-- wp:paragraph -->\r\n<p>These websites may collect data about you, use cookies, embed additional third-party tracking, and monitor your interaction with that embedded content, including tracking your interaction with the embedded content if you have an account and are logged in to that website.<\/p>\r\n<!-- \/wp:paragraph --><!-- wp:heading -->\r\n<h2>Who we share your data with<\/h2>\r\n<!-- \/wp:heading --><!-- wp:paragraph -->\r\n<p><strong class=\"privacy-policy-tutorial\">Suggested text: <\/strong>If you request a password reset, your IP address will be included in the reset email.<\/p>\r\n<!-- \/wp:paragraph --><!-- wp:heading -->\r\n<h2>How long we retain your data<\/h2>\r\n<!-- \/wp:heading --><!-- wp:paragraph -->\r\n<p><strong class=\"privacy-policy-tutorial\">Suggested text: <\/strong>If you leave a comment, the comment and its metadata are retained indefinitely. This is so we can recognize and approve any follow-up comments automatically instead of holding them in a moderation queue.<\/p>\r\n<!-- \/wp:paragraph --><!-- wp:paragraph -->\r\n<p>For users that register on our website (if any), we also store the personal information they provide in their user profile. All users can see, edit, or delete their personal information at any time (except they cannot change their username). Website administrators can also see and edit that information.<\/p>\r\n<!-- \/wp:paragraph --><!-- wp:heading -->\r\n<h2>What rights you have over your data<\/h2>\r\n<!-- \/wp:heading --><!-- wp:paragraph -->\r\n<p><strong class=\"privacy-policy-tutorial\">Suggested text: <\/strong>If you have an account on this site, or have left comments, you can request to receive an exported file of the personal data we hold about you, including any data you have provided to us. You can also request that we erase any personal data we hold about you. This does not include any data we are obliged to keep for administrative, legal, or security purposes.<\/p>\r\n<!-- \/wp:paragraph --><!-- wp:heading -->\r\n<h2>Where we send your data<\/h2>\r\n<!-- \/wp:heading --><!-- wp:paragraph -->\r\n<p><strong class=\"privacy-policy-tutorial\">Suggested text: <\/strong>Visitor comments may be checked through an automated spam detection service.<\/p>\r\n<!-- \/wp:paragraph -->","_et_gb_content_width":"","footnotes":""},"class_list":["post-1154","page","type-page","status-publish","hentry"],"yoast_head":"<!-- This site is optimized with the Yoast SEO plugin v25.5 - https:\/\/yoast.com\/wordpress\/plugins\/seo\/ -->\n<title>Cookie-Richtlinie - KGLOB IMPORT Seja importador \/ distribuidor<\/title>\n<meta name=\"robots\" content=\"index, nofollow, max-snippet:-1, max-image-preview:large, max-video-preview:-1\" \/>\n<link rel=\"canonical\" href=\"https:\/\/kglobimport.com\/de\/politica-de-cookies\/\" \/>\n<meta property=\"og:locale\" content=\"de_DE\" \/>\n<meta property=\"og:type\" content=\"article\" \/>\n<meta property=\"og:title\" content=\"Cookie-Richtlinie - KGLOB IMPORT Seja importador \/ distribuidor\" \/>\n<meta property=\"og:description\" content=\"Diese Cookie-Richtlinie wurde zuletzt im Juli 2025 aktualisiert und gilt f\u00fcr die Website kglobimport.com\u00a0(nachfolgend \u201edie Website\u201c). Diese Website verwendet Cookies und andere verwandte Technologien (der Einfachheit halber werden alle Technologien als \u201eCookies\u201c bezeichnet), die von uns beauftragten Dritten eingesetzt werden. Im Folgenden informieren wir Sie \u00fcber die Verwendung von Cookies auf unserer Website. Informationen zu [&hellip;]\" \/>\n<meta property=\"og:url\" content=\"https:\/\/kglobimport.com\/de\/politica-de-cookies\/\" \/>\n<meta property=\"og:site_name\" content=\"KGLOB IMPORT Seja importador \/ distribuidor\" \/>\n<meta property=\"article:publisher\" content=\"https:\/\/www.facebook.com\/KGLOB-2054932881486148\/\" \/>\n<meta property=\"article:modified_time\" content=\"2025-07-27T23:21:58+00:00\" \/>\n<meta name=\"twitter:card\" content=\"summary_large_image\" \/>\n<meta name=\"twitter:label1\" content=\"Gesch\u00e4tzte Lesezeit\" \/>\n\t<meta name=\"twitter:data1\" content=\"4\u00a0Minuten\" \/>\n<script type=\"application\/ld+json\" class=\"yoast-schema-graph\">{\"@context\":\"https:\/\/schema.org\",\"@graph\":[{\"@type\":\"WebPage\",\"@id\":\"https:\/\/kglobimport.com\/de\/politica-de-cookies\/\",\"url\":\"https:\/\/kglobimport.com\/de\/politica-de-cookies\/\",\"name\":\"Cookie-Richtlinie - KGLOB IMPORT Seja importador \/ distribuidor\",\"isPartOf\":{\"@id\":\"https:\/\/kglobimport.com\/de\/#website\"},\"datePublished\":\"2025-07-27T23:11:56+00:00\",\"dateModified\":\"2025-07-27T23:21:58+00:00\",\"breadcrumb\":{\"@id\":\"https:\/\/kglobimport.com\/de\/politica-de-cookies\/#breadcrumb\"},\"inLanguage\":\"de\",\"potentialAction\":[{\"@type\":\"ReadAction\",\"target\":[\"https:\/\/kglobimport.com\/de\/politica-de-cookies\/\"]}]},{\"@type\":\"BreadcrumbList\",\"@id\":\"https:\/\/kglobimport.com\/de\/politica-de-cookies\/#breadcrumb\",\"itemListElement\":[{\"@type\":\"ListItem\",\"position\":1,\"name\":\"In\u00edcio\",\"item\":\"https:\/\/kglobimport.com\/de\/\"},{\"@type\":\"ListItem\",\"position\":2,\"name\":\"Cookie-Richtlinie\"}]},{\"@type\":\"WebSite\",\"@id\":\"https:\/\/kglobimport.com\/de\/#website\",\"url\":\"https:\/\/kglobimport.com\/de\/\",\"name\":\"KGLOB - PRODUTOS GOURMET\",\"description\":\"Seja importador \/ distribuidor das nossas marcas pr\u00f3prias, com exclusividade na sua regi\u00e3o. Vinhos, espumantes, bebidas espirituosas e tamb\u00e9m bebidas em lata.\",\"potentialAction\":[{\"@type\":\"SearchAction\",\"target\":{\"@type\":\"EntryPoint\",\"urlTemplate\":\"https:\/\/kglobimport.com\/de\/?s={search_term_string}\"},\"query-input\":{\"@type\":\"PropertyValueSpecification\",\"valueRequired\":true,\"valueName\":\"search_term_string\"}}],\"inLanguage\":\"de\"}]}<\/script>\n<!-- \/ Yoast SEO plugin. -->","yoast_head_json":{"title":"Cookie-Richtlinie - KGLOB IMPORT Seja importador \/ distribuidor","robots":{"index":"index","follow":"nofollow","max-snippet":"max-snippet:-1","max-image-preview":"max-image-preview:large","max-video-preview":"max-video-preview:-1"},"canonical":"https:\/\/kglobimport.com\/de\/politica-de-cookies\/","og_locale":"de_DE","og_type":"article","og_title":"Cookie-Richtlinie - KGLOB IMPORT Seja importador \/ distribuidor","og_description":"Diese Cookie-Richtlinie wurde zuletzt im Juli 2025 aktualisiert und gilt f\u00fcr die Website kglobimport.com\u00a0(nachfolgend \u201edie Website\u201c). Diese Website verwendet Cookies und andere verwandte Technologien (der Einfachheit halber werden alle Technologien als \u201eCookies\u201c bezeichnet), die von uns beauftragten Dritten eingesetzt werden. Im Folgenden informieren wir Sie \u00fcber die Verwendung von Cookies auf unserer Website. Informationen zu [&hellip;]","og_url":"https:\/\/kglobimport.com\/de\/politica-de-cookies\/","og_site_name":"KGLOB IMPORT Seja importador \/ distribuidor","article_publisher":"https:\/\/www.facebook.com\/KGLOB-2054932881486148\/","article_modified_time":"2025-07-27T23:21:58+00:00","twitter_card":"summary_large_image","twitter_misc":{"Gesch\u00e4tzte Lesezeit":"4\u00a0Minuten"},"schema":{"@context":"https:\/\/schema.org","@graph":[{"@type":"WebPage","@id":"https:\/\/kglobimport.com\/de\/politica-de-cookies\/","url":"https:\/\/kglobimport.com\/de\/politica-de-cookies\/","name":"Cookie-Richtlinie - KGLOB IMPORT Seja importador \/ distribuidor","isPartOf":{"@id":"https:\/\/kglobimport.com\/de\/#website"},"datePublished":"2025-07-27T23:11:56+00:00","dateModified":"2025-07-27T23:21:58+00:00","breadcrumb":{"@id":"https:\/\/kglobimport.com\/de\/politica-de-cookies\/#breadcrumb"},"inLanguage":"de","potentialAction":[{"@type":"ReadAction","target":["https:\/\/kglobimport.com\/de\/politica-de-cookies\/"]}]},{"@type":"BreadcrumbList","@id":"https:\/\/kglobimport.com\/de\/politica-de-cookies\/#breadcrumb","itemListElement":[{"@type":"ListItem","position":1,"name":"In\u00edcio","item":"https:\/\/kglobimport.com\/de\/"},{"@type":"ListItem","position":2,"name":"Cookie-Richtlinie"}]},{"@type":"WebSite","@id":"https:\/\/kglobimport.com\/de\/#website","url":"https:\/\/kglobimport.com\/de\/","name":"KGLOB - PRODUTOS GOURMET","description":"Seja importador \/ distribuidor das nossas marcas pr\u00f3prias, com exclusividade na sua regi\u00e3o. Vinhos, espumantes, bebidas espirituosas e tamb\u00e9m bebidas em lata.","potentialAction":[{"@type":"SearchAction","target":{"@type":"EntryPoint","urlTemplate":"https:\/\/kglobimport.com\/de\/?s={search_term_string}"},"query-input":{"@type":"PropertyValueSpecification","valueRequired":true,"valueName":"search_term_string"}}],"inLanguage":"de"}]}},"_links":{"self":[{"href":"https:\/\/kglobimport.com\/de\/wp-json\/wp\/v2\/pages\/1154","targetHints":{"allow":["GET"]}}],"collection":[{"href":"https:\/\/kglobimport.com\/de\/wp-json\/wp\/v2\/pages"}],"about":[{"href":"https:\/\/kglobimport.com\/de\/wp-json\/wp\/v2\/types\/page"}],"author":[{"embeddable":true,"href":"https:\/\/kglobimport.com\/de\/wp-json\/wp\/v2\/users\/1"}],"replies":[{"embeddable":true,"href":"https:\/\/kglobimport.com\/de\/wp-json\/wp\/v2\/comments?post=1154"}],"version-history":[{"count":2,"href":"https:\/\/kglobimport.com\/de\/wp-json\/wp\/v2\/pages\/1154\/revisions"}],"predecessor-version":[{"id":1157,"href":"https:\/\/kglobimport.com\/de\/wp-json\/wp\/v2\/pages\/1154\/revisions\/1157"}],"wp:attachment":[{"href":"https:\/\/kglobimport.com\/de\/wp-json\/wp\/v2\/media?parent=1154"}],"curies":[{"name":"wp","href":"https:\/\/api.w.org\/{rel}","templated":true}]}}