{"id":852,"date":"2021-11-18T13:37:52","date_gmt":"2021-11-18T13:37:52","guid":{"rendered":"https:\/\/kglobimport.com\/politica-de-privacidade\/"},"modified":"2025-07-27T23:22:48","modified_gmt":"2025-07-27T23:22:48","slug":"politica-de-privacidade","status":"publish","type":"page","link":"https:\/\/kglobimport.com\/de\/politica-de-privacidade\/","title":{"rendered":"Datenschutzrichtlinie"},"content":{"rendered":"<p>[et_pb_section fb_built=&#8220;1&#8243; fullwidth=&#8220;on&#8220; _builder_version=&#8220;4.16&#8243; custom_margin=&#8220;||0px||false|false&#8220; custom_padding=&#8220;0px|4px|0px||false|false&#8220; global_colors_info=&#8220;{}&#8220;][et_pb_fullwidth_post_title meta=&#8220;off&#8220; featured_image=&#8220;off&#8220; _builder_version=&#8220;4.16&#8243; title_level=&#8220;h2&#8243; title_font=&#8220;Lato|700|||||||&#8220; title_text_align=&#8220;center&#8220; title_text_color=&#8220;#FFFFFF&#8220; title_font_size=&#8220;50px&#8220; background_color=&#8220;#000000&#8243; vertical_offset_tablet=&#8220;0&#8243; horizontal_offset_tablet=&#8220;0&#8243; custom_padding=&#8220;||75px|||&#8220; z_index_tablet=&#8220;0&#8243; title_text_shadow_horizontal_length_tablet=&#8220;0px&#8220; title_text_shadow_vertical_length_tablet=&#8220;0px&#8220; title_text_shadow_blur_strength_tablet=&#8220;1px&#8220; meta_text_shadow_horizontal_length_tablet=&#8220;0px&#8220; meta_text_shadow_vertical_length_tablet=&#8220;0px&#8220; meta_text_shadow_blur_strength_tablet=&#8220;1px&#8220; box_shadow_horizontal_tablet=&#8220;0px&#8220; box_shadow_vertical_tablet=&#8220;0px&#8220; box_shadow_blur_tablet=&#8220;40px&#8220; box_shadow_spread_tablet=&#8220;0px&#8220; text_shadow_horizontal_length_tablet=&#8220;0px&#8220; text_shadow_vertical_length_tablet=&#8220;0px&#8220; text_shadow_blur_strength_tablet=&#8220;1px&#8220; global_colors_info=&#8220;{}&#8220;][\/et_pb_fullwidth_post_title][\/et_pb_section][et_pb_section fb_built=&#8220;1&#8243; _builder_version=&#8220;4.16&#8243; custom_margin=&#8220;0px|||||&#8220; global_colors_info=&#8220;{}&#8220;][et_pb_row _builder_version=&#8220;4.16&#8243; background_size=&#8220;initial&#8220; background_position=&#8220;top_left&#8220; background_repeat=&#8220;repeat&#8220; max_width=&#8220;100%&#8220; global_colors_info=&#8220;{}&#8220;][et_pb_column type=&#8220;4_4&#8243; _builder_version=&#8220;4.16&#8243; custom_padding=&#8220;|||&#8220; global_colors_info=&#8220;{}&#8220; custom_padding__hover=&#8220;|||&#8220;][et_pb_text _builder_version=&#8220;4.27.4&#8243; link_text_color=&#8220;#000000&#8243; background_size=&#8220;initial&#8220; background_position=&#8220;top_left&#8220; background_repeat=&#8220;repeat&#8220; hover_enabled=&#8220;0&#8243; global_colors_info=&#8220;{}&#8220; sticky_enabled=&#8220;0&#8243;]<\/p>\n<p>Ziel ist es, die Nutzer der Website<a href=\"https:\/\/kglobimport.com\/de\/\"><span> kglobimport.com\/de\/<\/span><\/a><span>\u00a0<\/span>\u00fcber die allgemeinen Regeln f\u00fcr die Verarbeitung personenbezogener Daten zu informieren. Diese Daten werden unter strikter Einhaltung der geltenden Datenschutzgesetze erhoben und verarbeitet.<\/p>\n<p>Wir verpflichten uns zum Schutz und zur Wahrung der Vertraulichkeit personenbezogener Daten und haben die von uns als angemessen erachteten Ma\u00dfnahmen ergriffen, um die Richtigkeit, Integrit\u00e4t und Vertraulichkeit personenbezogener Daten sowie alle weiteren Rechte der betroffenen Personen zu gew\u00e4hrleisten.<\/p>\n<p>Diese Datenschutzerkl\u00e4rung wurde zuletzt im Juli 2025 aktualisiert.<\/p>\n<p>In dieser Datenschutzerkl\u00e4rung erl\u00e4utern wir, was wir mit den \u00fcber diese Website erhobenen Daten tun. Wir empfehlen Ihnen, diese Erkl\u00e4rung sorgf\u00e4ltig zu lesen.<\/p>\n<p>Wir erf\u00fcllen die Anforderungen der Datenschutzgesetze:<\/p>\n<ol>\n<li>Wir geben die Zwecke bekannt, f\u00fcr die wir personenbezogene Daten verarbeiten. Dies tun wir mit dieser Datenschutzerkl\u00e4rung.<\/li>\n<li>Wir sind bestrebt, die Erhebung personenbezogener Daten auf die f\u00fcr legitime Zwecke erforderlichen Daten zu beschr\u00e4nken.<\/li>\n<li>Wir holen Ihre ausdr\u00fcckliche Einwilligung zur Verarbeitung Ihrer personenbezogenen Daten ein, wenn diese erforderlich ist.<\/li>\n<li>Wir ergreifen angemessene Sicherheitsma\u00dfnahmen zum Schutz Ihrer personenbezogenen Daten und verlangen dies auch von Parteien, die personenbezogene Daten in unserem Auftrag verarbeiten.<\/li>\n<li>Wir respektieren Ihr Recht auf Auskunft, Berichtigung oder L\u00f6schung Ihrer personenbezogenen Daten.<\/li>\n<\/ol>\n<p><strong>Allgemeine Grunds\u00e4tze<\/strong><\/p>\n<p>Wir verpflichten uns sicherzustellen, dass personenbezogene Daten:<\/p>\n<ol>\n<li>rechtm\u00e4\u00dfig, fair und transparent gegen\u00fcber den betroffenen Personen verarbeitet, f\u00fcr festgelegte, eindeutige und legitime Zwecke erhoben und nicht in einer Weise weiterverarbeitet werden, die mit den Zwecken ihrer Verarbeitung unvereinbar ist;<\/li>\n<li>in einer Form gespeichert werden, die die Identifizierung der betroffenen Personen nur f\u00fcr den f\u00fcr die Zwecke ihrer Verarbeitung erforderlichen Zeitraum erm\u00f6glicht;<\/li>\n<li>so verarbeitet werden, dass ihre Sicherheit gew\u00e4hrleistet ist, einschlie\u00dflich des Schutzes vor unbefugter oder unrechtm\u00e4\u00dfiger Verarbeitung sowie vor Verlust, Zerst\u00f6rung oder unvorhergesehenen Sch\u00e4den, wobei geeignete technische und organisatorische Ma\u00dfnahmen getroffen werden.<\/li>\n<\/ol>\n<p><strong>Zwecke der Erhebung personenbezogener Daten<\/strong><\/p>\n<p>Wir k\u00f6nnen personenbezogene Daten f\u00fcr verschiedene Zwecke im Zusammenhang mit unserer Gesch\u00e4ftst\u00e4tigkeit erheben oder erhalten, z. B. f\u00fcr die Kontaktaufnahme per Telefon, Post, E-Mail und\/oder \u00fcber Webformulare.<\/p>\n<p>Wir verwenden folgende Daten: Name, Website, Adresse, Steuernummer, E-Mail-Adresse und Telefonnummer.<\/p>\n<p>Wir verarbeiten diese Daten auf Grundlage folgender Rechtsgrundlagen:<\/p>\n<ol>\n<li>Zur Erf\u00fcllung gesetzlicher oder vertraglicher Verpflichtungen, beispielsweise bei der Bereitstellung einer unserer Dienstleistungen;<\/li>\n<li>Um Ihnen unseren Newsletter-Service ausschlie\u00dflich auf Anfrage (Name und E-Mail-Adresse) bereitzustellen;<\/li>\n<li>Bei der Nutzung des Kontaktformulars dienen die hier erhobenen Daten ausschlie\u00dflich dazu, die vom Kunden gew\u00fcnschten Informationen zu liefern, seine Bestellungen zu bearbeiten und die Qualit\u00e4t der erbrachten Dienstleistungen zu kontrollieren (Name, E-Mail-Adresse, Telefonnummer);<\/li>\n<\/ol>\n<p><strong>Aufbewahrungsdauer personenbezogener Daten<\/strong><\/p>\n<p>Wir speichern personenbezogene Daten nur so lange, wie es f\u00fcr die jeweiligen Zwecke, f\u00fcr die sie erhoben wurden, erforderlich ist. Aus rechtlichen Gr\u00fcnden kann es jedoch erforderlich sein, bestimmte personenbezogene Daten l\u00e4nger zu speichern.<\/p>\n<p>W\u00e4hrend der Verarbeitung personenbezogener Daten stellen wir sicher, dass diese gem\u00e4\u00df dieser Datenschutzerkl\u00e4rung behandelt werden. Sobald die Daten nicht mehr ben\u00f6tigt werden, werden sie sicher gel\u00f6scht.<\/p>\n<p>Der Widerruf einer Einwilligung hat keinen Einfluss auf die bis dahin auf Grundlage der zuvor erteilten Einwilligung erfolgte Verarbeitung.<\/p>\n<p><strong>Ihre Rechte<\/strong><\/p>\n<p>Sie haben folgende Rechte:<\/p>\n<ol>\n<li>Informiert zu werden<\/li>\n<li>Auf Ihre Daten zuzugreifen, sie zu berichtigen, einzuschr\u00e4nken und zu l\u00f6schen<\/li>\n<li>Auf Daten\u00fcbertragbarkeit<\/li>\n<li>Einspruch gegen Ihre Daten zu erheben<\/li>\n<li>Beschwerde bei den zust\u00e4ndigen Beh\u00f6rden einzulegen<\/li>\n<\/ol>\n<p><strong>Offenlegungspraktiken<\/strong><\/p>\n<p>Hier finden Sie Informationen zu unseren Offenlegungspraktiken:<\/p>\n<ol>\n<li>Wir geben personenbezogene Daten weiter, wenn wir gesetzlich oder per Gerichtsbeschluss dazu verpflichtet sind.<\/li>\n<li>Sollte unsere Website oder unser Unternehmen erworben, verkauft oder an einer Fusion oder \u00dcbernahme beteiligt sein, k\u00f6nnen Ihre Daten an unsere Berater und potenzielle K\u00e4ufer weitergegeben und an die neuen Eigent\u00fcmer weitergegeben werden.<\/li>\n<li>Wir haben eine Auftragsverarbeitungsvereinbarung mit Google abgeschlossen, Google darf die Daten jedoch nicht f\u00fcr andere Google-Dienste verwenden.<\/li>\n<li>Wir blockieren die Angabe vollst\u00e4ndiger IP-Adressen.<\/li>\n<\/ol>\n<p><strong>Sicherheit<\/strong><\/p>\n<p>Die Sicherheit Ihrer personenbezogenen Daten ist uns ein wichtiges Anliegen. Wir ergreifen geeignete Sicherheitsma\u00dfnahmen, um Missbrauch und unbefugten Zugriff auf Ihre personenbezogenen Daten zu verhindern.<\/p>\n<p><strong>Websites Dritter<\/strong><\/p>\n<p>Diese Datenschutzerkl\u00e4rung gilt nicht f\u00fcr Websites Dritter, auf die von unserer Website aus verlinkt wird. Wir k\u00f6nnen nicht garantieren, dass diese Dritten Ihre personenbezogenen Daten zuverl\u00e4ssig und sicher verarbeiten. Wir empfehlen Ihnen, die Datenschutzerkl\u00e4rungen dieser Websites vor der Nutzung zu lesen.<\/p>\n<p><strong>\u00c4nderungen dieser Datenschutzerkl\u00e4rung<\/strong><\/p>\n<p>Wir behalten uns das Recht vor, diese Datenschutzerkl\u00e4rung zu \u00e4ndern. Wir empfehlen Ihnen, diese Datenschutzerkl\u00e4rung regelm\u00e4\u00dfig zu lesen, um \u00fcber \u00c4nderungen informiert zu sein. Dar\u00fcber hinaus informieren wir Sie, wann immer m\u00f6glich, aktiv dar\u00fcber.<\/p>\n<p><strong>Cookies<\/strong><\/p>\n<p>Unsere Website verwendet Cookies. Weitere Informationen zu Cookies finden Sie in unserer<a href=\"https:\/\/kglobimport.com\/de\/politica-de-cookies\/\" target=\"_blank\" rel=\"noopener\"><span>\u00a0<\/span>Cookie-Richtlinie<\/a>.<\/p>\n<p><strong>Kontaktdaten<\/strong><\/p>\n<p>Firmenname: <span>Kl Force, Lda<\/span><\/p>\n<p>Steuernummer: <span>506744680<\/span><\/p>\n<p>Adresse: <span>Alameda da Beloura, Edif\u00edcio N\u00ba 4 \u2013 Esc: 2.6, Quinta da Beloura\u00a0<\/span><\/p>\n<p>CEP: <span>2710-693 Sintra<\/span><\/p>\n<p>E-Mail: <a href=\"mailto:info@kglobimport.com\">geral@klforce.com<\/a><\/p>\n<p>[\/et_pb_text][\/et_pb_column][\/et_pb_row][\/et_pb_section]<\/p>\n","protected":false},"excerpt":{"rendered":"<p>Ziel ist es, die Nutzer der Website kglobimport.com\/de\/\u00a0\u00fcber die allgemeinen Regeln f\u00fcr die Verarbeitung personenbezogener Daten zu informieren. Diese Daten werden unter strikter Einhaltung der geltenden Datenschutzgesetze erhoben und verarbeitet. Wir verpflichten uns zum Schutz und zur Wahrung der Vertraulichkeit personenbezogener Daten und haben die von uns als angemessen erachteten Ma\u00dfnahmen ergriffen, um die Richtigkeit, [&hellip;]<\/p>\n","protected":false},"author":1,"featured_media":0,"parent":0,"menu_order":0,"comment_status":"closed","ping_status":"closed","template":"","meta":{"_et_pb_use_builder":"on","_et_pb_old_content":"<!-- wp:heading -->\r\n<h2>Who we are<\/h2>\r\n<!-- \/wp:heading --><!-- wp:paragraph -->\r\n<p><strong class=\"privacy-policy-tutorial\">Suggested text: <\/strong>Our website address is: https:\/\/kglobimport.com.<\/p>\r\n<!-- \/wp:paragraph --><!-- wp:heading -->\r\n<h2>Comments<\/h2>\r\n<!-- \/wp:heading --><!-- wp:paragraph -->\r\n<p><strong class=\"privacy-policy-tutorial\">Suggested text: <\/strong>When visitors leave comments on the site we collect the data shown in the comments form, and also the visitor\u2019s IP address and browser user agent string to help spam detection.<\/p>\r\n<!-- \/wp:paragraph --><!-- wp:paragraph -->\r\n<p>An anonymized string created from your email address (also called a hash) may be provided to the Gravatar service to see if you are using it. The Gravatar service privacy policy is available here: https:\/\/automattic.com\/privacy\/. After approval of your comment, your profile picture is visible to the public in the context of your comment.<\/p>\r\n<!-- \/wp:paragraph --><!-- wp:heading -->\r\n<h2>Media<\/h2>\r\n<!-- \/wp:heading --><!-- wp:paragraph -->\r\n<p><strong class=\"privacy-policy-tutorial\">Suggested text: <\/strong>If you upload images to the website, you should avoid uploading images with embedded location data (EXIF GPS) included. Visitors to the website can download and extract any location data from images on the website.<\/p>\r\n<!-- \/wp:paragraph --><!-- wp:heading -->\r\n<h2>Cookies<\/h2>\r\n<!-- \/wp:heading --><!-- wp:paragraph -->\r\n<p><strong class=\"privacy-policy-tutorial\">Suggested text: <\/strong>If you leave a comment on our site you may opt-in to saving your name, email address and website in cookies. These are for your convenience so that you do not have to fill in your details again when you leave another comment. These cookies will last for one year.<\/p>\r\n<!-- \/wp:paragraph --><!-- wp:paragraph -->\r\n<p>If you visit our login page, we will set a temporary cookie to determine if your browser accepts cookies. This cookie contains no personal data and is discarded when you close your browser.<\/p>\r\n<!-- \/wp:paragraph --><!-- wp:paragraph -->\r\n<p>When you log in, we will also set up several cookies to save your login information and your screen display choices. Login cookies last for two days, and screen options cookies last for a year. If you select \"Remember Me\", your login will persist for two weeks. If you log out of your account, the login cookies will be removed.<\/p>\r\n<!-- \/wp:paragraph --><!-- wp:paragraph -->\r\n<p>If you edit or publish an article, an additional cookie will be saved in your browser. This cookie includes no personal data and simply indicates the post ID of the article you just edited. It expires after 1 day.<\/p>\r\n<!-- \/wp:paragraph --><!-- wp:heading -->\r\n<h2>Embedded content from other websites<\/h2>\r\n<!-- \/wp:heading --><!-- wp:paragraph -->\r\n<p><strong class=\"privacy-policy-tutorial\">Suggested text: <\/strong>Articles on this site may include embedded content (e.g. videos, images, articles, etc.). Embedded content from other websites behaves in the exact same way as if the visitor has visited the other website.<\/p>\r\n<!-- \/wp:paragraph --><!-- wp:paragraph -->\r\n<p>These websites may collect data about you, use cookies, embed additional third-party tracking, and monitor your interaction with that embedded content, including tracking your interaction with the embedded content if you have an account and are logged in to that website.<\/p>\r\n<!-- \/wp:paragraph --><!-- wp:heading -->\r\n<h2>Who we share your data with<\/h2>\r\n<!-- \/wp:heading --><!-- wp:paragraph -->\r\n<p><strong class=\"privacy-policy-tutorial\">Suggested text: <\/strong>If you request a password reset, your IP address will be included in the reset email.<\/p>\r\n<!-- \/wp:paragraph --><!-- wp:heading -->\r\n<h2>How long we retain your data<\/h2>\r\n<!-- \/wp:heading --><!-- wp:paragraph -->\r\n<p><strong class=\"privacy-policy-tutorial\">Suggested text: <\/strong>If you leave a comment, the comment and its metadata are retained indefinitely. This is so we can recognize and approve any follow-up comments automatically instead of holding them in a moderation queue.<\/p>\r\n<!-- \/wp:paragraph --><!-- wp:paragraph -->\r\n<p>For users that register on our website (if any), we also store the personal information they provide in their user profile. All users can see, edit, or delete their personal information at any time (except they cannot change their username). Website administrators can also see and edit that information.<\/p>\r\n<!-- \/wp:paragraph --><!-- wp:heading -->\r\n<h2>What rights you have over your data<\/h2>\r\n<!-- \/wp:heading --><!-- wp:paragraph -->\r\n<p><strong class=\"privacy-policy-tutorial\">Suggested text: <\/strong>If you have an account on this site, or have left comments, you can request to receive an exported file of the personal data we hold about you, including any data you have provided to us. You can also request that we erase any personal data we hold about you. This does not include any data we are obliged to keep for administrative, legal, or security purposes.<\/p>\r\n<!-- \/wp:paragraph --><!-- wp:heading -->\r\n<h2>Where we send your data<\/h2>\r\n<!-- \/wp:heading --><!-- wp:paragraph -->\r\n<p><strong class=\"privacy-policy-tutorial\">Suggested text: <\/strong>Visitor comments may be checked through an automated spam detection service.<\/p>\r\n<!-- \/wp:paragraph -->","_et_gb_content_width":"","footnotes":""},"class_list":["post-852","page","type-page","status-publish","hentry"],"yoast_head":"<!-- This site is optimized with the Yoast SEO plugin v25.5 - https:\/\/yoast.com\/wordpress\/plugins\/seo\/ -->\n<title>Datenschutzrichtlinie - KGLOB IMPORT Seja importador \/ distribuidor<\/title>\n<meta name=\"robots\" content=\"index, nofollow, max-snippet:-1, max-image-preview:large, max-video-preview:-1\" \/>\n<link rel=\"canonical\" href=\"https:\/\/kglobimport.com\/de\/politica-de-privacidade\/\" \/>\n<meta property=\"og:locale\" content=\"de_DE\" \/>\n<meta property=\"og:type\" content=\"article\" \/>\n<meta property=\"og:title\" content=\"Datenschutzrichtlinie - KGLOB IMPORT Seja importador \/ distribuidor\" \/>\n<meta property=\"og:description\" content=\"Ziel ist es, die Nutzer der Website kglobimport.com\/de\/\u00a0\u00fcber die allgemeinen Regeln f\u00fcr die Verarbeitung personenbezogener Daten zu informieren. Diese Daten werden unter strikter Einhaltung der geltenden Datenschutzgesetze erhoben und verarbeitet. Wir verpflichten uns zum Schutz und zur Wahrung der Vertraulichkeit personenbezogener Daten und haben die von uns als angemessen erachteten Ma\u00dfnahmen ergriffen, um die Richtigkeit, [&hellip;]\" \/>\n<meta property=\"og:url\" content=\"https:\/\/kglobimport.com\/de\/politica-de-privacidade\/\" \/>\n<meta property=\"og:site_name\" content=\"KGLOB IMPORT Seja importador \/ distribuidor\" \/>\n<meta property=\"article:publisher\" content=\"https:\/\/www.facebook.com\/KGLOB-2054932881486148\/\" \/>\n<meta property=\"article:modified_time\" content=\"2025-07-27T23:22:48+00:00\" \/>\n<meta name=\"twitter:card\" content=\"summary_large_image\" \/>\n<meta name=\"twitter:label1\" content=\"Gesch\u00e4tzte Lesezeit\" \/>\n\t<meta name=\"twitter:data1\" content=\"10\u00a0Minuten\" \/>\n<script type=\"application\/ld+json\" class=\"yoast-schema-graph\">{\"@context\":\"https:\/\/schema.org\",\"@graph\":[{\"@type\":\"WebPage\",\"@id\":\"https:\/\/kglobimport.com\/de\/politica-de-privacidade\/\",\"url\":\"https:\/\/kglobimport.com\/de\/politica-de-privacidade\/\",\"name\":\"Datenschutzrichtlinie - KGLOB IMPORT Seja importador \/ distribuidor\",\"isPartOf\":{\"@id\":\"https:\/\/kglobimport.com\/de\/#website\"},\"datePublished\":\"2021-11-18T13:37:52+00:00\",\"dateModified\":\"2025-07-27T23:22:48+00:00\",\"breadcrumb\":{\"@id\":\"https:\/\/kglobimport.com\/de\/politica-de-privacidade\/#breadcrumb\"},\"inLanguage\":\"de\",\"potentialAction\":[{\"@type\":\"ReadAction\",\"target\":[\"https:\/\/kglobimport.com\/de\/politica-de-privacidade\/\"]}]},{\"@type\":\"BreadcrumbList\",\"@id\":\"https:\/\/kglobimport.com\/de\/politica-de-privacidade\/#breadcrumb\",\"itemListElement\":[{\"@type\":\"ListItem\",\"position\":1,\"name\":\"In\u00edcio\",\"item\":\"https:\/\/kglobimport.com\/de\/\"},{\"@type\":\"ListItem\",\"position\":2,\"name\":\"Datenschutzrichtlinie\"}]},{\"@type\":\"WebSite\",\"@id\":\"https:\/\/kglobimport.com\/de\/#website\",\"url\":\"https:\/\/kglobimport.com\/de\/\",\"name\":\"KGLOB - PRODUTOS GOURMET\",\"description\":\"Seja importador \/ distribuidor das nossas marcas pr\u00f3prias, com exclusividade na sua regi\u00e3o. Vinhos, espumantes, bebidas espirituosas e tamb\u00e9m bebidas em lata.\",\"potentialAction\":[{\"@type\":\"SearchAction\",\"target\":{\"@type\":\"EntryPoint\",\"urlTemplate\":\"https:\/\/kglobimport.com\/de\/?s={search_term_string}\"},\"query-input\":{\"@type\":\"PropertyValueSpecification\",\"valueRequired\":true,\"valueName\":\"search_term_string\"}}],\"inLanguage\":\"de\"}]}<\/script>\n<!-- \/ Yoast SEO plugin. -->","yoast_head_json":{"title":"Datenschutzrichtlinie - KGLOB IMPORT Seja importador \/ distribuidor","robots":{"index":"index","follow":"nofollow","max-snippet":"max-snippet:-1","max-image-preview":"max-image-preview:large","max-video-preview":"max-video-preview:-1"},"canonical":"https:\/\/kglobimport.com\/de\/politica-de-privacidade\/","og_locale":"de_DE","og_type":"article","og_title":"Datenschutzrichtlinie - KGLOB IMPORT Seja importador \/ distribuidor","og_description":"Ziel ist es, die Nutzer der Website kglobimport.com\/de\/\u00a0\u00fcber die allgemeinen Regeln f\u00fcr die Verarbeitung personenbezogener Daten zu informieren. Diese Daten werden unter strikter Einhaltung der geltenden Datenschutzgesetze erhoben und verarbeitet. Wir verpflichten uns zum Schutz und zur Wahrung der Vertraulichkeit personenbezogener Daten und haben die von uns als angemessen erachteten Ma\u00dfnahmen ergriffen, um die Richtigkeit, [&hellip;]","og_url":"https:\/\/kglobimport.com\/de\/politica-de-privacidade\/","og_site_name":"KGLOB IMPORT Seja importador \/ distribuidor","article_publisher":"https:\/\/www.facebook.com\/KGLOB-2054932881486148\/","article_modified_time":"2025-07-27T23:22:48+00:00","twitter_card":"summary_large_image","twitter_misc":{"Gesch\u00e4tzte Lesezeit":"10\u00a0Minuten"},"schema":{"@context":"https:\/\/schema.org","@graph":[{"@type":"WebPage","@id":"https:\/\/kglobimport.com\/de\/politica-de-privacidade\/","url":"https:\/\/kglobimport.com\/de\/politica-de-privacidade\/","name":"Datenschutzrichtlinie - KGLOB IMPORT Seja importador \/ distribuidor","isPartOf":{"@id":"https:\/\/kglobimport.com\/de\/#website"},"datePublished":"2021-11-18T13:37:52+00:00","dateModified":"2025-07-27T23:22:48+00:00","breadcrumb":{"@id":"https:\/\/kglobimport.com\/de\/politica-de-privacidade\/#breadcrumb"},"inLanguage":"de","potentialAction":[{"@type":"ReadAction","target":["https:\/\/kglobimport.com\/de\/politica-de-privacidade\/"]}]},{"@type":"BreadcrumbList","@id":"https:\/\/kglobimport.com\/de\/politica-de-privacidade\/#breadcrumb","itemListElement":[{"@type":"ListItem","position":1,"name":"In\u00edcio","item":"https:\/\/kglobimport.com\/de\/"},{"@type":"ListItem","position":2,"name":"Datenschutzrichtlinie"}]},{"@type":"WebSite","@id":"https:\/\/kglobimport.com\/de\/#website","url":"https:\/\/kglobimport.com\/de\/","name":"KGLOB - PRODUTOS GOURMET","description":"Seja importador \/ distribuidor das nossas marcas pr\u00f3prias, com exclusividade na sua regi\u00e3o. Vinhos, espumantes, bebidas espirituosas e tamb\u00e9m bebidas em lata.","potentialAction":[{"@type":"SearchAction","target":{"@type":"EntryPoint","urlTemplate":"https:\/\/kglobimport.com\/de\/?s={search_term_string}"},"query-input":{"@type":"PropertyValueSpecification","valueRequired":true,"valueName":"search_term_string"}}],"inLanguage":"de"}]}},"_links":{"self":[{"href":"https:\/\/kglobimport.com\/de\/wp-json\/wp\/v2\/pages\/852","targetHints":{"allow":["GET"]}}],"collection":[{"href":"https:\/\/kglobimport.com\/de\/wp-json\/wp\/v2\/pages"}],"about":[{"href":"https:\/\/kglobimport.com\/de\/wp-json\/wp\/v2\/types\/page"}],"author":[{"embeddable":true,"href":"https:\/\/kglobimport.com\/de\/wp-json\/wp\/v2\/users\/1"}],"replies":[{"embeddable":true,"href":"https:\/\/kglobimport.com\/de\/wp-json\/wp\/v2\/comments?post=852"}],"version-history":[{"count":8,"href":"https:\/\/kglobimport.com\/de\/wp-json\/wp\/v2\/pages\/852\/revisions"}],"predecessor-version":[{"id":1158,"href":"https:\/\/kglobimport.com\/de\/wp-json\/wp\/v2\/pages\/852\/revisions\/1158"}],"wp:attachment":[{"href":"https:\/\/kglobimport.com\/de\/wp-json\/wp\/v2\/media?parent=852"}],"curies":[{"name":"wp","href":"https:\/\/api.w.org\/{rel}","templated":true}]}}