{"id":1166,"date":"2025-07-27T23:11:56","date_gmt":"2025-07-27T23:11:56","guid":{"rendered":"https:\/\/kglobimport.com\/politica-de-cookies\/"},"modified":"2025-07-27T23:35:22","modified_gmt":"2025-07-27T23:35:22","slug":"politica-de-cookies","status":"publish","type":"page","link":"https:\/\/kglobimport.com\/es\/politica-de-cookies\/","title":{"rendered":"Pol\u00edtica de Cookies"},"content":{"rendered":"<p>[et_pb_section fb_built=\u00bb1&#8243; fullwidth=\u00bbon\u00bb _builder_version=\u00bb4.16&#8243; custom_margin=\u00bb||0px||false|false\u00bb custom_padding=\u00bb0px|4px|0px||false|false\u00bb global_colors_info=\u00bb{}\u00bb][et_pb_fullwidth_post_title meta=\u00bboff\u00bb featured_image=\u00bboff\u00bb _builder_version=\u00bb4.16&#8243; title_level=\u00bbh2&#8243; title_font=\u00bbLato|700|||||||\u00bb title_text_align=\u00bbcenter\u00bb title_text_color=\u00bb#FFFFFF\u00bb title_font_size=\u00bb50px\u00bb background_color=\u00bb#000000&#8243; vertical_offset_tablet=\u00bb0&#8243; horizontal_offset_tablet=\u00bb0&#8243; custom_padding=\u00bb||75px|||\u00bb z_index_tablet=\u00bb0&#8243; title_text_shadow_horizontal_length_tablet=\u00bb0px\u00bb title_text_shadow_vertical_length_tablet=\u00bb0px\u00bb title_text_shadow_blur_strength_tablet=\u00bb1px\u00bb meta_text_shadow_horizontal_length_tablet=\u00bb0px\u00bb meta_text_shadow_vertical_length_tablet=\u00bb0px\u00bb meta_text_shadow_blur_strength_tablet=\u00bb1px\u00bb box_shadow_horizontal_tablet=\u00bb0px\u00bb box_shadow_vertical_tablet=\u00bb0px\u00bb box_shadow_blur_tablet=\u00bb40px\u00bb box_shadow_spread_tablet=\u00bb0px\u00bb text_shadow_horizontal_length_tablet=\u00bb0px\u00bb text_shadow_vertical_length_tablet=\u00bb0px\u00bb text_shadow_blur_strength_tablet=\u00bb1px\u00bb global_colors_info=\u00bb{}\u00bb][\/et_pb_fullwidth_post_title][\/et_pb_section][et_pb_section fb_built=\u00bb1&#8243; _builder_version=\u00bb4.16&#8243; custom_margin=\u00bb0px|||||\u00bb global_colors_info=\u00bb{}\u00bb][et_pb_row _builder_version=\u00bb4.16&#8243; background_size=\u00bbinitial\u00bb background_position=\u00bbtop_left\u00bb background_repeat=\u00bbrepeat\u00bb max_width=\u00bb100%\u00bb global_colors_info=\u00bb{}\u00bb][et_pb_column type=\u00bb4_4&#8243; _builder_version=\u00bb4.16&#8243; custom_padding=\u00bb|||\u00bb global_colors_info=\u00bb{}\u00bb custom_padding__hover=\u00bb|||\u00bb][et_pb_text _builder_version=\u00bb4.27.4&#8243; link_text_color=\u00bb#000000&#8243; background_size=\u00bbinitial\u00bb background_position=\u00bbtop_left\u00bb background_repeat=\u00bbrepeat\u00bb hover_enabled=\u00bb0&#8243; global_colors_info=\u00bb{}\u00bb sticky_enabled=\u00bb0&#8243;]<\/p>\n<div class=\"et_pb_row et_pb_row_1\">\n<div class=\"et_pb_column et_pb_column_4_4 et_pb_column_1 et_pb_css_mix_blend_mode_passthrough et-last-child\">\n<div class=\"et_pb_module et_pb_text et_pb_text_1 et_pb_text_align_justified et_pb_bg_layout_light\">\n<div class=\"et_pb_text_inner\">\n<p>Esta Pol\u00edtica de Cookies se actualiz\u00f3 por \u00faltima vez en julio de 2025 y se aplica al sitio web<a href=\"https:\/\/kglobimport.com\/es\/\"><span> kglobimport.com<\/span><\/a>, en adelante denominado \u00abel sitio web\u00bb, que utiliza cookies y otras tecnolog\u00edas relacionadas (para mayor comodidad, todas las tecnolog\u00edas se denominan \u00abcookies\u00bb), insertadas por terceros con los que hemos contratado.<\/p>\n<p>A continuaci\u00f3n, le informamos sobre el uso de cookies en nuestro sitio web.<\/p>\n<p><strong>Informaci\u00f3n sobre los conceptos que abarca la Pol\u00edtica de Cookies<\/strong><\/p>\n<p>Cookies: son archivos peque\u00f1os y sencillos que se env\u00edan junto con las p\u00e1ginas de este sitio web y que su navegador almacena en el disco duro de su ordenador u otro dispositivo. La informaci\u00f3n almacenada puede ser enviada de vuelta a nuestros servidores o a los servidores de terceros correspondientes durante una visita posterior.<\/p>\n<p>Scripts: son fragmentos de c\u00f3digo de programa que se utilizan para que nuestro sitio web funcione correctamente y de forma interactiva. Este c\u00f3digo se ejecuta en nuestro servidor o en su dispositivo.<\/p>\n<p>Baliza web (etiqueta de p\u00edxel): un texto o imagen peque\u00f1o e invisible en un sitio web que se utiliza para monitorizar el tr\u00e1fico del mismo. Para ello, se almacenan diversos datos sobre usted mediante balizas web.<\/p>\n<p><strong>Tipos de cookies<\/strong><\/p>\n<p>Cookies necesarias (t\u00e9cnicas o funcionales): Garantizan el correcto funcionamiento de ciertas partes del sitio web y el mantenimiento de sus preferencias de usuario. Al instalar cookies funcionales, le facilitamos la visita a nuestro sitio web. De esta forma, no tendr\u00e1 que introducir repetidamente la misma informaci\u00f3n al visitarlo. Podemos instalar estas cookies sin su consentimiento.<\/p>\n<p>Cookies anal\u00edticas: Se utilizan para optimizar la experiencia del sitio web obteniendo informaci\u00f3n sobre su uso. Solicitamos su consentimiento para instalar este tipo de cookie.<\/p>\n<p>Cookies de preferencias y marketing: Son cookies o cualquier otra forma de almacenamiento local que se utiliza para crear perfiles de usuario con el fin de mostrar publicidad o para rastrear al usuario en este sitio web o en varios sitios web con fines de marketing similares. Solicitamos su consentimiento para instalar este tipo de cookie.<\/p>\n<p><strong>Redes sociales<\/strong><\/p>\n<p>Podemos incluir contenido de Facebook, Instagram y\/o WhatsApp en el sitio web para promocionar p\u00e1ginas web (p. ej., \u00abme gusta\u00bb, \u00abpin\u00bb) o compartir (p. ej., \u00abtuitear\u00bb) en redes sociales como Facebook, Instagram y WhatsApp. Este contenido incorpora c\u00f3digo derivado de Facebook, Instagram y WhatsApp e instala cookies. Este contenido puede almacenar y procesar cierta informaci\u00f3n para publicidad personalizada.<\/p>\n<p>Lea la pol\u00edtica de privacidad de estas redes sociales (que puede cambiar peri\u00f3dicamente) para saber qu\u00e9 hacen con sus datos (personales) que procesan mediante estas cookies. Los datos obtenidos se anonimizan al m\u00e1ximo. Facebook, Instagram y WhatsApp se encuentran en Estados Unidos.<\/p>\n<p><strong>Consentimiento<\/strong><\/p>\n<p>Cuando visite nuestro sitio web por primera vez, le mostraremos una ventana para que acepte el tipo de cookies que utilizamos. Al hacer clic en \u00abGuardar preferencias\u00bb, nos autoriza a utilizar las categor\u00edas de cookies y plugins seleccionados en la ventana, tal como se describe en esta Pol\u00edtica de Cookies. Puede desactivar el uso de cookies a trav\u00e9s de su navegador, pero tenga en cuenta que es posible que nuestro sitio web no funcione correctamente.<\/p>\n<p><strong>Pol\u00edtica de privacidad y protecci\u00f3n de datos personales<\/strong><br \/>Consulte nuestra<span>\u00a0<\/span><a href=\"https:\/\/kglobimport.com\/es\/politica-de-privacidade\/\" target=\"_blank\" rel=\"noopener\">pol\u00edtica de privacidad<\/a><span>\u00a0<\/span>en el sitio web<\/p>\n<p><strong>Informaci\u00f3n de contacto<\/strong><\/p>\n<p>Si tiene alguna pregunta o comentario sobre nuestra Pol\u00edtica de cookies y esta declaraci\u00f3n, p\u00f3ngase en contacto con nosotros a trav\u00e9s de los siguientes datos de contacto:<\/p>\n<p>Raz\u00f3n social:<span>\u00a0<\/span><span>Kl Force, Lda<\/span><\/p>\n<p>N\u00famero fiscal:<span>\u00a0<\/span><span>506744680<\/span><\/p>\n<p>Direcci\u00f3n:<span>\u00a0<\/span><span>Alameda da Beloura, Edif\u00edcio N\u00ba 4 \u2013 Esc: 2.6, Quinta da Beloura\u00a0<\/span><\/p>\n<p>CEP:<span>\u00a0<\/span><span>2710-693 Sintra<\/span><\/p>\n<p>Email:<span>\u00a0<\/span><a href=\"mailto:info@kglobimport.com\">geral@klforce.com<\/a><\/p>\n<\/div>\n<\/div>\n<\/div>\n<\/div>\n<p>[\/et_pb_text][\/et_pb_column][\/et_pb_row][\/et_pb_section]<\/p>\n","protected":false},"excerpt":{"rendered":"<p>Esta Pol\u00edtica de Cookies se actualiz\u00f3 por \u00faltima vez en julio de 2025 y se aplica al sitio web kglobimport.com, en adelante denominado \u00abel sitio web\u00bb, que utiliza cookies y otras tecnolog\u00edas relacionadas (para mayor comodidad, todas las tecnolog\u00edas se denominan \u00abcookies\u00bb), insertadas por terceros con los que hemos contratado. A continuaci\u00f3n, le informamos sobre [&hellip;]<\/p>\n","protected":false},"author":1,"featured_media":0,"parent":0,"menu_order":0,"comment_status":"closed","ping_status":"closed","template":"","meta":{"_et_pb_use_builder":"on","_et_pb_old_content":"<!-- wp:heading -->\r\n<h2>Who we are<\/h2>\r\n<!-- \/wp:heading --><!-- wp:paragraph -->\r\n<p><strong class=\"privacy-policy-tutorial\">Suggested text: <\/strong>Our website address is: https:\/\/kglobimport.com.<\/p>\r\n<!-- \/wp:paragraph --><!-- wp:heading -->\r\n<h2>Comments<\/h2>\r\n<!-- \/wp:heading --><!-- wp:paragraph -->\r\n<p><strong class=\"privacy-policy-tutorial\">Suggested text: <\/strong>When visitors leave comments on the site we collect the data shown in the comments form, and also the visitor\u2019s IP address and browser user agent string to help spam detection.<\/p>\r\n<!-- \/wp:paragraph --><!-- wp:paragraph -->\r\n<p>An anonymized string created from your email address (also called a hash) may be provided to the Gravatar service to see if you are using it. The Gravatar service privacy policy is available here: https:\/\/automattic.com\/privacy\/. After approval of your comment, your profile picture is visible to the public in the context of your comment.<\/p>\r\n<!-- \/wp:paragraph --><!-- wp:heading -->\r\n<h2>Media<\/h2>\r\n<!-- \/wp:heading --><!-- wp:paragraph -->\r\n<p><strong class=\"privacy-policy-tutorial\">Suggested text: <\/strong>If you upload images to the website, you should avoid uploading images with embedded location data (EXIF GPS) included. Visitors to the website can download and extract any location data from images on the website.<\/p>\r\n<!-- \/wp:paragraph --><!-- wp:heading -->\r\n<h2>Cookies<\/h2>\r\n<!-- \/wp:heading --><!-- wp:paragraph -->\r\n<p><strong class=\"privacy-policy-tutorial\">Suggested text: <\/strong>If you leave a comment on our site you may opt-in to saving your name, email address and website in cookies. These are for your convenience so that you do not have to fill in your details again when you leave another comment. These cookies will last for one year.<\/p>\r\n<!-- \/wp:paragraph --><!-- wp:paragraph -->\r\n<p>If you visit our login page, we will set a temporary cookie to determine if your browser accepts cookies. This cookie contains no personal data and is discarded when you close your browser.<\/p>\r\n<!-- \/wp:paragraph --><!-- wp:paragraph -->\r\n<p>When you log in, we will also set up several cookies to save your login information and your screen display choices. Login cookies last for two days, and screen options cookies last for a year. If you select \"Remember Me\", your login will persist for two weeks. If you log out of your account, the login cookies will be removed.<\/p>\r\n<!-- \/wp:paragraph --><!-- wp:paragraph -->\r\n<p>If you edit or publish an article, an additional cookie will be saved in your browser. This cookie includes no personal data and simply indicates the post ID of the article you just edited. It expires after 1 day.<\/p>\r\n<!-- \/wp:paragraph --><!-- wp:heading -->\r\n<h2>Embedded content from other websites<\/h2>\r\n<!-- \/wp:heading --><!-- wp:paragraph -->\r\n<p><strong class=\"privacy-policy-tutorial\">Suggested text: <\/strong>Articles on this site may include embedded content (e.g. videos, images, articles, etc.). Embedded content from other websites behaves in the exact same way as if the visitor has visited the other website.<\/p>\r\n<!-- \/wp:paragraph --><!-- wp:paragraph -->\r\n<p>These websites may collect data about you, use cookies, embed additional third-party tracking, and monitor your interaction with that embedded content, including tracking your interaction with the embedded content if you have an account and are logged in to that website.<\/p>\r\n<!-- \/wp:paragraph --><!-- wp:heading -->\r\n<h2>Who we share your data with<\/h2>\r\n<!-- \/wp:heading --><!-- wp:paragraph -->\r\n<p><strong class=\"privacy-policy-tutorial\">Suggested text: <\/strong>If you request a password reset, your IP address will be included in the reset email.<\/p>\r\n<!-- \/wp:paragraph --><!-- wp:heading -->\r\n<h2>How long we retain your data<\/h2>\r\n<!-- \/wp:heading --><!-- wp:paragraph -->\r\n<p><strong class=\"privacy-policy-tutorial\">Suggested text: <\/strong>If you leave a comment, the comment and its metadata are retained indefinitely. This is so we can recognize and approve any follow-up comments automatically instead of holding them in a moderation queue.<\/p>\r\n<!-- \/wp:paragraph --><!-- wp:paragraph -->\r\n<p>For users that register on our website (if any), we also store the personal information they provide in their user profile. All users can see, edit, or delete their personal information at any time (except they cannot change their username). Website administrators can also see and edit that information.<\/p>\r\n<!-- \/wp:paragraph --><!-- wp:heading -->\r\n<h2>What rights you have over your data<\/h2>\r\n<!-- \/wp:heading --><!-- wp:paragraph -->\r\n<p><strong class=\"privacy-policy-tutorial\">Suggested text: <\/strong>If you have an account on this site, or have left comments, you can request to receive an exported file of the personal data we hold about you, including any data you have provided to us. You can also request that we erase any personal data we hold about you. This does not include any data we are obliged to keep for administrative, legal, or security purposes.<\/p>\r\n<!-- \/wp:paragraph --><!-- wp:heading -->\r\n<h2>Where we send your data<\/h2>\r\n<!-- \/wp:heading --><!-- wp:paragraph -->\r\n<p><strong class=\"privacy-policy-tutorial\">Suggested text: <\/strong>Visitor comments may be checked through an automated spam detection service.<\/p>\r\n<!-- \/wp:paragraph -->","_et_gb_content_width":"","footnotes":""},"class_list":["post-1166","page","type-page","status-publish","hentry"],"yoast_head":"<!-- This site is optimized with the Yoast SEO plugin v25.5 - https:\/\/yoast.com\/wordpress\/plugins\/seo\/ -->\n<title>Pol\u00edtica de Cookies - KGLOB IMPORT Seja importador \/ distribuidor<\/title>\n<meta name=\"robots\" content=\"index, nofollow, max-snippet:-1, max-image-preview:large, max-video-preview:-1\" \/>\n<link rel=\"canonical\" href=\"https:\/\/kglobimport.com\/es\/politica-de-cookies\/\" \/>\n<meta property=\"og:locale\" content=\"es_ES\" \/>\n<meta property=\"og:type\" content=\"article\" \/>\n<meta property=\"og:title\" content=\"Pol\u00edtica de Cookies - KGLOB IMPORT Seja importador \/ distribuidor\" \/>\n<meta property=\"og:description\" content=\"Esta Pol\u00edtica de Cookies se actualiz\u00f3 por \u00faltima vez en julio de 2025 y se aplica al sitio web kglobimport.com, en adelante denominado \u00abel sitio web\u00bb, que utiliza cookies y otras tecnolog\u00edas relacionadas (para mayor comodidad, todas las tecnolog\u00edas se denominan \u00abcookies\u00bb), insertadas por terceros con los que hemos contratado. A continuaci\u00f3n, le informamos sobre [&hellip;]\" \/>\n<meta property=\"og:url\" content=\"https:\/\/kglobimport.com\/es\/politica-de-cookies\/\" \/>\n<meta property=\"og:site_name\" content=\"KGLOB IMPORT Seja importador \/ distribuidor\" \/>\n<meta property=\"article:publisher\" content=\"https:\/\/www.facebook.com\/KGLOB-2054932881486148\/\" \/>\n<meta property=\"article:modified_time\" content=\"2025-07-27T23:35:22+00:00\" \/>\n<meta name=\"twitter:card\" content=\"summary_large_image\" \/>\n<meta name=\"twitter:label1\" content=\"Tiempo de lectura\" \/>\n\t<meta name=\"twitter:data1\" content=\"4 minutos\" \/>\n<script type=\"application\/ld+json\" class=\"yoast-schema-graph\">{\"@context\":\"https:\/\/schema.org\",\"@graph\":[{\"@type\":\"WebPage\",\"@id\":\"https:\/\/kglobimport.com\/es\/politica-de-cookies\/\",\"url\":\"https:\/\/kglobimport.com\/es\/politica-de-cookies\/\",\"name\":\"Pol\u00edtica de Cookies - KGLOB IMPORT Seja importador \/ distribuidor\",\"isPartOf\":{\"@id\":\"https:\/\/kglobimport.com\/es\/#website\"},\"datePublished\":\"2025-07-27T23:11:56+00:00\",\"dateModified\":\"2025-07-27T23:35:22+00:00\",\"breadcrumb\":{\"@id\":\"https:\/\/kglobimport.com\/es\/politica-de-cookies\/#breadcrumb\"},\"inLanguage\":\"es\",\"potentialAction\":[{\"@type\":\"ReadAction\",\"target\":[\"https:\/\/kglobimport.com\/es\/politica-de-cookies\/\"]}]},{\"@type\":\"BreadcrumbList\",\"@id\":\"https:\/\/kglobimport.com\/es\/politica-de-cookies\/#breadcrumb\",\"itemListElement\":[{\"@type\":\"ListItem\",\"position\":1,\"name\":\"In\u00edcio\",\"item\":\"https:\/\/kglobimport.com\/es\/\"},{\"@type\":\"ListItem\",\"position\":2,\"name\":\"Pol\u00edtica de Cookies\"}]},{\"@type\":\"WebSite\",\"@id\":\"https:\/\/kglobimport.com\/es\/#website\",\"url\":\"https:\/\/kglobimport.com\/es\/\",\"name\":\"KGLOB - PRODUTOS GOURMET\",\"description\":\"Seja importador \/ distribuidor das nossas marcas pr\u00f3prias, com exclusividade na sua regi\u00e3o. Vinhos, espumantes, bebidas espirituosas e tamb\u00e9m bebidas em lata.\",\"potentialAction\":[{\"@type\":\"SearchAction\",\"target\":{\"@type\":\"EntryPoint\",\"urlTemplate\":\"https:\/\/kglobimport.com\/es\/?s={search_term_string}\"},\"query-input\":{\"@type\":\"PropertyValueSpecification\",\"valueRequired\":true,\"valueName\":\"search_term_string\"}}],\"inLanguage\":\"es\"}]}<\/script>\n<!-- \/ Yoast SEO plugin. -->","yoast_head_json":{"title":"Pol\u00edtica de Cookies - KGLOB IMPORT Seja importador \/ distribuidor","robots":{"index":"index","follow":"nofollow","max-snippet":"max-snippet:-1","max-image-preview":"max-image-preview:large","max-video-preview":"max-video-preview:-1"},"canonical":"https:\/\/kglobimport.com\/es\/politica-de-cookies\/","og_locale":"es_ES","og_type":"article","og_title":"Pol\u00edtica de Cookies - KGLOB IMPORT Seja importador \/ distribuidor","og_description":"Esta Pol\u00edtica de Cookies se actualiz\u00f3 por \u00faltima vez en julio de 2025 y se aplica al sitio web kglobimport.com, en adelante denominado \u00abel sitio web\u00bb, que utiliza cookies y otras tecnolog\u00edas relacionadas (para mayor comodidad, todas las tecnolog\u00edas se denominan \u00abcookies\u00bb), insertadas por terceros con los que hemos contratado. A continuaci\u00f3n, le informamos sobre [&hellip;]","og_url":"https:\/\/kglobimport.com\/es\/politica-de-cookies\/","og_site_name":"KGLOB IMPORT Seja importador \/ distribuidor","article_publisher":"https:\/\/www.facebook.com\/KGLOB-2054932881486148\/","article_modified_time":"2025-07-27T23:35:22+00:00","twitter_card":"summary_large_image","twitter_misc":{"Tiempo de lectura":"4 minutos"},"schema":{"@context":"https:\/\/schema.org","@graph":[{"@type":"WebPage","@id":"https:\/\/kglobimport.com\/es\/politica-de-cookies\/","url":"https:\/\/kglobimport.com\/es\/politica-de-cookies\/","name":"Pol\u00edtica de Cookies - KGLOB IMPORT Seja importador \/ distribuidor","isPartOf":{"@id":"https:\/\/kglobimport.com\/es\/#website"},"datePublished":"2025-07-27T23:11:56+00:00","dateModified":"2025-07-27T23:35:22+00:00","breadcrumb":{"@id":"https:\/\/kglobimport.com\/es\/politica-de-cookies\/#breadcrumb"},"inLanguage":"es","potentialAction":[{"@type":"ReadAction","target":["https:\/\/kglobimport.com\/es\/politica-de-cookies\/"]}]},{"@type":"BreadcrumbList","@id":"https:\/\/kglobimport.com\/es\/politica-de-cookies\/#breadcrumb","itemListElement":[{"@type":"ListItem","position":1,"name":"In\u00edcio","item":"https:\/\/kglobimport.com\/es\/"},{"@type":"ListItem","position":2,"name":"Pol\u00edtica de Cookies"}]},{"@type":"WebSite","@id":"https:\/\/kglobimport.com\/es\/#website","url":"https:\/\/kglobimport.com\/es\/","name":"KGLOB - PRODUTOS GOURMET","description":"Seja importador \/ distribuidor das nossas marcas pr\u00f3prias, com exclusividade na sua regi\u00e3o. Vinhos, espumantes, bebidas espirituosas e tamb\u00e9m bebidas em lata.","potentialAction":[{"@type":"SearchAction","target":{"@type":"EntryPoint","urlTemplate":"https:\/\/kglobimport.com\/es\/?s={search_term_string}"},"query-input":{"@type":"PropertyValueSpecification","valueRequired":true,"valueName":"search_term_string"}}],"inLanguage":"es"}]}},"_links":{"self":[{"href":"https:\/\/kglobimport.com\/es\/wp-json\/wp\/v2\/pages\/1166","targetHints":{"allow":["GET"]}}],"collection":[{"href":"https:\/\/kglobimport.com\/es\/wp-json\/wp\/v2\/pages"}],"about":[{"href":"https:\/\/kglobimport.com\/es\/wp-json\/wp\/v2\/types\/page"}],"author":[{"embeddable":true,"href":"https:\/\/kglobimport.com\/es\/wp-json\/wp\/v2\/users\/1"}],"replies":[{"embeddable":true,"href":"https:\/\/kglobimport.com\/es\/wp-json\/wp\/v2\/comments?post=1166"}],"version-history":[{"count":3,"href":"https:\/\/kglobimport.com\/es\/wp-json\/wp\/v2\/pages\/1166\/revisions"}],"predecessor-version":[{"id":1169,"href":"https:\/\/kglobimport.com\/es\/wp-json\/wp\/v2\/pages\/1166\/revisions\/1169"}],"wp:attachment":[{"href":"https:\/\/kglobimport.com\/es\/wp-json\/wp\/v2\/media?parent=1166"}],"curies":[{"name":"wp","href":"https:\/\/api.w.org\/{rel}","templated":true}]}}