{"id":864,"date":"2021-11-18T13:37:52","date_gmt":"2021-11-18T13:37:52","guid":{"rendered":"https:\/\/kglobimport.com\/politica-de-privacidade\/"},"modified":"2025-07-27T23:36:23","modified_gmt":"2025-07-27T23:36:23","slug":"politica-de-privacidade","status":"publish","type":"page","link":"https:\/\/kglobimport.com\/es\/politica-de-privacidade\/","title":{"rendered":"Pol\u00edtica de Privacidad"},"content":{"rendered":"<p>[et_pb_section fb_built=\u00bb1&#8243; fullwidth=\u00bbon\u00bb _builder_version=\u00bb4.16&#8243; custom_margin=\u00bb||0px||false|false\u00bb custom_padding=\u00bb0px|4px|0px||false|false\u00bb global_colors_info=\u00bb{}\u00bb][et_pb_fullwidth_post_title meta=\u00bboff\u00bb featured_image=\u00bboff\u00bb _builder_version=\u00bb4.16&#8243; title_level=\u00bbh2&#8243; title_font=\u00bbLato|700|||||||\u00bb title_text_align=\u00bbcenter\u00bb title_text_color=\u00bb#FFFFFF\u00bb title_font_size=\u00bb50px\u00bb background_color=\u00bb#000000&#8243; vertical_offset_tablet=\u00bb0&#8243; horizontal_offset_tablet=\u00bb0&#8243; custom_padding=\u00bb||75px|||\u00bb z_index_tablet=\u00bb0&#8243; title_text_shadow_horizontal_length_tablet=\u00bb0px\u00bb title_text_shadow_vertical_length_tablet=\u00bb0px\u00bb title_text_shadow_blur_strength_tablet=\u00bb1px\u00bb meta_text_shadow_horizontal_length_tablet=\u00bb0px\u00bb meta_text_shadow_vertical_length_tablet=\u00bb0px\u00bb meta_text_shadow_blur_strength_tablet=\u00bb1px\u00bb box_shadow_horizontal_tablet=\u00bb0px\u00bb box_shadow_vertical_tablet=\u00bb0px\u00bb box_shadow_blur_tablet=\u00bb40px\u00bb box_shadow_spread_tablet=\u00bb0px\u00bb text_shadow_horizontal_length_tablet=\u00bb0px\u00bb text_shadow_vertical_length_tablet=\u00bb0px\u00bb text_shadow_blur_strength_tablet=\u00bb1px\u00bb global_colors_info=\u00bb{}\u00bb][\/et_pb_fullwidth_post_title][\/et_pb_section][et_pb_section fb_built=\u00bb1&#8243; _builder_version=\u00bb4.16&#8243; custom_margin=\u00bb0px|||||\u00bb global_colors_info=\u00bb{}\u00bb][et_pb_row _builder_version=\u00bb4.16&#8243; background_size=\u00bbinitial\u00bb background_position=\u00bbtop_left\u00bb background_repeat=\u00bbrepeat\u00bb max_width=\u00bb100%\u00bb global_colors_info=\u00bb{}\u00bb][et_pb_column type=\u00bb4_4&#8243; _builder_version=\u00bb4.16&#8243; custom_padding=\u00bb|||\u00bb global_colors_info=\u00bb{}\u00bb custom_padding__hover=\u00bb|||\u00bb][et_pb_text _builder_version=\u00bb4.27.4&#8243; link_text_color=\u00bb#000000&#8243; background_size=\u00bbinitial\u00bb background_position=\u00bbtop_left\u00bb background_repeat=\u00bbrepeat\u00bb hover_enabled=\u00bb0&#8243; global_colors_info=\u00bb{}\u00bb sticky_enabled=\u00bb0&#8243;]<\/p>\n<p>El objetivo es informar a los usuarios del sitio web<a href=\"https:\/\/kglobimport.com\/es\/\"><span> kglobimport.com\/es\/<\/span><\/a><span>\u00a0<\/span>sobre las normas generales para el tratamiento de datos personales, que se recopilan y procesan en estricto cumplimiento de la legislaci\u00f3n vigente en materia de protecci\u00f3n de datos personales.<\/p>\n<p>Nos comprometemos a proteger y mantener la confidencialidad de los datos personales y hemos adoptado las medidas que consideramos adecuadas para garantizar su exactitud, integridad y confidencialidad, as\u00ed como todos los dem\u00e1s derechos que asisten a los interesados.<\/p>\n<p>Esta declaraci\u00f3n de privacidad se actualiz\u00f3 por \u00faltima vez en julio de 2025.<\/p>\n<p>En esta declaraci\u00f3n de privacidad, explicamos qu\u00e9 hacemos con los datos que obtenemos a trav\u00e9s de este sitio web. Le recomendamos que la lea atentamente.<\/p>\n<p><strong>Cumplimos con los requisitos de la legislaci\u00f3n en materia de privacidad:<\/strong><\/p>\n<ol>\n<li>Declaramos los fines para los que procesamos los datos personales. Lo hacemos a trav\u00e9s de esta declaraci\u00f3n de privacidad.<\/li>\n<li>Nuestro objetivo es limitar la recopilaci\u00f3n de datos personales \u00fanicamente a los necesarios para fines leg\u00edtimos.<\/li>\n<li>Solicitamos previamente su consentimiento expl\u00edcito para procesar sus datos personales en los casos que lo requieran.<\/li>\n<li>Adoptamos las medidas de seguridad adecuadas para proteger sus datos personales y tambi\u00e9n las exigimos a quienes los procesan en nuestro nombre.<\/li>\n<li>Respetamos su derecho a acceder, corregir o eliminar sus datos personales si lo solicita.<\/li>\n<\/ol>\n<p>Si tiene alguna pregunta o desea saber exactamente qu\u00e9 datos suyos tenemos en nuestro poder, p\u00f3ngase en contacto con nosotros a trav\u00e9s de la direcci\u00f3n de correo electr\u00f3nico que figura en el \u00faltimo punto de esta Pol\u00edtica de Privacidad.<\/p>\n<p><strong>Principios Generales<\/strong><\/p>\n<p>Nos comprometemos a garantizar que los datos personales:<\/p>\n<ol>\n<li>Se procesen de forma l\u00edcita, leal y transparente en relaci\u00f3n con los interesados, se recopilen para fines espec\u00edficos, expl\u00edcitos y leg\u00edtimos, y no se procesen posteriormente de manera incompatible con dichos fines;<\/li>\n<li>Se conserven de forma que permita la identificaci\u00f3n de los interesados \u200b\u200bdurante un tiempo limitado al necesario para los fines del tratamiento;<\/li>\n<li>Se procesen de forma que se garantice su seguridad, incluida la protecci\u00f3n contra el tratamiento no autorizado o il\u00edcito y contra su p\u00e9rdida, destrucci\u00f3n o da\u00f1os imprevistos, adoptando las medidas t\u00e9cnicas u organizativas adecuadas.<\/li>\n<\/ol>\n<p><strong>Finalidades de la Recopilaci\u00f3n de Datos Personales<\/strong><\/p>\n<p>Podemos recopilar o recibir informaci\u00f3n personal para diversos fines relacionados con nuestras operaciones comerciales, como el contacto por tel\u00e9fono, correo postal, correo electr\u00f3nico o formularios web.<\/p>\n<p>Utilizamos los siguientes datos: Nombre, Sitio web, Direcci\u00f3n, NIF, Correo electr\u00f3nico y Tel\u00e9fono.<\/p>\n<p>La base sobre la que podemos procesar estos datos es:<\/p>\n<ol>\n<li>Para cumplir con una obligaci\u00f3n legal o contractual, por ejemplo, al prestarle alguno de nuestros servicios;<\/li>\n<li>Para prestarle nuestros servicios de newsletter, \u00fanicamente cuando lo solicite (nombre y correo electr\u00f3nico);<\/li>\n<li>Al utilizar el formulario de contacto, los datos recopilados aqu\u00ed tienen como \u00fanica finalidad responder a la informaci\u00f3n solicitada por el Cliente, gestionar sus pedidos y controlar la calidad de los servicios prestados (nombre, correo electr\u00f3nico, n\u00famero de contacto);<\/li>\n<\/ol>\n<p><strong>Periodo de conservaci\u00f3n de los Datos Personales<\/strong><\/p>\n<p>Conservamos los Datos Personales \u00fanicamente durante el tiempo necesario para cumplir con los fines espec\u00edficos para los que fueron recopilados. Sin embargo, es posible que debamos conservar algunos Datos Personales durante un periodo m\u00e1s largo, teniendo en cuenta factores legales.<\/p>\n<p>Durante el Tratamiento de los Datos Personales, nos aseguramos de que se traten de acuerdo con esta Pol\u00edtica de Privacidad. En cuanto los Datos ya no sean necesarios, los eliminaremos de forma segura.<\/p>\n<p>En cuanto al consentimiento, la revocaci\u00f3n del mismo no invalida el tratamiento realizado hasta esa fecha con base en el consentimiento previamente otorgado.<\/p>\n<p><strong>Sus derechos<\/strong><br \/>Tiene derecho a:<\/p>\n<ol>\n<li>Ser informado<\/li>\n<li>Acceder, rectificar, restringir y suprimir sus datos<\/li>\n<li>A la portabilidad de sus datos<\/li>\n<li>A oponerse a sus datos<\/li>\n<li>A presentar una reclamaci\u00f3n ante las autoridades competentes<\/li>\n<\/ol>\n<p><strong>Pr\u00e1cticas de divulgaci\u00f3n<\/strong><\/p>\n<p>A continuaci\u00f3n, encontrar\u00e1 informaci\u00f3n sobre nuestras pr\u00e1cticas de divulgaci\u00f3n:<\/p>\n<ol>\n<li>Divulgamos informaci\u00f3n personal si as\u00ed lo exige la ley o una orden judicial.<\/li>\n<li>Si nuestro sitio web u organizaci\u00f3n es adquirido, vendido o se ve involucrado en una fusi\u00f3n o adquisici\u00f3n, sus datos podr\u00edan ser divulgados a nuestros asesores y a posibles compradores, y se transmitir\u00e1n a los nuevos propietarios.<\/li>\n<li>Tenemos un Acuerdo de Procesamiento de Datos con Google, pero Google no puede utilizar los datos para ning\u00fan otro servicio de Google.<\/li>\n<li>Bloqueamos la inclusi\u00f3n de direcciones IP completas.<\/li>\n<\/ol>\n<p><strong>Seguridad<\/strong><\/p>\n<p>Nos comprometemos con la seguridad de sus datos personales. Tomamos las medidas de seguridad adecuadas para limitar el abuso y el acceso no autorizado a sus datos personales.<\/p>\n<p><strong>Sitios web de terceros<\/strong><\/p>\n<p>Esta declaraci\u00f3n de privacidad no se aplica a los sitios web de terceros enlazados desde nuestro sitio web. No podemos garantizar que estos terceros gestionen sus datos personales de forma fiable y segura. Le recomendamos que lea las declaraciones de privacidad de estos sitios web antes de usarlos.<\/p>\n<p><strong>Cambios a esta declaraci\u00f3n de privacidad<\/strong><\/p>\n<p>Nos reservamos el derecho a modificar esta declaraci\u00f3n de privacidad. Le recomendamos que la revise peri\u00f3dicamente para estar al tanto de cualquier cambio. Tambi\u00e9n le informaremos activamente siempre que sea posible.<\/p>\n<p><strong>Cookies<\/strong><\/p>\n<p>Nuestro sitio web utiliza cookies. Para obtener m\u00e1s informaci\u00f3n sobre las cookies, consulte nuestra<span>\u00a0<\/span><a href=\"https:\/\/kglobimport.com\/es\/politica-de-cookies\/\" target=\"_blank\" rel=\"noopener\">Pol\u00edtica de Cookies<\/a>.<\/p>\n<p><strong>Detalles de contacto<\/strong><\/p>\n<p>Raz\u00f3n social: <span>Kl Force, Lda<\/span><\/p>\n<p>N\u00famero fiscal: <span>506744680<\/span><\/p>\n<p>Direcci\u00f3n: <span>Alameda da Beloura, Edif\u00edcio N\u00ba 4 \u2013 Esc: 2.6, Quinta da Beloura\u00a0<\/span><\/p>\n<p>CEP: <span>2710-693 Sintra<\/span><\/p>\n<p>Email: <a href=\"mailto:info@kglobimport.com\">geral@klforce.com<\/a><\/p>\n<p>[\/et_pb_text][\/et_pb_column][\/et_pb_row][\/et_pb_section]<\/p>\n","protected":false},"excerpt":{"rendered":"<p>El objetivo es informar a los usuarios del sitio web kglobimport.com\/es\/\u00a0sobre las normas generales para el tratamiento de datos personales, que se recopilan y procesan en estricto cumplimiento de la legislaci\u00f3n vigente en materia de protecci\u00f3n de datos personales. Nos comprometemos a proteger y mantener la confidencialidad de los datos personales y hemos adoptado las [&hellip;]<\/p>\n","protected":false},"author":1,"featured_media":0,"parent":0,"menu_order":0,"comment_status":"closed","ping_status":"closed","template":"","meta":{"_et_pb_use_builder":"on","_et_pb_old_content":"<!-- wp:heading -->\r\n<h2>Who we are<\/h2>\r\n<!-- \/wp:heading --><!-- wp:paragraph -->\r\n<p><strong class=\"privacy-policy-tutorial\">Suggested text: <\/strong>Our website address is: https:\/\/kglobimport.com.<\/p>\r\n<!-- \/wp:paragraph --><!-- wp:heading -->\r\n<h2>Comments<\/h2>\r\n<!-- \/wp:heading --><!-- wp:paragraph -->\r\n<p><strong class=\"privacy-policy-tutorial\">Suggested text: <\/strong>When visitors leave comments on the site we collect the data shown in the comments form, and also the visitor\u2019s IP address and browser user agent string to help spam detection.<\/p>\r\n<!-- \/wp:paragraph --><!-- wp:paragraph -->\r\n<p>An anonymized string created from your email address (also called a hash) may be provided to the Gravatar service to see if you are using it. The Gravatar service privacy policy is available here: https:\/\/automattic.com\/privacy\/. After approval of your comment, your profile picture is visible to the public in the context of your comment.<\/p>\r\n<!-- \/wp:paragraph --><!-- wp:heading -->\r\n<h2>Media<\/h2>\r\n<!-- \/wp:heading --><!-- wp:paragraph -->\r\n<p><strong class=\"privacy-policy-tutorial\">Suggested text: <\/strong>If you upload images to the website, you should avoid uploading images with embedded location data (EXIF GPS) included. Visitors to the website can download and extract any location data from images on the website.<\/p>\r\n<!-- \/wp:paragraph --><!-- wp:heading -->\r\n<h2>Cookies<\/h2>\r\n<!-- \/wp:heading --><!-- wp:paragraph -->\r\n<p><strong class=\"privacy-policy-tutorial\">Suggested text: <\/strong>If you leave a comment on our site you may opt-in to saving your name, email address and website in cookies. These are for your convenience so that you do not have to fill in your details again when you leave another comment. These cookies will last for one year.<\/p>\r\n<!-- \/wp:paragraph --><!-- wp:paragraph -->\r\n<p>If you visit our login page, we will set a temporary cookie to determine if your browser accepts cookies. This cookie contains no personal data and is discarded when you close your browser.<\/p>\r\n<!-- \/wp:paragraph --><!-- wp:paragraph -->\r\n<p>When you log in, we will also set up several cookies to save your login information and your screen display choices. Login cookies last for two days, and screen options cookies last for a year. If you select \"Remember Me\", your login will persist for two weeks. If you log out of your account, the login cookies will be removed.<\/p>\r\n<!-- \/wp:paragraph --><!-- wp:paragraph -->\r\n<p>If you edit or publish an article, an additional cookie will be saved in your browser. This cookie includes no personal data and simply indicates the post ID of the article you just edited. It expires after 1 day.<\/p>\r\n<!-- \/wp:paragraph --><!-- wp:heading -->\r\n<h2>Embedded content from other websites<\/h2>\r\n<!-- \/wp:heading --><!-- wp:paragraph -->\r\n<p><strong class=\"privacy-policy-tutorial\">Suggested text: <\/strong>Articles on this site may include embedded content (e.g. videos, images, articles, etc.). Embedded content from other websites behaves in the exact same way as if the visitor has visited the other website.<\/p>\r\n<!-- \/wp:paragraph --><!-- wp:paragraph -->\r\n<p>These websites may collect data about you, use cookies, embed additional third-party tracking, and monitor your interaction with that embedded content, including tracking your interaction with the embedded content if you have an account and are logged in to that website.<\/p>\r\n<!-- \/wp:paragraph --><!-- wp:heading -->\r\n<h2>Who we share your data with<\/h2>\r\n<!-- \/wp:heading --><!-- wp:paragraph -->\r\n<p><strong class=\"privacy-policy-tutorial\">Suggested text: <\/strong>If you request a password reset, your IP address will be included in the reset email.<\/p>\r\n<!-- \/wp:paragraph --><!-- wp:heading -->\r\n<h2>How long we retain your data<\/h2>\r\n<!-- \/wp:heading --><!-- wp:paragraph -->\r\n<p><strong class=\"privacy-policy-tutorial\">Suggested text: <\/strong>If you leave a comment, the comment and its metadata are retained indefinitely. This is so we can recognize and approve any follow-up comments automatically instead of holding them in a moderation queue.<\/p>\r\n<!-- \/wp:paragraph --><!-- wp:paragraph -->\r\n<p>For users that register on our website (if any), we also store the personal information they provide in their user profile. All users can see, edit, or delete their personal information at any time (except they cannot change their username). Website administrators can also see and edit that information.<\/p>\r\n<!-- \/wp:paragraph --><!-- wp:heading -->\r\n<h2>What rights you have over your data<\/h2>\r\n<!-- \/wp:heading --><!-- wp:paragraph -->\r\n<p><strong class=\"privacy-policy-tutorial\">Suggested text: <\/strong>If you have an account on this site, or have left comments, you can request to receive an exported file of the personal data we hold about you, including any data you have provided to us. You can also request that we erase any personal data we hold about you. This does not include any data we are obliged to keep for administrative, legal, or security purposes.<\/p>\r\n<!-- \/wp:paragraph --><!-- wp:heading -->\r\n<h2>Where we send your data<\/h2>\r\n<!-- \/wp:heading --><!-- wp:paragraph -->\r\n<p><strong class=\"privacy-policy-tutorial\">Suggested text: <\/strong>Visitor comments may be checked through an automated spam detection service.<\/p>\r\n<!-- \/wp:paragraph -->","_et_gb_content_width":"","footnotes":""},"class_list":["post-864","page","type-page","status-publish","hentry"],"yoast_head":"<!-- This site is optimized with the Yoast SEO plugin v25.5 - https:\/\/yoast.com\/wordpress\/plugins\/seo\/ -->\n<title>Pol\u00edtica de Privacidad - KGLOB IMPORT Seja importador \/ distribuidor<\/title>\n<meta name=\"robots\" content=\"index, nofollow, max-snippet:-1, max-image-preview:large, max-video-preview:-1\" \/>\n<link rel=\"canonical\" href=\"https:\/\/kglobimport.com\/es\/politica-de-privacidade\/\" \/>\n<meta property=\"og:locale\" content=\"es_ES\" \/>\n<meta property=\"og:type\" content=\"article\" \/>\n<meta property=\"og:title\" content=\"Pol\u00edtica de Privacidad - KGLOB IMPORT Seja importador \/ distribuidor\" \/>\n<meta property=\"og:description\" content=\"El objetivo es informar a los usuarios del sitio web kglobimport.com\/es\/\u00a0sobre las normas generales para el tratamiento de datos personales, que se recopilan y procesan en estricto cumplimiento de la legislaci\u00f3n vigente en materia de protecci\u00f3n de datos personales. Nos comprometemos a proteger y mantener la confidencialidad de los datos personales y hemos adoptado las [&hellip;]\" \/>\n<meta property=\"og:url\" content=\"https:\/\/kglobimport.com\/es\/politica-de-privacidade\/\" \/>\n<meta property=\"og:site_name\" content=\"KGLOB IMPORT Seja importador \/ distribuidor\" \/>\n<meta property=\"article:publisher\" content=\"https:\/\/www.facebook.com\/KGLOB-2054932881486148\/\" \/>\n<meta property=\"article:modified_time\" content=\"2025-07-27T23:36:23+00:00\" \/>\n<meta name=\"twitter:card\" content=\"summary_large_image\" \/>\n<meta name=\"twitter:label1\" content=\"Tiempo de lectura\" \/>\n\t<meta name=\"twitter:data1\" content=\"11 minutos\" \/>\n<script type=\"application\/ld+json\" class=\"yoast-schema-graph\">{\"@context\":\"https:\/\/schema.org\",\"@graph\":[{\"@type\":\"WebPage\",\"@id\":\"https:\/\/kglobimport.com\/es\/politica-de-privacidade\/\",\"url\":\"https:\/\/kglobimport.com\/es\/politica-de-privacidade\/\",\"name\":\"Pol\u00edtica de Privacidad - KGLOB IMPORT Seja importador \/ distribuidor\",\"isPartOf\":{\"@id\":\"https:\/\/kglobimport.com\/es\/#website\"},\"datePublished\":\"2021-11-18T13:37:52+00:00\",\"dateModified\":\"2025-07-27T23:36:23+00:00\",\"breadcrumb\":{\"@id\":\"https:\/\/kglobimport.com\/es\/politica-de-privacidade\/#breadcrumb\"},\"inLanguage\":\"es\",\"potentialAction\":[{\"@type\":\"ReadAction\",\"target\":[\"https:\/\/kglobimport.com\/es\/politica-de-privacidade\/\"]}]},{\"@type\":\"BreadcrumbList\",\"@id\":\"https:\/\/kglobimport.com\/es\/politica-de-privacidade\/#breadcrumb\",\"itemListElement\":[{\"@type\":\"ListItem\",\"position\":1,\"name\":\"In\u00edcio\",\"item\":\"https:\/\/kglobimport.com\/es\/\"},{\"@type\":\"ListItem\",\"position\":2,\"name\":\"Pol\u00edtica de Privacidad\"}]},{\"@type\":\"WebSite\",\"@id\":\"https:\/\/kglobimport.com\/es\/#website\",\"url\":\"https:\/\/kglobimport.com\/es\/\",\"name\":\"KGLOB - PRODUTOS GOURMET\",\"description\":\"Seja importador \/ distribuidor das nossas marcas pr\u00f3prias, com exclusividade na sua regi\u00e3o. Vinhos, espumantes, bebidas espirituosas e tamb\u00e9m bebidas em lata.\",\"potentialAction\":[{\"@type\":\"SearchAction\",\"target\":{\"@type\":\"EntryPoint\",\"urlTemplate\":\"https:\/\/kglobimport.com\/es\/?s={search_term_string}\"},\"query-input\":{\"@type\":\"PropertyValueSpecification\",\"valueRequired\":true,\"valueName\":\"search_term_string\"}}],\"inLanguage\":\"es\"}]}<\/script>\n<!-- \/ Yoast SEO plugin. -->","yoast_head_json":{"title":"Pol\u00edtica de Privacidad - KGLOB IMPORT Seja importador \/ distribuidor","robots":{"index":"index","follow":"nofollow","max-snippet":"max-snippet:-1","max-image-preview":"max-image-preview:large","max-video-preview":"max-video-preview:-1"},"canonical":"https:\/\/kglobimport.com\/es\/politica-de-privacidade\/","og_locale":"es_ES","og_type":"article","og_title":"Pol\u00edtica de Privacidad - KGLOB IMPORT Seja importador \/ distribuidor","og_description":"El objetivo es informar a los usuarios del sitio web kglobimport.com\/es\/\u00a0sobre las normas generales para el tratamiento de datos personales, que se recopilan y procesan en estricto cumplimiento de la legislaci\u00f3n vigente en materia de protecci\u00f3n de datos personales. Nos comprometemos a proteger y mantener la confidencialidad de los datos personales y hemos adoptado las [&hellip;]","og_url":"https:\/\/kglobimport.com\/es\/politica-de-privacidade\/","og_site_name":"KGLOB IMPORT Seja importador \/ distribuidor","article_publisher":"https:\/\/www.facebook.com\/KGLOB-2054932881486148\/","article_modified_time":"2025-07-27T23:36:23+00:00","twitter_card":"summary_large_image","twitter_misc":{"Tiempo de lectura":"11 minutos"},"schema":{"@context":"https:\/\/schema.org","@graph":[{"@type":"WebPage","@id":"https:\/\/kglobimport.com\/es\/politica-de-privacidade\/","url":"https:\/\/kglobimport.com\/es\/politica-de-privacidade\/","name":"Pol\u00edtica de Privacidad - KGLOB IMPORT Seja importador \/ distribuidor","isPartOf":{"@id":"https:\/\/kglobimport.com\/es\/#website"},"datePublished":"2021-11-18T13:37:52+00:00","dateModified":"2025-07-27T23:36:23+00:00","breadcrumb":{"@id":"https:\/\/kglobimport.com\/es\/politica-de-privacidade\/#breadcrumb"},"inLanguage":"es","potentialAction":[{"@type":"ReadAction","target":["https:\/\/kglobimport.com\/es\/politica-de-privacidade\/"]}]},{"@type":"BreadcrumbList","@id":"https:\/\/kglobimport.com\/es\/politica-de-privacidade\/#breadcrumb","itemListElement":[{"@type":"ListItem","position":1,"name":"In\u00edcio","item":"https:\/\/kglobimport.com\/es\/"},{"@type":"ListItem","position":2,"name":"Pol\u00edtica de Privacidad"}]},{"@type":"WebSite","@id":"https:\/\/kglobimport.com\/es\/#website","url":"https:\/\/kglobimport.com\/es\/","name":"KGLOB - PRODUTOS GOURMET","description":"Seja importador \/ distribuidor das nossas marcas pr\u00f3prias, com exclusividade na sua regi\u00e3o. Vinhos, espumantes, bebidas espirituosas e tamb\u00e9m bebidas em lata.","potentialAction":[{"@type":"SearchAction","target":{"@type":"EntryPoint","urlTemplate":"https:\/\/kglobimport.com\/es\/?s={search_term_string}"},"query-input":{"@type":"PropertyValueSpecification","valueRequired":true,"valueName":"search_term_string"}}],"inLanguage":"es"}]}},"_links":{"self":[{"href":"https:\/\/kglobimport.com\/es\/wp-json\/wp\/v2\/pages\/864","targetHints":{"allow":["GET"]}}],"collection":[{"href":"https:\/\/kglobimport.com\/es\/wp-json\/wp\/v2\/pages"}],"about":[{"href":"https:\/\/kglobimport.com\/es\/wp-json\/wp\/v2\/types\/page"}],"author":[{"embeddable":true,"href":"https:\/\/kglobimport.com\/es\/wp-json\/wp\/v2\/users\/1"}],"replies":[{"embeddable":true,"href":"https:\/\/kglobimport.com\/es\/wp-json\/wp\/v2\/comments?post=864"}],"version-history":[{"count":7,"href":"https:\/\/kglobimport.com\/es\/wp-json\/wp\/v2\/pages\/864\/revisions"}],"predecessor-version":[{"id":1170,"href":"https:\/\/kglobimport.com\/es\/wp-json\/wp\/v2\/pages\/864\/revisions\/1170"}],"wp:attachment":[{"href":"https:\/\/kglobimport.com\/es\/wp-json\/wp\/v2\/media?parent=864"}],"curies":[{"name":"wp","href":"https:\/\/api.w.org\/{rel}","templated":true}]}}