{"id":1172,"date":"2025-07-27T23:11:56","date_gmt":"2025-07-27T23:11:56","guid":{"rendered":"https:\/\/kglobimport.com\/politica-de-cookies\/"},"modified":"2025-07-28T11:56:24","modified_gmt":"2025-07-28T11:56:24","slug":"politica-de-cookies","status":"publish","type":"page","link":"https:\/\/kglobimport.com\/fr\/politica-de-cookies\/","title":{"rendered":"Politique relative aux cookies"},"content":{"rendered":"<p>[et_pb_section fb_built=\u00a0\u00bb1&Prime; fullwidth=\u00a0\u00bbon\u00a0\u00bb _builder_version=\u00a0\u00bb4.16&Prime; custom_margin=\u00a0\u00bb||0px||false|false\u00a0\u00bb custom_padding=\u00a0\u00bb0px|4px|0px||false|false\u00a0\u00bb global_colors_info=\u00a0\u00bb{}\u00a0\u00bb][et_pb_fullwidth_post_title meta=\u00a0\u00bboff\u00a0\u00bb featured_image=\u00a0\u00bboff\u00a0\u00bb _builder_version=\u00a0\u00bb4.16&Prime; title_level=\u00a0\u00bbh2&Prime; title_font=\u00a0\u00bbLato|700|||||||\u00a0\u00bb title_text_align=\u00a0\u00bbcenter\u00a0\u00bb title_text_color=\u00a0\u00bb#FFFFFF\u00a0\u00bb title_font_size=\u00a0\u00bb50px\u00a0\u00bb background_color=\u00a0\u00bb#000000&Prime; vertical_offset_tablet=\u00a0\u00bb0&Prime; horizontal_offset_tablet=\u00a0\u00bb0&Prime; custom_padding=\u00a0\u00bb||75px|||\u00a0\u00bb z_index_tablet=\u00a0\u00bb0&Prime; title_text_shadow_horizontal_length_tablet=\u00a0\u00bb0px\u00a0\u00bb title_text_shadow_vertical_length_tablet=\u00a0\u00bb0px\u00a0\u00bb title_text_shadow_blur_strength_tablet=\u00a0\u00bb1px\u00a0\u00bb meta_text_shadow_horizontal_length_tablet=\u00a0\u00bb0px\u00a0\u00bb meta_text_shadow_vertical_length_tablet=\u00a0\u00bb0px\u00a0\u00bb meta_text_shadow_blur_strength_tablet=\u00a0\u00bb1px\u00a0\u00bb box_shadow_horizontal_tablet=\u00a0\u00bb0px\u00a0\u00bb box_shadow_vertical_tablet=\u00a0\u00bb0px\u00a0\u00bb box_shadow_blur_tablet=\u00a0\u00bb40px\u00a0\u00bb box_shadow_spread_tablet=\u00a0\u00bb0px\u00a0\u00bb text_shadow_horizontal_length_tablet=\u00a0\u00bb0px\u00a0\u00bb text_shadow_vertical_length_tablet=\u00a0\u00bb0px\u00a0\u00bb text_shadow_blur_strength_tablet=\u00a0\u00bb1px\u00a0\u00bb global_colors_info=\u00a0\u00bb{}\u00a0\u00bb][\/et_pb_fullwidth_post_title][\/et_pb_section][et_pb_section fb_built=\u00a0\u00bb1&Prime; _builder_version=\u00a0\u00bb4.16&Prime; custom_margin=\u00a0\u00bb0px|||||\u00a0\u00bb global_colors_info=\u00a0\u00bb{}\u00a0\u00bb][et_pb_row _builder_version=\u00a0\u00bb4.16&Prime; background_size=\u00a0\u00bbinitial\u00a0\u00bb background_position=\u00a0\u00bbtop_left\u00a0\u00bb background_repeat=\u00a0\u00bbrepeat\u00a0\u00bb max_width=\u00a0\u00bb100%\u00a0\u00bb global_colors_info=\u00a0\u00bb{}\u00a0\u00bb][et_pb_column type=\u00a0\u00bb4_4&Prime; _builder_version=\u00a0\u00bb4.16&Prime; custom_padding=\u00a0\u00bb|||\u00a0\u00bb global_colors_info=\u00a0\u00bb{}\u00a0\u00bb custom_padding__hover=\u00a0\u00bb|||\u00a0\u00bb][et_pb_text _builder_version=\u00a0\u00bb4.27.4&Prime; link_text_color=\u00a0\u00bb#000000&Prime; background_size=\u00a0\u00bbinitial\u00a0\u00bb background_position=\u00a0\u00bbtop_left\u00a0\u00bb background_repeat=\u00a0\u00bbrepeat\u00a0\u00bb hover_enabled=\u00a0\u00bb0&Prime; global_colors_info=\u00a0\u00bb{}\u00a0\u00bb sticky_enabled=\u00a0\u00bb0&Prime;]<\/p>\n<div class=\"et_pb_row et_pb_row_1\">\n<div class=\"et_pb_column et_pb_column_4_4 et_pb_column_1 et_pb_css_mix_blend_mode_passthrough et-last-child\">\n<div class=\"et_pb_module et_pb_text et_pb_text_1 et_pb_text_align_justified et_pb_bg_layout_light\">\n<div class=\"et_pb_text_inner\">\n<p>Cette Politique relative aux cookies a \u00e9t\u00e9 mise \u00e0 jour en juillet 2025 et s\u2019applique au site web<a href=\"https:\/\/kglobimport.com\/fr\/\"><span> kglobimport.com<\/span><\/a>, ci-apr\u00e8s d\u00e9nomm\u00e9 \u00ab\u00a0le site web\u00a0\u00bb, qui utilise des cookies et autres technologies connexes (par simplification, toutes ces technologies sont d\u00e9sign\u00e9es par le terme \u00ab\u00a0cookies\u00a0\u00bb) ins\u00e9r\u00e9s par des tiers que nous avons contact\u00e9s.<\/p>\n<p>Nous vous informons ci-dessous de l\u2019utilisation des cookies sur notre site web.<\/p>\n<p><strong>Informations sur les concepts abord\u00e9s dans la Politique relative aux cookies<\/strong><\/p>\n<p>Cookies\u00a0: il s\u2019agit de petits fichiers simples envoy\u00e9s avec les pages de ce site web et stock\u00e9s par votre navigateur sur le disque dur de votre ordinateur ou autre appareil. Les informations stock\u00e9es peuvent \u00eatre renvoy\u00e9es \u00e0 nos serveurs ou \u00e0 ceux des tiers concern\u00e9s lors d\u2019une visite ult\u00e9rieure.<\/p>\n<p>Scripts\u00a0: il s\u2019agit d\u2019un fragment de code utilis\u00e9 pour assurer le bon fonctionnement et l\u2019interactivit\u00e9 de notre site web. Ce code est ex\u00e9cut\u00e9 sur notre serveur ou sur votre appareil.<\/p>\n<p>Balise web (pixel espion)\u00a0: un petit texte ou une image invisible sur un site web, utilis\u00e9 pour surveiller le trafic. Pour ce faire, diverses donn\u00e9es vous concernant sont stock\u00e9es \u00e0 l\u2019aide de balises web.<\/p>\n<p><strong>Types de cookies<\/strong><\/p>\n<p>Cookies n\u00e9cessaires (techniques ou fonctionnels)\u00a0: Ils assurent le bon fonctionnement de certaines parties du site web et la prise en compte de vos pr\u00e9f\u00e9rences utilisateur. En pla\u00e7ant des cookies fonctionnels, nous facilitons votre visite sur notre site web. Ainsi, vous n\u2019avez pas besoin de saisir les m\u00eames informations \u00e0 plusieurs reprises. Nous pouvons placer ces cookies sans votre consentement.<\/p>\n<p>Cookies d\u2019analyse\u00a0: Ils servent \u00e0 optimiser l\u2019exp\u00e9rience utilisateur en collectant des informations sur votre utilisation du site web. Nous vous demandons votre autorisation pour placer ce type de cookies.<\/p>\n<p>Cookies de pr\u00e9f\u00e9rences et de marketing\u00a0: Il s\u2019agit de cookies ou de toute autre forme de stockage local, utilis\u00e9s pour cr\u00e9er des profils d\u2019utilisateurs afin d\u2019afficher des publicit\u00e9s ou de suivre l\u2019utilisateur sur ce site web ou sur plusieurs sites web \u00e0 des fins marketing similaires. Nous vous demandons votre autorisation pour placer ce type de cookies.<\/p>\n<p><strong>R\u00e9seaux sociaux<\/strong><\/p>\n<p>Nous pouvons inclure du contenu provenant de Facebook, Instagram et\/ou WhatsApp sur le site web afin de promouvoir des pages web (par exemple, \u00ab\u00a0aimer\u00a0\u00bb, \u00ab\u00a0\u00e9pingler\u00a0\u00bb) ou de partager (par exemple, \u00ab\u00a0tweeter\u00a0\u00bb) sur les r\u00e9seaux sociaux tels que Facebook, Instagram et WhatsApp. Ce contenu est int\u00e9gr\u00e9 \u00e0 du code d\u00e9riv\u00e9 de Facebook, Instagram et WhatsApp et place des cookies. Ce contenu est susceptible de stocker et de traiter certaines informations \u00e0 des fins de publicit\u00e9 personnalis\u00e9e.<\/p>\n<p>Veuillez consulter la d\u00e9claration de confidentialit\u00e9 de ces r\u00e9seaux sociaux (qui peut \u00eatre modifi\u00e9e r\u00e9guli\u00e8rement) pour savoir ce qu\u2019ils font de vos donn\u00e9es (personnelles) trait\u00e9es \u00e0 l\u2019aide de ces cookies. Les donn\u00e9es r\u00e9cup\u00e9r\u00e9es sont anonymis\u00e9es autant que possible. Facebook, Instagram et WhatsApp sont situ\u00e9s aux \u00c9tats-Unis.<\/p>\n<p><strong>Consentement<\/strong><\/p>\n<p>Lorsque vous visitez notre site web pour la premi\u00e8re fois, une fen\u00eatre s\u2019affiche pour vous permettre de consentir au type de cookies que nous utilisons. En cliquant sur \u00ab\u00a0Enregistrer les pr\u00e9f\u00e9rences\u00a0\u00bb, vous consentez \u00e0 ce que nous utilisions les cat\u00e9gories de cookies et de plugins s\u00e9lectionn\u00e9s dans la fen\u00eatre, comme d\u00e9crit dans la pr\u00e9sente Politique relative aux cookies. Vous pouvez d\u00e9sactiver l\u2019utilisation des cookies via votre navigateur, mais veuillez noter que notre site web pourrait ne pas fonctionner correctement.<\/p>\n<p><strong>Politique de confidentialit\u00e9 et protection de vos donn\u00e9es personnelles<\/strong><br \/>Consultez notre <a href=\"https:\/\/kglobimport.com\/fr\/politica-de-privacidade\/\" target=\"_blank\" rel=\"noopener\">politique de confidentialit\u00e9<\/a> sur notre site web.<\/p>\n<p><strong>Coordonn\u00e9es<\/strong><\/p>\n<p>Pour toute question ou commentaire concernant notre politique en mati\u00e8re de cookies et la pr\u00e9sente d\u00e9claration, veuillez nous contacter aux coordonn\u00e9es suivantes\u00a0:<\/p>\n<p>Nom de l\u2019entreprise:<span>\u00a0<\/span><span>Kl Force, Lda<\/span><\/p>\n<p>Num\u00e9ro fiscal:<span>\u00a0<\/span><span>506744680<\/span><\/p>\n<p>Adresse:<span>\u00a0<\/span><span>Alameda da Beloura, Edif\u00edcio N\u00ba 4 \u2013 Esc: 2.6, Quinta da Beloura\u00a0<\/span><\/p>\n<p>CEP:<span>\u00a0<\/span><span>2710-693 Sintra<\/span><\/p>\n<p>Courriel:<span>\u00a0<\/span><a href=\"mailto:info@kglobimport.com\">geral@klforce.com<\/a><\/p>\n<\/div>\n<\/div>\n<\/div>\n<\/div>\n<p>[\/et_pb_text][\/et_pb_column][\/et_pb_row][\/et_pb_section]<\/p>\n","protected":false},"excerpt":{"rendered":"<p>Cette Politique relative aux cookies a \u00e9t\u00e9 mise \u00e0 jour en juillet 2025 et s\u2019applique au site web kglobimport.com, ci-apr\u00e8s d\u00e9nomm\u00e9 \u00ab\u00a0le site web\u00a0\u00bb, qui utilise des cookies et autres technologies connexes (par simplification, toutes ces technologies sont d\u00e9sign\u00e9es par le terme \u00ab\u00a0cookies\u00a0\u00bb) ins\u00e9r\u00e9s par des tiers que nous avons contact\u00e9s. Nous vous informons ci-dessous [&hellip;]<\/p>\n","protected":false},"author":1,"featured_media":0,"parent":0,"menu_order":0,"comment_status":"closed","ping_status":"closed","template":"","meta":{"_et_pb_use_builder":"on","_et_pb_old_content":"<!-- wp:heading -->\r\n<h2>Who we are<\/h2>\r\n<!-- \/wp:heading --><!-- wp:paragraph -->\r\n<p><strong class=\"privacy-policy-tutorial\">Suggested text: <\/strong>Our website address is: https:\/\/kglobimport.com.<\/p>\r\n<!-- \/wp:paragraph --><!-- wp:heading -->\r\n<h2>Comments<\/h2>\r\n<!-- \/wp:heading --><!-- wp:paragraph -->\r\n<p><strong class=\"privacy-policy-tutorial\">Suggested text: <\/strong>When visitors leave comments on the site we collect the data shown in the comments form, and also the visitor\u2019s IP address and browser user agent string to help spam detection.<\/p>\r\n<!-- \/wp:paragraph --><!-- wp:paragraph -->\r\n<p>An anonymized string created from your email address (also called a hash) may be provided to the Gravatar service to see if you are using it. The Gravatar service privacy policy is available here: https:\/\/automattic.com\/privacy\/. After approval of your comment, your profile picture is visible to the public in the context of your comment.<\/p>\r\n<!-- \/wp:paragraph --><!-- wp:heading -->\r\n<h2>Media<\/h2>\r\n<!-- \/wp:heading --><!-- wp:paragraph -->\r\n<p><strong class=\"privacy-policy-tutorial\">Suggested text: <\/strong>If you upload images to the website, you should avoid uploading images with embedded location data (EXIF GPS) included. Visitors to the website can download and extract any location data from images on the website.<\/p>\r\n<!-- \/wp:paragraph --><!-- wp:heading -->\r\n<h2>Cookies<\/h2>\r\n<!-- \/wp:heading --><!-- wp:paragraph -->\r\n<p><strong class=\"privacy-policy-tutorial\">Suggested text: <\/strong>If you leave a comment on our site you may opt-in to saving your name, email address and website in cookies. These are for your convenience so that you do not have to fill in your details again when you leave another comment. These cookies will last for one year.<\/p>\r\n<!-- \/wp:paragraph --><!-- wp:paragraph -->\r\n<p>If you visit our login page, we will set a temporary cookie to determine if your browser accepts cookies. This cookie contains no personal data and is discarded when you close your browser.<\/p>\r\n<!-- \/wp:paragraph --><!-- wp:paragraph -->\r\n<p>When you log in, we will also set up several cookies to save your login information and your screen display choices. Login cookies last for two days, and screen options cookies last for a year. If you select \"Remember Me\", your login will persist for two weeks. If you log out of your account, the login cookies will be removed.<\/p>\r\n<!-- \/wp:paragraph --><!-- wp:paragraph -->\r\n<p>If you edit or publish an article, an additional cookie will be saved in your browser. This cookie includes no personal data and simply indicates the post ID of the article you just edited. It expires after 1 day.<\/p>\r\n<!-- \/wp:paragraph --><!-- wp:heading -->\r\n<h2>Embedded content from other websites<\/h2>\r\n<!-- \/wp:heading --><!-- wp:paragraph -->\r\n<p><strong class=\"privacy-policy-tutorial\">Suggested text: <\/strong>Articles on this site may include embedded content (e.g. videos, images, articles, etc.). Embedded content from other websites behaves in the exact same way as if the visitor has visited the other website.<\/p>\r\n<!-- \/wp:paragraph --><!-- wp:paragraph -->\r\n<p>These websites may collect data about you, use cookies, embed additional third-party tracking, and monitor your interaction with that embedded content, including tracking your interaction with the embedded content if you have an account and are logged in to that website.<\/p>\r\n<!-- \/wp:paragraph --><!-- wp:heading -->\r\n<h2>Who we share your data with<\/h2>\r\n<!-- \/wp:heading --><!-- wp:paragraph -->\r\n<p><strong class=\"privacy-policy-tutorial\">Suggested text: <\/strong>If you request a password reset, your IP address will be included in the reset email.<\/p>\r\n<!-- \/wp:paragraph --><!-- wp:heading -->\r\n<h2>How long we retain your data<\/h2>\r\n<!-- \/wp:heading --><!-- wp:paragraph -->\r\n<p><strong class=\"privacy-policy-tutorial\">Suggested text: <\/strong>If you leave a comment, the comment and its metadata are retained indefinitely. This is so we can recognize and approve any follow-up comments automatically instead of holding them in a moderation queue.<\/p>\r\n<!-- \/wp:paragraph --><!-- wp:paragraph -->\r\n<p>For users that register on our website (if any), we also store the personal information they provide in their user profile. All users can see, edit, or delete their personal information at any time (except they cannot change their username). Website administrators can also see and edit that information.<\/p>\r\n<!-- \/wp:paragraph --><!-- wp:heading -->\r\n<h2>What rights you have over your data<\/h2>\r\n<!-- \/wp:heading --><!-- wp:paragraph -->\r\n<p><strong class=\"privacy-policy-tutorial\">Suggested text: <\/strong>If you have an account on this site, or have left comments, you can request to receive an exported file of the personal data we hold about you, including any data you have provided to us. You can also request that we erase any personal data we hold about you. This does not include any data we are obliged to keep for administrative, legal, or security purposes.<\/p>\r\n<!-- \/wp:paragraph --><!-- wp:heading -->\r\n<h2>Where we send your data<\/h2>\r\n<!-- \/wp:heading --><!-- wp:paragraph -->\r\n<p><strong class=\"privacy-policy-tutorial\">Suggested text: <\/strong>Visitor comments may be checked through an automated spam detection service.<\/p>\r\n<!-- \/wp:paragraph -->","_et_gb_content_width":"","footnotes":""},"class_list":["post-1172","page","type-page","status-publish","hentry"],"yoast_head":"<!-- This site is optimized with the Yoast SEO plugin v25.5 - https:\/\/yoast.com\/wordpress\/plugins\/seo\/ -->\n<title>Politique relative aux cookies - KGLOB IMPORT Seja importador \/ distribuidor<\/title>\n<meta name=\"robots\" content=\"index, nofollow, max-snippet:-1, max-image-preview:large, max-video-preview:-1\" \/>\n<link rel=\"canonical\" href=\"https:\/\/kglobimport.com\/fr\/politica-de-cookies\/\" \/>\n<meta property=\"og:locale\" content=\"fr_FR\" \/>\n<meta property=\"og:type\" content=\"article\" \/>\n<meta property=\"og:title\" content=\"Politique relative aux cookies - KGLOB IMPORT Seja importador \/ distribuidor\" \/>\n<meta property=\"og:description\" content=\"Cette Politique relative aux cookies a \u00e9t\u00e9 mise \u00e0 jour en juillet 2025 et s\u2019applique au site web kglobimport.com, ci-apr\u00e8s d\u00e9nomm\u00e9 \u00ab\u00a0le site web\u00a0\u00bb, qui utilise des cookies et autres technologies connexes (par simplification, toutes ces technologies sont d\u00e9sign\u00e9es par le terme \u00ab\u00a0cookies\u00a0\u00bb) ins\u00e9r\u00e9s par des tiers que nous avons contact\u00e9s. Nous vous informons ci-dessous [&hellip;]\" \/>\n<meta property=\"og:url\" content=\"https:\/\/kglobimport.com\/fr\/politica-de-cookies\/\" \/>\n<meta property=\"og:site_name\" content=\"KGLOB IMPORT Seja importador \/ distribuidor\" \/>\n<meta property=\"article:publisher\" content=\"https:\/\/www.facebook.com\/KGLOB-2054932881486148\/\" \/>\n<meta property=\"article:modified_time\" content=\"2025-07-28T11:56:24+00:00\" \/>\n<meta name=\"twitter:card\" content=\"summary_large_image\" \/>\n<meta name=\"twitter:label1\" content=\"Dur\u00e9e de lecture estim\u00e9e\" \/>\n\t<meta name=\"twitter:data1\" content=\"4 minutes\" \/>\n<script type=\"application\/ld+json\" class=\"yoast-schema-graph\">{\"@context\":\"https:\/\/schema.org\",\"@graph\":[{\"@type\":\"WebPage\",\"@id\":\"https:\/\/kglobimport.com\/fr\/politica-de-cookies\/\",\"url\":\"https:\/\/kglobimport.com\/fr\/politica-de-cookies\/\",\"name\":\"Politique relative aux cookies - KGLOB IMPORT Seja importador \/ distribuidor\",\"isPartOf\":{\"@id\":\"https:\/\/kglobimport.com\/fr\/#website\"},\"datePublished\":\"2025-07-27T23:11:56+00:00\",\"dateModified\":\"2025-07-28T11:56:24+00:00\",\"breadcrumb\":{\"@id\":\"https:\/\/kglobimport.com\/fr\/politica-de-cookies\/#breadcrumb\"},\"inLanguage\":\"fr-FR\",\"potentialAction\":[{\"@type\":\"ReadAction\",\"target\":[\"https:\/\/kglobimport.com\/fr\/politica-de-cookies\/\"]}]},{\"@type\":\"BreadcrumbList\",\"@id\":\"https:\/\/kglobimport.com\/fr\/politica-de-cookies\/#breadcrumb\",\"itemListElement\":[{\"@type\":\"ListItem\",\"position\":1,\"name\":\"In\u00edcio\",\"item\":\"https:\/\/kglobimport.com\/fr\/\"},{\"@type\":\"ListItem\",\"position\":2,\"name\":\"Politique relative aux cookies\"}]},{\"@type\":\"WebSite\",\"@id\":\"https:\/\/kglobimport.com\/fr\/#website\",\"url\":\"https:\/\/kglobimport.com\/fr\/\",\"name\":\"KGLOB - PRODUTOS GOURMET\",\"description\":\"Seja importador \/ distribuidor das nossas marcas pr\u00f3prias, com exclusividade na sua regi\u00e3o. Vinhos, espumantes, bebidas espirituosas e tamb\u00e9m bebidas em lata.\",\"potentialAction\":[{\"@type\":\"SearchAction\",\"target\":{\"@type\":\"EntryPoint\",\"urlTemplate\":\"https:\/\/kglobimport.com\/fr\/?s={search_term_string}\"},\"query-input\":{\"@type\":\"PropertyValueSpecification\",\"valueRequired\":true,\"valueName\":\"search_term_string\"}}],\"inLanguage\":\"fr-FR\"}]}<\/script>\n<!-- \/ Yoast SEO plugin. -->","yoast_head_json":{"title":"Politique relative aux cookies - KGLOB IMPORT Seja importador \/ distribuidor","robots":{"index":"index","follow":"nofollow","max-snippet":"max-snippet:-1","max-image-preview":"max-image-preview:large","max-video-preview":"max-video-preview:-1"},"canonical":"https:\/\/kglobimport.com\/fr\/politica-de-cookies\/","og_locale":"fr_FR","og_type":"article","og_title":"Politique relative aux cookies - KGLOB IMPORT Seja importador \/ distribuidor","og_description":"Cette Politique relative aux cookies a \u00e9t\u00e9 mise \u00e0 jour en juillet 2025 et s\u2019applique au site web kglobimport.com, ci-apr\u00e8s d\u00e9nomm\u00e9 \u00ab\u00a0le site web\u00a0\u00bb, qui utilise des cookies et autres technologies connexes (par simplification, toutes ces technologies sont d\u00e9sign\u00e9es par le terme \u00ab\u00a0cookies\u00a0\u00bb) ins\u00e9r\u00e9s par des tiers que nous avons contact\u00e9s. Nous vous informons ci-dessous [&hellip;]","og_url":"https:\/\/kglobimport.com\/fr\/politica-de-cookies\/","og_site_name":"KGLOB IMPORT Seja importador \/ distribuidor","article_publisher":"https:\/\/www.facebook.com\/KGLOB-2054932881486148\/","article_modified_time":"2025-07-28T11:56:24+00:00","twitter_card":"summary_large_image","twitter_misc":{"Dur\u00e9e de lecture estim\u00e9e":"4 minutes"},"schema":{"@context":"https:\/\/schema.org","@graph":[{"@type":"WebPage","@id":"https:\/\/kglobimport.com\/fr\/politica-de-cookies\/","url":"https:\/\/kglobimport.com\/fr\/politica-de-cookies\/","name":"Politique relative aux cookies - KGLOB IMPORT Seja importador \/ distribuidor","isPartOf":{"@id":"https:\/\/kglobimport.com\/fr\/#website"},"datePublished":"2025-07-27T23:11:56+00:00","dateModified":"2025-07-28T11:56:24+00:00","breadcrumb":{"@id":"https:\/\/kglobimport.com\/fr\/politica-de-cookies\/#breadcrumb"},"inLanguage":"fr-FR","potentialAction":[{"@type":"ReadAction","target":["https:\/\/kglobimport.com\/fr\/politica-de-cookies\/"]}]},{"@type":"BreadcrumbList","@id":"https:\/\/kglobimport.com\/fr\/politica-de-cookies\/#breadcrumb","itemListElement":[{"@type":"ListItem","position":1,"name":"In\u00edcio","item":"https:\/\/kglobimport.com\/fr\/"},{"@type":"ListItem","position":2,"name":"Politique relative aux cookies"}]},{"@type":"WebSite","@id":"https:\/\/kglobimport.com\/fr\/#website","url":"https:\/\/kglobimport.com\/fr\/","name":"KGLOB - PRODUTOS GOURMET","description":"Seja importador \/ distribuidor das nossas marcas pr\u00f3prias, com exclusividade na sua regi\u00e3o. Vinhos, espumantes, bebidas espirituosas e tamb\u00e9m bebidas em lata.","potentialAction":[{"@type":"SearchAction","target":{"@type":"EntryPoint","urlTemplate":"https:\/\/kglobimport.com\/fr\/?s={search_term_string}"},"query-input":{"@type":"PropertyValueSpecification","valueRequired":true,"valueName":"search_term_string"}}],"inLanguage":"fr-FR"}]}},"_links":{"self":[{"href":"https:\/\/kglobimport.com\/fr\/wp-json\/wp\/v2\/pages\/1172","targetHints":{"allow":["GET"]}}],"collection":[{"href":"https:\/\/kglobimport.com\/fr\/wp-json\/wp\/v2\/pages"}],"about":[{"href":"https:\/\/kglobimport.com\/fr\/wp-json\/wp\/v2\/types\/page"}],"author":[{"embeddable":true,"href":"https:\/\/kglobimport.com\/fr\/wp-json\/wp\/v2\/users\/1"}],"replies":[{"embeddable":true,"href":"https:\/\/kglobimport.com\/fr\/wp-json\/wp\/v2\/comments?post=1172"}],"version-history":[{"count":4,"href":"https:\/\/kglobimport.com\/fr\/wp-json\/wp\/v2\/pages\/1172\/revisions"}],"predecessor-version":[{"id":1177,"href":"https:\/\/kglobimport.com\/fr\/wp-json\/wp\/v2\/pages\/1172\/revisions\/1177"}],"wp:attachment":[{"href":"https:\/\/kglobimport.com\/fr\/wp-json\/wp\/v2\/media?parent=1172"}],"curies":[{"name":"wp","href":"https:\/\/api.w.org\/{rel}","templated":true}]}}