{"id":848,"date":"2021-11-18T13:37:52","date_gmt":"2021-11-18T13:37:52","guid":{"rendered":"https:\/\/kglobimport.com\/politica-de-privacidade\/"},"modified":"2025-07-28T11:57:26","modified_gmt":"2025-07-28T11:57:26","slug":"politica-de-privacidade","status":"publish","type":"page","link":"https:\/\/kglobimport.com\/fr\/politica-de-privacidade\/","title":{"rendered":"Politique de confidentialit\u00e9"},"content":{"rendered":"<p>[et_pb_section fb_built=\u00a0\u00bb1&Prime; fullwidth=\u00a0\u00bbon\u00a0\u00bb _builder_version=\u00a0\u00bb4.16&Prime; custom_margin=\u00a0\u00bb||0px||false|false\u00a0\u00bb custom_padding=\u00a0\u00bb0px|4px|0px||false|false\u00a0\u00bb global_colors_info=\u00a0\u00bb{}\u00a0\u00bb][et_pb_fullwidth_post_title meta=\u00a0\u00bboff\u00a0\u00bb featured_image=\u00a0\u00bboff\u00a0\u00bb _builder_version=\u00a0\u00bb4.16&Prime; title_level=\u00a0\u00bbh2&Prime; title_font=\u00a0\u00bbLato|700|||||||\u00a0\u00bb title_text_align=\u00a0\u00bbcenter\u00a0\u00bb title_text_color=\u00a0\u00bb#FFFFFF\u00a0\u00bb title_font_size=\u00a0\u00bb50px\u00a0\u00bb background_color=\u00a0\u00bb#000000&Prime; vertical_offset_tablet=\u00a0\u00bb0&Prime; horizontal_offset_tablet=\u00a0\u00bb0&Prime; custom_padding=\u00a0\u00bb||75px|||\u00a0\u00bb z_index_tablet=\u00a0\u00bb0&Prime; title_text_shadow_horizontal_length_tablet=\u00a0\u00bb0px\u00a0\u00bb title_text_shadow_vertical_length_tablet=\u00a0\u00bb0px\u00a0\u00bb title_text_shadow_blur_strength_tablet=\u00a0\u00bb1px\u00a0\u00bb meta_text_shadow_horizontal_length_tablet=\u00a0\u00bb0px\u00a0\u00bb meta_text_shadow_vertical_length_tablet=\u00a0\u00bb0px\u00a0\u00bb meta_text_shadow_blur_strength_tablet=\u00a0\u00bb1px\u00a0\u00bb box_shadow_horizontal_tablet=\u00a0\u00bb0px\u00a0\u00bb box_shadow_vertical_tablet=\u00a0\u00bb0px\u00a0\u00bb box_shadow_blur_tablet=\u00a0\u00bb40px\u00a0\u00bb box_shadow_spread_tablet=\u00a0\u00bb0px\u00a0\u00bb text_shadow_horizontal_length_tablet=\u00a0\u00bb0px\u00a0\u00bb text_shadow_vertical_length_tablet=\u00a0\u00bb0px\u00a0\u00bb text_shadow_blur_strength_tablet=\u00a0\u00bb1px\u00a0\u00bb global_colors_info=\u00a0\u00bb{}\u00a0\u00bb][\/et_pb_fullwidth_post_title][\/et_pb_section][et_pb_section fb_built=\u00a0\u00bb1&Prime; _builder_version=\u00a0\u00bb4.16&Prime; custom_margin=\u00a0\u00bb0px|||||\u00a0\u00bb global_colors_info=\u00a0\u00bb{}\u00a0\u00bb][et_pb_row _builder_version=\u00a0\u00bb4.16&Prime; background_size=\u00a0\u00bbinitial\u00a0\u00bb background_position=\u00a0\u00bbtop_left\u00a0\u00bb background_repeat=\u00a0\u00bbrepeat\u00a0\u00bb max_width=\u00a0\u00bb100%\u00a0\u00bb global_colors_info=\u00a0\u00bb{}\u00a0\u00bb][et_pb_column type=\u00a0\u00bb4_4&Prime; _builder_version=\u00a0\u00bb4.16&Prime; custom_padding=\u00a0\u00bb|||\u00a0\u00bb global_colors_info=\u00a0\u00bb{}\u00a0\u00bb custom_padding__hover=\u00a0\u00bb|||\u00a0\u00bb][et_pb_text _builder_version=\u00a0\u00bb4.27.4&Prime; link_text_color=\u00a0\u00bb#000000&Prime; background_size=\u00a0\u00bbinitial\u00a0\u00bb background_position=\u00a0\u00bbtop_left\u00a0\u00bb background_repeat=\u00a0\u00bbrepeat\u00a0\u00bb hover_enabled=\u00a0\u00bb0&Prime; global_colors_info=\u00a0\u00bb{}\u00a0\u00bb sticky_enabled=\u00a0\u00bb0&Prime;]<\/p>\n<p><span style=\"color: rgba(0, 0, 0, 0.7);\"><\/span><\/p>\n<div class=\"et_pb_row et_pb_row_0\">\n<div class=\"et_pb_column et_pb_column_4_4 et_pb_column_0 et_pb_css_mix_blend_mode_passthrough et-last-child\">\n<div class=\"et_pb_module et_pb_text et_pb_text_0 et_pb_text_align_center et_pb_bg_layout_light\">\n<div class=\"et_pb_text_inner\">\n<p style=\"text-align: left;\">L\u2019objectif est d\u2019informer les utilisateurs du site web<span> <\/span><a href=\"https:\/\/kglobimport.com\/fr\/\">kglobimport.com\/fr\/<\/a><span>\u00a0<\/span>des r\u00e8gles g\u00e9n\u00e9rales de traitement des donn\u00e9es personnelles, lesquelles sont collect\u00e9es et trait\u00e9es dans le strict respect des dispositions de la l\u00e9gislation en vigueur en mati\u00e8re de protection des donn\u00e9es personnelles.<\/p>\n<p style=\"text-align: left;\">Nous nous engageons \u00e0 prot\u00e9ger et \u00e0 pr\u00e9server la confidentialit\u00e9 des donn\u00e9es personnelles et avons adopt\u00e9 les mesures que nous jugeons appropri\u00e9es pour garantir l\u2019exactitude, l\u2019int\u00e9grit\u00e9 et la confidentialit\u00e9 des donn\u00e9es personnelles, ainsi que tous les autres droits des personnes concern\u00e9es.<\/p>\n<p style=\"text-align: left;\">Cette d\u00e9claration de confidentialit\u00e9 a \u00e9t\u00e9 mise \u00e0 jour pour la derni\u00e8re fois en juillet 2025.<\/p>\n<p style=\"text-align: left;\">Dans cette d\u00e9claration de confidentialit\u00e9, nous expliquons ce que nous faisons des donn\u00e9es que nous obtenons via ce site web. Nous vous recommandons de la lire attentivement.<\/p>\n<p style=\"text-align: left;\"><strong>Nous respectons les exigences de la l\u00e9gislation sur la protection de la vie priv\u00e9e\u00a0:<\/strong><\/p>\n<ol style=\"text-align: left;\">\n<li>Nous d\u00e9clarons les finalit\u00e9s pour lesquelles nous traitons les donn\u00e9es personnelles.<\/li>\n<li>Nous le faisons par le biais de cette d\u00e9claration de confidentialit\u00e9 ;<\/li>\n<li>Nous nous effor\u00e7ons de limiter la collecte de donn\u00e9es personnelles aux seules donn\u00e9es personnelles n\u00e9cessaires \u00e0 des fins l\u00e9gitimes ;<\/li>\n<li>Nous demandons pr\u00e9alablement votre consentement explicite pour traiter vos donn\u00e9es personnelles dans les cas o\u00f9 votre consentement est requis ;<\/li>\n<li>Nous prenons des mesures de s\u00e9curit\u00e9 appropri\u00e9es pour prot\u00e9ger vos donn\u00e9es personnelles et nous exigeons \u00e9galement ces mesures de la part des parties qui traitent des donn\u00e9es personnelles pour notre compte ; Nous respectons votre droit d\u2019acc\u00e8s, de rectification ou de suppression de vos donn\u00e9es personnelles, sur simple demande.<\/li>\n<\/ol>\n<p style=\"text-align: left;\">Pour toute question ou pour conna\u00eetre pr\u00e9cis\u00e9ment les donn\u00e9es que nous d\u00e9tenons \u00e0 votre sujet, veuillez nous contacter \u00e0 l\u2019adresse e-mail indiqu\u00e9e au dernier point de la pr\u00e9sente Politique de confidentialit\u00e9.<\/p>\n<p style=\"text-align: left;\"><strong>Principes g\u00e9n\u00e9raux<\/strong><\/p>\n<p style=\"text-align: left;\">Nous nous engageons \u00e0 garantir que les donn\u00e9es personnelles sont\u00a0:<\/p>\n<ol style=\"text-align: left;\">\n<li>Trait\u00e9es de mani\u00e8re licite, loyale et transparente au regard des personnes concern\u00e9es, collect\u00e9es pour des finalit\u00e9s d\u00e9termin\u00e9es, explicites et l\u00e9gitimes, et ne sont pas trait\u00e9es ult\u00e9rieurement de mani\u00e8re incompatible avec ces finalit\u00e9s ;<\/li>\n<li>Conserv\u00e9es sous une forme permettant l\u2019identification des personnes concern\u00e9es pendant une dur\u00e9e n\u2019exc\u00e9dant pas celle n\u00e9cessaire aux finalit\u00e9s du traitement ;<\/li>\n<li>Trait\u00e9es de mani\u00e8re \u00e0 garantir leur s\u00e9curit\u00e9, notamment contre tout traitement non autoris\u00e9 ou illicite, ainsi que contre leur perte, destruction ou dommages impr\u00e9vus, gr\u00e2ce \u00e0 l\u2019adoption de mesures techniques ou organisationnelles appropri\u00e9es.<\/li>\n<\/ol>\n<p style=\"text-align: left;\"><strong>Finalit\u00e9s de la collecte des donn\u00e9es personnelles<\/strong><\/p>\n<p style=\"text-align: left;\">Nous pouvons collecter ou recevoir des informations personnelles \u00e0 diverses fins li\u00e9es \u00e0 nos activit\u00e9s commerciales, notamment pour vous contacter par t\u00e9l\u00e9phone, courrier, e-mail et\/ou via des formulaires web.<\/p>\n<p style=\"text-align: left;\">Nous utilisons les donn\u00e9es suivantes\u00a0: nom, site web, adresse, num\u00e9ro fiscal, e-mail et num\u00e9ro de t\u00e9l\u00e9phone.<\/p>\n<p style=\"text-align: left;\">Nous traitons ces donn\u00e9es sur la base des \u00e9l\u00e9ments suivants\u00a0:<\/p>\n<ol style=\"text-align: left;\">\n<li>Pour respecter une obligation l\u00e9gale ou contractuelle, par exemple lorsque nous vous fournissons l\u2019un de nos services ;<\/li>\n<li>Pour vous fournir nos services de newsletter, uniquement sur demande (nom et e-mail);<\/li>\n<li>Lors de l\u2019utilisation du formulaire de contact, les donn\u00e9es collect\u00e9es ont pour seul but de r\u00e9pondre aux demandes d\u2019informations du client, de g\u00e9rer ses commandes et de contr\u00f4ler la qualit\u00e9 des services fournis (nom, e-mail, num\u00e9ro de t\u00e9l\u00e9phone) ;<\/li>\n<\/ol>\n<p style=\"text-align: left;\"><strong>Dur\u00e9e de conservation des donn\u00e9es personnelles<\/strong><\/p>\n<p style=\"text-align: left;\">Nous conservons les donn\u00e9es personnelles uniquement pendant la dur\u00e9e n\u00e9cessaire \u00e0 la r\u00e9alisation des finalit\u00e9s pour lesquelles elles ont \u00e9t\u00e9 collect\u00e9es. Toutefois, nous pouvons \u00eatre amen\u00e9s \u00e0 conserver certaines donn\u00e9es personnelles plus longtemps, compte tenu de facteurs juridiques.<\/p>\n<p style=\"text-align: left;\">Pendant la p\u00e9riode de traitement des donn\u00e9es personnelles, nous veillons \u00e0 ce qu\u2019elles soient trait\u00e9es conform\u00e9ment \u00e0 la pr\u00e9sente Politique de confidentialit\u00e9. D\u00e8s que les donn\u00e9es ne sont plus n\u00e9cessaires, nous les supprimerons de mani\u00e8re s\u00e9curis\u00e9e.<\/p>\n<p style=\"text-align: left;\">Concernant le consentement, le retrait de celui-ci n\u2019invalide pas le traitement effectu\u00e9 jusqu\u2019\u00e0 cette date sur la base du consentement pr\u00e9c\u00e9demment donn\u00e9.<\/p>\n<p style=\"text-align: left;\"><strong>Vos droits<\/strong><br \/>Vous avez le droit de\u00a0:<\/p>\n<ol style=\"text-align: left;\">\n<li>\u00catre inform\u00e9(e)<\/li>\n<li>Acc\u00e9der aux donn\u00e9es, les rectifier, les limiter et les effacer<\/li>\n<li>La portabilit\u00e9 des donn\u00e9es<\/li>\n<li>S\u2019opposer aux donn\u00e9es<\/li>\n<li>Porter plainte aupr\u00e8s des autorit\u00e9s comp\u00e9tentes<\/li>\n<\/ol>\n<p style=\"text-align: left;\"><strong>Pratiques de divulgation<\/strong><\/p>\n<p style=\"text-align: left;\">Voici des informations sur nos pratiques de divulgation :<\/p>\n<ol style=\"text-align: left;\">\n<li>Nous divulguons des informations personnelles si la loi ou une d\u00e9cision de justice nous y oblige.<\/li>\n<li>Si notre site web ou notre organisation est acquis, vendu ou impliqu\u00e9 dans une fusion ou une acquisition, vos donn\u00e9es pourront \u00eatre divulgu\u00e9es \u00e0 nos conseillers et \u00e0 tout acqu\u00e9reur potentiel et seront transmises aux nouveaux propri\u00e9taires.<\/li>\n<li>Un accord de traitement des donn\u00e9es est en vigueur avec Google, mais Google ne peut pas utiliser les donn\u00e9es pour d\u2019autres services Google.<\/li>\n<li>Nous bloquons l\u2019inclusion des adresses IP compl\u00e8tes.<\/li>\n<\/ol>\n<p style=\"text-align: left;\"><strong>S\u00e9curit\u00e9<\/strong><\/p>\n<p style=\"text-align: left;\">Nous nous engageons \u00e0 assurer la s\u00e9curit\u00e9 des donn\u00e9es personnelles. Nous prenons les mesures de s\u00e9curit\u00e9 appropri\u00e9es pour limiter les abus et les acc\u00e8s non autoris\u00e9s aux donn\u00e9es personnelles.<\/p>\n<p style=\"text-align: left;\"><strong>Sites tiers<\/strong><\/p>\n<p style=\"text-align: left;\">Cette d\u00e9claration de confidentialit\u00e9 ne s\u2019applique pas aux sites web tiers li\u00e9s \u00e0 notre site web. Nous ne pouvons garantir que ces tiers traiteront vos donn\u00e9es personnelles de mani\u00e8re fiable et s\u00e9curis\u00e9e. Nous vous recommandons de lire les d\u00e9clarations de confidentialit\u00e9 de ces sites web avant de les utiliser.<\/p>\n<p style=\"text-align: left;\"><strong>Modifications de cette d\u00e9claration de confidentialit\u00e9<\/strong><\/p>\n<p style=\"text-align: left;\">Nous nous r\u00e9servons le droit d\u2019apporter des modifications \u00e0 cette d\u00e9claration de confidentialit\u00e9. Il est recommand\u00e9 de la consulter r\u00e9guli\u00e8rement afin de prendre connaissance de toute modification. De plus, nous vous informerons activement d\u00e8s que possible.<\/p>\n<p style=\"text-align: left;\"><strong>Cookies<\/strong><\/p>\n<p style=\"text-align: left;\">Notre site web utilise des cookies. Pour plus d\u2019informations sur les cookies, veuillez consulter notre<span>\u00a0<\/span><a href=\"https:\/\/kglobimport.com\/fr\/politica-de-cookies\/\" target=\"_blank\" rel=\"noopener\">Politique relative aux cookies<\/a>.<\/p>\n<p style=\"text-align: left;\"><strong>Coordonn\u00e9es<\/strong><\/p>\n<p style=\"text-align: left;\">Nom de l\u2019entreprise: <span>Kl Force, Lda<\/span><\/p>\n<p style=\"text-align: left;\">Num\u00e9ro fiscal: <span>506744680<\/span><\/p>\n<p style=\"text-align: left;\">Adresse: <span>Alameda da Beloura, Edif\u00edcio N\u00ba 4 \u2013 Esc: 2.6, Quinta da Beloura\u00a0<\/span><\/p>\n<p style=\"text-align: left;\">CEP: <span>2710-693 Sintra<\/span><\/p>\n<p style=\"text-align: left;\">Courriel: <a href=\"mailto:info@kglobimport.com\">geral@klforce.com<\/a><\/p>\n<\/div>\n<\/div>\n<\/div>\n<\/div>\n<p>&nbsp;<\/p>\n<p>[\/et_pb_text][\/et_pb_column][\/et_pb_row][\/et_pb_section]<\/p>\n","protected":false},"excerpt":{"rendered":"<p>L\u2019objectif est d\u2019informer les utilisateurs du site web kglobimport.com\/fr\/\u00a0des r\u00e8gles g\u00e9n\u00e9rales de traitement des donn\u00e9es personnelles, lesquelles sont collect\u00e9es et trait\u00e9es dans le strict respect des dispositions de la l\u00e9gislation en vigueur en mati\u00e8re de protection des donn\u00e9es personnelles. Nous nous engageons \u00e0 prot\u00e9ger et \u00e0 pr\u00e9server la confidentialit\u00e9 des donn\u00e9es personnelles et avons adopt\u00e9 [&hellip;]<\/p>\n","protected":false},"author":1,"featured_media":0,"parent":0,"menu_order":0,"comment_status":"closed","ping_status":"closed","template":"","meta":{"_et_pb_use_builder":"on","_et_pb_old_content":"<!-- wp:heading -->\r\n<h2>Who we are<\/h2>\r\n<!-- \/wp:heading --><!-- wp:paragraph -->\r\n<p><strong class=\"privacy-policy-tutorial\">Suggested text: <\/strong>Our website address is: https:\/\/kglobimport.com.<\/p>\r\n<!-- \/wp:paragraph --><!-- wp:heading -->\r\n<h2>Comments<\/h2>\r\n<!-- \/wp:heading --><!-- wp:paragraph -->\r\n<p><strong class=\"privacy-policy-tutorial\">Suggested text: <\/strong>When visitors leave comments on the site we collect the data shown in the comments form, and also the visitor\u2019s IP address and browser user agent string to help spam detection.<\/p>\r\n<!-- \/wp:paragraph --><!-- wp:paragraph -->\r\n<p>An anonymized string created from your email address (also called a hash) may be provided to the Gravatar service to see if you are using it. The Gravatar service privacy policy is available here: https:\/\/automattic.com\/privacy\/. After approval of your comment, your profile picture is visible to the public in the context of your comment.<\/p>\r\n<!-- \/wp:paragraph --><!-- wp:heading -->\r\n<h2>Media<\/h2>\r\n<!-- \/wp:heading --><!-- wp:paragraph -->\r\n<p><strong class=\"privacy-policy-tutorial\">Suggested text: <\/strong>If you upload images to the website, you should avoid uploading images with embedded location data (EXIF GPS) included. Visitors to the website can download and extract any location data from images on the website.<\/p>\r\n<!-- \/wp:paragraph --><!-- wp:heading -->\r\n<h2>Cookies<\/h2>\r\n<!-- \/wp:heading --><!-- wp:paragraph -->\r\n<p><strong class=\"privacy-policy-tutorial\">Suggested text: <\/strong>If you leave a comment on our site you may opt-in to saving your name, email address and website in cookies. These are for your convenience so that you do not have to fill in your details again when you leave another comment. These cookies will last for one year.<\/p>\r\n<!-- \/wp:paragraph --><!-- wp:paragraph -->\r\n<p>If you visit our login page, we will set a temporary cookie to determine if your browser accepts cookies. This cookie contains no personal data and is discarded when you close your browser.<\/p>\r\n<!-- \/wp:paragraph --><!-- wp:paragraph -->\r\n<p>When you log in, we will also set up several cookies to save your login information and your screen display choices. Login cookies last for two days, and screen options cookies last for a year. If you select \"Remember Me\", your login will persist for two weeks. If you log out of your account, the login cookies will be removed.<\/p>\r\n<!-- \/wp:paragraph --><!-- wp:paragraph -->\r\n<p>If you edit or publish an article, an additional cookie will be saved in your browser. This cookie includes no personal data and simply indicates the post ID of the article you just edited. It expires after 1 day.<\/p>\r\n<!-- \/wp:paragraph --><!-- wp:heading -->\r\n<h2>Embedded content from other websites<\/h2>\r\n<!-- \/wp:heading --><!-- wp:paragraph -->\r\n<p><strong class=\"privacy-policy-tutorial\">Suggested text: <\/strong>Articles on this site may include embedded content (e.g. videos, images, articles, etc.). Embedded content from other websites behaves in the exact same way as if the visitor has visited the other website.<\/p>\r\n<!-- \/wp:paragraph --><!-- wp:paragraph -->\r\n<p>These websites may collect data about you, use cookies, embed additional third-party tracking, and monitor your interaction with that embedded content, including tracking your interaction with the embedded content if you have an account and are logged in to that website.<\/p>\r\n<!-- \/wp:paragraph --><!-- wp:heading -->\r\n<h2>Who we share your data with<\/h2>\r\n<!-- \/wp:heading --><!-- wp:paragraph -->\r\n<p><strong class=\"privacy-policy-tutorial\">Suggested text: <\/strong>If you request a password reset, your IP address will be included in the reset email.<\/p>\r\n<!-- \/wp:paragraph --><!-- wp:heading -->\r\n<h2>How long we retain your data<\/h2>\r\n<!-- \/wp:heading --><!-- wp:paragraph -->\r\n<p><strong class=\"privacy-policy-tutorial\">Suggested text: <\/strong>If you leave a comment, the comment and its metadata are retained indefinitely. This is so we can recognize and approve any follow-up comments automatically instead of holding them in a moderation queue.<\/p>\r\n<!-- \/wp:paragraph --><!-- wp:paragraph -->\r\n<p>For users that register on our website (if any), we also store the personal information they provide in their user profile. All users can see, edit, or delete their personal information at any time (except they cannot change their username). Website administrators can also see and edit that information.<\/p>\r\n<!-- \/wp:paragraph --><!-- wp:heading -->\r\n<h2>What rights you have over your data<\/h2>\r\n<!-- \/wp:heading --><!-- wp:paragraph -->\r\n<p><strong class=\"privacy-policy-tutorial\">Suggested text: <\/strong>If you have an account on this site, or have left comments, you can request to receive an exported file of the personal data we hold about you, including any data you have provided to us. You can also request that we erase any personal data we hold about you. This does not include any data we are obliged to keep for administrative, legal, or security purposes.<\/p>\r\n<!-- \/wp:paragraph --><!-- wp:heading -->\r\n<h2>Where we send your data<\/h2>\r\n<!-- \/wp:heading --><!-- wp:paragraph -->\r\n<p><strong class=\"privacy-policy-tutorial\">Suggested text: <\/strong>Visitor comments may be checked through an automated spam detection service.<\/p>\r\n<!-- \/wp:paragraph -->","_et_gb_content_width":"","footnotes":""},"class_list":["post-848","page","type-page","status-publish","hentry"],"yoast_head":"<!-- This site is optimized with the Yoast SEO plugin v25.5 - https:\/\/yoast.com\/wordpress\/plugins\/seo\/ -->\n<title>Politique de confidentialit\u00e9 - KGLOB IMPORT Seja importador \/ distribuidor<\/title>\n<meta name=\"robots\" content=\"index, nofollow, max-snippet:-1, max-image-preview:large, max-video-preview:-1\" \/>\n<link rel=\"canonical\" href=\"https:\/\/kglobimport.com\/fr\/politica-de-privacidade\/\" \/>\n<meta property=\"og:locale\" content=\"fr_FR\" \/>\n<meta property=\"og:type\" content=\"article\" \/>\n<meta property=\"og:title\" content=\"Politique de confidentialit\u00e9 - KGLOB IMPORT Seja importador \/ distribuidor\" \/>\n<meta property=\"og:description\" content=\"L\u2019objectif est d\u2019informer les utilisateurs du site web kglobimport.com\/fr\/\u00a0des r\u00e8gles g\u00e9n\u00e9rales de traitement des donn\u00e9es personnelles, lesquelles sont collect\u00e9es et trait\u00e9es dans le strict respect des dispositions de la l\u00e9gislation en vigueur en mati\u00e8re de protection des donn\u00e9es personnelles. Nous nous engageons \u00e0 prot\u00e9ger et \u00e0 pr\u00e9server la confidentialit\u00e9 des donn\u00e9es personnelles et avons adopt\u00e9 [&hellip;]\" \/>\n<meta property=\"og:url\" content=\"https:\/\/kglobimport.com\/fr\/politica-de-privacidade\/\" \/>\n<meta property=\"og:site_name\" content=\"KGLOB IMPORT Seja importador \/ distribuidor\" \/>\n<meta property=\"article:publisher\" content=\"https:\/\/www.facebook.com\/KGLOB-2054932881486148\/\" \/>\n<meta property=\"article:modified_time\" content=\"2025-07-28T11:57:26+00:00\" \/>\n<meta name=\"twitter:card\" content=\"summary_large_image\" \/>\n<meta name=\"twitter:label1\" content=\"Dur\u00e9e de lecture estim\u00e9e\" \/>\n\t<meta name=\"twitter:data1\" content=\"7 minutes\" \/>\n<script type=\"application\/ld+json\" class=\"yoast-schema-graph\">{\"@context\":\"https:\/\/schema.org\",\"@graph\":[{\"@type\":\"WebPage\",\"@id\":\"https:\/\/kglobimport.com\/fr\/politica-de-privacidade\/\",\"url\":\"https:\/\/kglobimport.com\/fr\/politica-de-privacidade\/\",\"name\":\"Politique de confidentialit\u00e9 - KGLOB IMPORT Seja importador \/ distribuidor\",\"isPartOf\":{\"@id\":\"https:\/\/kglobimport.com\/fr\/#website\"},\"datePublished\":\"2021-11-18T13:37:52+00:00\",\"dateModified\":\"2025-07-28T11:57:26+00:00\",\"breadcrumb\":{\"@id\":\"https:\/\/kglobimport.com\/fr\/politica-de-privacidade\/#breadcrumb\"},\"inLanguage\":\"fr-FR\",\"potentialAction\":[{\"@type\":\"ReadAction\",\"target\":[\"https:\/\/kglobimport.com\/fr\/politica-de-privacidade\/\"]}]},{\"@type\":\"BreadcrumbList\",\"@id\":\"https:\/\/kglobimport.com\/fr\/politica-de-privacidade\/#breadcrumb\",\"itemListElement\":[{\"@type\":\"ListItem\",\"position\":1,\"name\":\"In\u00edcio\",\"item\":\"https:\/\/kglobimport.com\/fr\/\"},{\"@type\":\"ListItem\",\"position\":2,\"name\":\"Politique de confidentialit\u00e9\"}]},{\"@type\":\"WebSite\",\"@id\":\"https:\/\/kglobimport.com\/fr\/#website\",\"url\":\"https:\/\/kglobimport.com\/fr\/\",\"name\":\"KGLOB - PRODUTOS GOURMET\",\"description\":\"Seja importador \/ distribuidor das nossas marcas pr\u00f3prias, com exclusividade na sua regi\u00e3o. Vinhos, espumantes, bebidas espirituosas e tamb\u00e9m bebidas em lata.\",\"potentialAction\":[{\"@type\":\"SearchAction\",\"target\":{\"@type\":\"EntryPoint\",\"urlTemplate\":\"https:\/\/kglobimport.com\/fr\/?s={search_term_string}\"},\"query-input\":{\"@type\":\"PropertyValueSpecification\",\"valueRequired\":true,\"valueName\":\"search_term_string\"}}],\"inLanguage\":\"fr-FR\"}]}<\/script>\n<!-- \/ Yoast SEO plugin. -->","yoast_head_json":{"title":"Politique de confidentialit\u00e9 - KGLOB IMPORT Seja importador \/ distribuidor","robots":{"index":"index","follow":"nofollow","max-snippet":"max-snippet:-1","max-image-preview":"max-image-preview:large","max-video-preview":"max-video-preview:-1"},"canonical":"https:\/\/kglobimport.com\/fr\/politica-de-privacidade\/","og_locale":"fr_FR","og_type":"article","og_title":"Politique de confidentialit\u00e9 - KGLOB IMPORT Seja importador \/ distribuidor","og_description":"L\u2019objectif est d\u2019informer les utilisateurs du site web kglobimport.com\/fr\/\u00a0des r\u00e8gles g\u00e9n\u00e9rales de traitement des donn\u00e9es personnelles, lesquelles sont collect\u00e9es et trait\u00e9es dans le strict respect des dispositions de la l\u00e9gislation en vigueur en mati\u00e8re de protection des donn\u00e9es personnelles. Nous nous engageons \u00e0 prot\u00e9ger et \u00e0 pr\u00e9server la confidentialit\u00e9 des donn\u00e9es personnelles et avons adopt\u00e9 [&hellip;]","og_url":"https:\/\/kglobimport.com\/fr\/politica-de-privacidade\/","og_site_name":"KGLOB IMPORT Seja importador \/ distribuidor","article_publisher":"https:\/\/www.facebook.com\/KGLOB-2054932881486148\/","article_modified_time":"2025-07-28T11:57:26+00:00","twitter_card":"summary_large_image","twitter_misc":{"Dur\u00e9e de lecture estim\u00e9e":"7 minutes"},"schema":{"@context":"https:\/\/schema.org","@graph":[{"@type":"WebPage","@id":"https:\/\/kglobimport.com\/fr\/politica-de-privacidade\/","url":"https:\/\/kglobimport.com\/fr\/politica-de-privacidade\/","name":"Politique de confidentialit\u00e9 - KGLOB IMPORT Seja importador \/ distribuidor","isPartOf":{"@id":"https:\/\/kglobimport.com\/fr\/#website"},"datePublished":"2021-11-18T13:37:52+00:00","dateModified":"2025-07-28T11:57:26+00:00","breadcrumb":{"@id":"https:\/\/kglobimport.com\/fr\/politica-de-privacidade\/#breadcrumb"},"inLanguage":"fr-FR","potentialAction":[{"@type":"ReadAction","target":["https:\/\/kglobimport.com\/fr\/politica-de-privacidade\/"]}]},{"@type":"BreadcrumbList","@id":"https:\/\/kglobimport.com\/fr\/politica-de-privacidade\/#breadcrumb","itemListElement":[{"@type":"ListItem","position":1,"name":"In\u00edcio","item":"https:\/\/kglobimport.com\/fr\/"},{"@type":"ListItem","position":2,"name":"Politique de confidentialit\u00e9"}]},{"@type":"WebSite","@id":"https:\/\/kglobimport.com\/fr\/#website","url":"https:\/\/kglobimport.com\/fr\/","name":"KGLOB - PRODUTOS GOURMET","description":"Seja importador \/ distribuidor das nossas marcas pr\u00f3prias, com exclusividade na sua regi\u00e3o. Vinhos, espumantes, bebidas espirituosas e tamb\u00e9m bebidas em lata.","potentialAction":[{"@type":"SearchAction","target":{"@type":"EntryPoint","urlTemplate":"https:\/\/kglobimport.com\/fr\/?s={search_term_string}"},"query-input":{"@type":"PropertyValueSpecification","valueRequired":true,"valueName":"search_term_string"}}],"inLanguage":"fr-FR"}]}},"_links":{"self":[{"href":"https:\/\/kglobimport.com\/fr\/wp-json\/wp\/v2\/pages\/848","targetHints":{"allow":["GET"]}}],"collection":[{"href":"https:\/\/kglobimport.com\/fr\/wp-json\/wp\/v2\/pages"}],"about":[{"href":"https:\/\/kglobimport.com\/fr\/wp-json\/wp\/v2\/types\/page"}],"author":[{"embeddable":true,"href":"https:\/\/kglobimport.com\/fr\/wp-json\/wp\/v2\/users\/1"}],"replies":[{"embeddable":true,"href":"https:\/\/kglobimport.com\/fr\/wp-json\/wp\/v2\/comments?post=848"}],"version-history":[{"count":11,"href":"https:\/\/kglobimport.com\/fr\/wp-json\/wp\/v2\/pages\/848\/revisions"}],"predecessor-version":[{"id":1178,"href":"https:\/\/kglobimport.com\/fr\/wp-json\/wp\/v2\/pages\/848\/revisions\/1178"}],"wp:attachment":[{"href":"https:\/\/kglobimport.com\/fr\/wp-json\/wp\/v2\/media?parent=848"}],"curies":[{"name":"wp","href":"https:\/\/api.w.org\/{rel}","templated":true}]}}