{"id":1160,"date":"2025-07-27T23:11:56","date_gmt":"2025-07-27T23:11:56","guid":{"rendered":"https:\/\/kglobimport.com\/politica-de-cookies\/"},"modified":"2025-07-27T23:30:28","modified_gmt":"2025-07-27T23:30:28","slug":"politica-de-cookies","status":"publish","type":"page","link":"https:\/\/kglobimport.com\/it\/politica-de-cookies\/","title":{"rendered":"Informativa sui cookie"},"content":{"rendered":"<p>[et_pb_section fb_built=&#8221;1&#8243; fullwidth=&#8221;on&#8221; _builder_version=&#8221;4.16&#8243; custom_margin=&#8221;||0px||false|false&#8221; custom_padding=&#8221;0px|4px|0px||false|false&#8221; global_colors_info=&#8221;{}&#8221;][et_pb_fullwidth_post_title meta=&#8221;off&#8221; featured_image=&#8221;off&#8221; _builder_version=&#8221;4.16&#8243; title_level=&#8221;h2&#8243; title_font=&#8221;Lato|700|||||||&#8221; title_text_align=&#8221;center&#8221; title_text_color=&#8221;#FFFFFF&#8221; title_font_size=&#8221;50px&#8221; background_color=&#8221;#000000&#8243; vertical_offset_tablet=&#8221;0&#8243; horizontal_offset_tablet=&#8221;0&#8243; custom_padding=&#8221;||75px|||&#8221; z_index_tablet=&#8221;0&#8243; title_text_shadow_horizontal_length_tablet=&#8221;0px&#8221; title_text_shadow_vertical_length_tablet=&#8221;0px&#8221; title_text_shadow_blur_strength_tablet=&#8221;1px&#8221; meta_text_shadow_horizontal_length_tablet=&#8221;0px&#8221; meta_text_shadow_vertical_length_tablet=&#8221;0px&#8221; meta_text_shadow_blur_strength_tablet=&#8221;1px&#8221; box_shadow_horizontal_tablet=&#8221;0px&#8221; box_shadow_vertical_tablet=&#8221;0px&#8221; box_shadow_blur_tablet=&#8221;40px&#8221; box_shadow_spread_tablet=&#8221;0px&#8221; text_shadow_horizontal_length_tablet=&#8221;0px&#8221; text_shadow_vertical_length_tablet=&#8221;0px&#8221; text_shadow_blur_strength_tablet=&#8221;1px&#8221; global_colors_info=&#8221;{}&#8221;][\/et_pb_fullwidth_post_title][\/et_pb_section][et_pb_section fb_built=&#8221;1&#8243; _builder_version=&#8221;4.16&#8243; custom_margin=&#8221;0px|||||&#8221; global_colors_info=&#8221;{}&#8221;][et_pb_row _builder_version=&#8221;4.16&#8243; background_size=&#8221;initial&#8221; background_position=&#8221;top_left&#8221; background_repeat=&#8221;repeat&#8221; max_width=&#8221;100%&#8221; global_colors_info=&#8221;{}&#8221;][et_pb_column type=&#8221;4_4&#8243; _builder_version=&#8221;4.16&#8243; custom_padding=&#8221;|||&#8221; global_colors_info=&#8221;{}&#8221; custom_padding__hover=&#8221;|||&#8221;][et_pb_text _builder_version=&#8221;4.27.4&#8243; link_text_color=&#8221;#000000&#8243; background_size=&#8221;initial&#8221; background_position=&#8221;top_left&#8221; background_repeat=&#8221;repeat&#8221; hover_enabled=&#8221;0&#8243; global_colors_info=&#8221;{}&#8221; sticky_enabled=&#8221;0&#8243;]<\/p>\n<div class=\"et_pb_row et_pb_row_1\">\n<div class=\"et_pb_column et_pb_column_4_4 et_pb_column_1 et_pb_css_mix_blend_mode_passthrough et-last-child\">\n<div class=\"et_pb_module et_pb_text et_pb_text_1 et_pb_text_align_justified et_pb_bg_layout_light\">\n<div class=\"et_pb_text_inner\">\n<p>La presente Informativa sui cookie \u00e8 stata aggiornata l&#8217;ultima volta a luglio 2025 e si applica al sito web <a href=\"https:\/\/kglobimport.com\/it\/\">kglobimport.com<\/a>, di seguito denominato &#8220;il sito web&#8221;, che utilizza cookie e altre tecnologie correlate (per comodit\u00e0, tutte le tecnologie sono definite &#8220;cookie&#8221;), installati da terze parti con cui collaboriamo.<\/p>\n<p>Le seguenti sezioni forniscono informazioni sull&#8217;utilizzo dei cookie sul nostro sito web.<\/p>\n<p><strong>Informazioni sui concetti trattati nell&#8217;Informativa sui cookie<\/strong><br \/>Cookie: un piccolo file di testo semplice che viene inviato insieme alle pagine di questo sito web e memorizzato dal browser sul disco rigido del computer o di altri dispositivi. Le informazioni memorizzate possono essere rinviate ai nostri server o ai server delle terze parti interessate durante una visita successiva.<\/p>\n<p>Script: un frammento di codice di programma utilizzato per far funzionare correttamente e in modo interattivo il nostro sito web. Questo codice viene eseguito sul nostro server o sul dispositivo dell&#8217;utente.<\/p>\n<p>Web beacon (pixel tag): un piccolo frammento invisibile di testo o immagine su un sito web, utilizzato per monitorare il traffico su un sito web. A tale scopo, diversi dati su di te vengono memorizzati tramite web beacon.<\/p>\n<p><strong>Tipi di cookie<\/strong><br \/>Cookie necessari (tecnici o funzionali): garantiscono il corretto funzionamento di alcune parti del sito web e la memorizzazione delle tue preferenze utente. Utilizzando i cookie funzionali, semplifichiamo la tua visita al nostro sito web. In questo modo, non dovrai inserire ripetutamente le stesse informazioni quando visiti il nostro sito web. Potremmo utilizzare questi cookie senza il tuo consenso.<\/p>\n<p>Cookie analitici: vengono utilizzati per ottimizzare la tua esperienza sul sito web ottenendo informazioni su come utilizzi il nostro sito. Chiediamo il tuo consenso per l&#8217;utilizzo di questo tipo di cookie.<\/p>\n<p>Cookie di preferenza e di marketing: si tratta di cookie o qualsiasi altra forma di archiviazione locale utilizzata per creare profili utente per visualizzare annunci pubblicitari o per tracciarti su questo sito web o su pi\u00f9 siti web per scopi di marketing simili. Chiediamo il tuo consenso per l&#8217;utilizzo di questo tipo di cookie.<\/p>\n<p><strong>Social Media<\/strong><br \/>Potremmo includere contenuti di Facebook, Instagram e\/o WhatsApp sul sito web per promuovere pagine web (ad esempio, &#8220;mi piace&#8221;, &#8220;pin&#8221;) o condividere (ad esempio, &#8220;tweet&#8221;) su social network come Facebook, Instagram e WhatsApp. Questi contenuti sono incorporati con codice derivato da Facebook, Instagram e WhatsApp e utilizzano cookie. Questi contenuti potrebbero memorizzare ed elaborare determinate informazioni per pubblicit\u00e0 personalizzata.<\/p>\n<p>Si prega di leggere le informative sulla privacy di questi social network (che potrebbero cambiare regolarmente) per sapere come vengono trattati i dati (personali) che elaborano tramite questi cookie. I dati recuperati sono resi anonimi nella misura massima possibile. Facebook, Instagram e WhatsApp si trovano negli Stati Uniti.<\/p>\n<p><strong>Consenso<\/strong><br \/>Quando visiti per la prima volta il nostro sito web, verr\u00e0 visualizzata una finestra che ti chieder\u00e0 di acconsentire al tipo di cookie che utilizziamo sul sito web. Facendo clic su &#8220;Salva preferenze&#8221;, ci autorizzi a utilizzare le categorie di cookie e plugin selezionate nella finestra, come descritto nella presente Informativa sui Cookie. Puoi disabilitare l&#8217;uso dei cookie tramite il tuo browser, ma tieni presente che il nostro sito web potrebbe non funzionare correttamente.<\/p>\n<p><strong>Informativa sulla privacy e protezione dei dati personali<\/strong><br \/>Consulta la nostra <a href=\"https:\/\/kglobimport.com\/it\/politica-de-privacidade\/\" target=\"_blank\" rel=\"noopener\">informativa sulla privacy<\/a> sul sito web<\/p>\n<p><strong>Contatti<\/strong><br \/>Per domande e\/o commenti sulla nostra Politica sui cookie e sulla presente informativa, contattaci utilizzando i seguenti recapiti:<\/p>\n<p style=\"text-align: left;\">Nome dell\u2019azienda:<span>\u00a0<\/span><span>Kl Force, Lda<\/span><\/p>\n<p style=\"text-align: left;\">Partita IVA:<span>\u00a0<\/span><span>506744680<\/span><\/p>\n<p style=\"text-align: left;\">Indirizzo:<span>\u00a0<\/span><span>Alameda da Beloura, Edif\u00edcio N\u00ba 4 \u2013 Esc: 2.6, Quinta da Beloura<\/span><\/p>\n<p style=\"text-align: left;\">Codice postale:<span>\u00a0<\/span><span>2710-693 Sintra<\/span><\/p>\n<p style=\"text-align: left;\">Email:<span>\u00a0<\/span><a href=\"mailto:info@kglobimport.com\">geral@klforce.com<\/a><\/p>\n<\/div>\n<\/div>\n<\/div>\n<\/div>\n<p>[\/et_pb_text][\/et_pb_column][\/et_pb_row][\/et_pb_section]<\/p>\n","protected":false},"excerpt":{"rendered":"<p>La presente Informativa sui cookie \u00e8 stata aggiornata l&#8217;ultima volta a luglio 2025 e si applica al sito web kglobimport.com, di seguito denominato &#8220;il sito web&#8221;, che utilizza cookie e altre tecnologie correlate (per comodit\u00e0, tutte le tecnologie sono definite &#8220;cookie&#8221;), installati da terze parti con cui collaboriamo. Le seguenti sezioni forniscono informazioni sull&#8217;utilizzo dei [&hellip;]<\/p>\n","protected":false},"author":1,"featured_media":0,"parent":0,"menu_order":0,"comment_status":"closed","ping_status":"closed","template":"","meta":{"_et_pb_use_builder":"on","_et_pb_old_content":"<!-- wp:heading -->\r\n<h2>Who we are<\/h2>\r\n<!-- \/wp:heading --><!-- wp:paragraph -->\r\n<p><strong class=\"privacy-policy-tutorial\">Suggested text: <\/strong>Our website address is: https:\/\/kglobimport.com.<\/p>\r\n<!-- \/wp:paragraph --><!-- wp:heading -->\r\n<h2>Comments<\/h2>\r\n<!-- \/wp:heading --><!-- wp:paragraph -->\r\n<p><strong class=\"privacy-policy-tutorial\">Suggested text: <\/strong>When visitors leave comments on the site we collect the data shown in the comments form, and also the visitor\u2019s IP address and browser user agent string to help spam detection.<\/p>\r\n<!-- \/wp:paragraph --><!-- wp:paragraph -->\r\n<p>An anonymized string created from your email address (also called a hash) may be provided to the Gravatar service to see if you are using it. The Gravatar service privacy policy is available here: https:\/\/automattic.com\/privacy\/. After approval of your comment, your profile picture is visible to the public in the context of your comment.<\/p>\r\n<!-- \/wp:paragraph --><!-- wp:heading -->\r\n<h2>Media<\/h2>\r\n<!-- \/wp:heading --><!-- wp:paragraph -->\r\n<p><strong class=\"privacy-policy-tutorial\">Suggested text: <\/strong>If you upload images to the website, you should avoid uploading images with embedded location data (EXIF GPS) included. Visitors to the website can download and extract any location data from images on the website.<\/p>\r\n<!-- \/wp:paragraph --><!-- wp:heading -->\r\n<h2>Cookies<\/h2>\r\n<!-- \/wp:heading --><!-- wp:paragraph -->\r\n<p><strong class=\"privacy-policy-tutorial\">Suggested text: <\/strong>If you leave a comment on our site you may opt-in to saving your name, email address and website in cookies. These are for your convenience so that you do not have to fill in your details again when you leave another comment. These cookies will last for one year.<\/p>\r\n<!-- \/wp:paragraph --><!-- wp:paragraph -->\r\n<p>If you visit our login page, we will set a temporary cookie to determine if your browser accepts cookies. This cookie contains no personal data and is discarded when you close your browser.<\/p>\r\n<!-- \/wp:paragraph --><!-- wp:paragraph -->\r\n<p>When you log in, we will also set up several cookies to save your login information and your screen display choices. Login cookies last for two days, and screen options cookies last for a year. If you select \"Remember Me\", your login will persist for two weeks. If you log out of your account, the login cookies will be removed.<\/p>\r\n<!-- \/wp:paragraph --><!-- wp:paragraph -->\r\n<p>If you edit or publish an article, an additional cookie will be saved in your browser. This cookie includes no personal data and simply indicates the post ID of the article you just edited. It expires after 1 day.<\/p>\r\n<!-- \/wp:paragraph --><!-- wp:heading -->\r\n<h2>Embedded content from other websites<\/h2>\r\n<!-- \/wp:heading --><!-- wp:paragraph -->\r\n<p><strong class=\"privacy-policy-tutorial\">Suggested text: <\/strong>Articles on this site may include embedded content (e.g. videos, images, articles, etc.). Embedded content from other websites behaves in the exact same way as if the visitor has visited the other website.<\/p>\r\n<!-- \/wp:paragraph --><!-- wp:paragraph -->\r\n<p>These websites may collect data about you, use cookies, embed additional third-party tracking, and monitor your interaction with that embedded content, including tracking your interaction with the embedded content if you have an account and are logged in to that website.<\/p>\r\n<!-- \/wp:paragraph --><!-- wp:heading -->\r\n<h2>Who we share your data with<\/h2>\r\n<!-- \/wp:heading --><!-- wp:paragraph -->\r\n<p><strong class=\"privacy-policy-tutorial\">Suggested text: <\/strong>If you request a password reset, your IP address will be included in the reset email.<\/p>\r\n<!-- \/wp:paragraph --><!-- wp:heading -->\r\n<h2>How long we retain your data<\/h2>\r\n<!-- \/wp:heading --><!-- wp:paragraph -->\r\n<p><strong class=\"privacy-policy-tutorial\">Suggested text: <\/strong>If you leave a comment, the comment and its metadata are retained indefinitely. This is so we can recognize and approve any follow-up comments automatically instead of holding them in a moderation queue.<\/p>\r\n<!-- \/wp:paragraph --><!-- wp:paragraph -->\r\n<p>For users that register on our website (if any), we also store the personal information they provide in their user profile. All users can see, edit, or delete their personal information at any time (except they cannot change their username). Website administrators can also see and edit that information.<\/p>\r\n<!-- \/wp:paragraph --><!-- wp:heading -->\r\n<h2>What rights you have over your data<\/h2>\r\n<!-- \/wp:heading --><!-- wp:paragraph -->\r\n<p><strong class=\"privacy-policy-tutorial\">Suggested text: <\/strong>If you have an account on this site, or have left comments, you can request to receive an exported file of the personal data we hold about you, including any data you have provided to us. You can also request that we erase any personal data we hold about you. This does not include any data we are obliged to keep for administrative, legal, or security purposes.<\/p>\r\n<!-- \/wp:paragraph --><!-- wp:heading -->\r\n<h2>Where we send your data<\/h2>\r\n<!-- \/wp:heading --><!-- wp:paragraph -->\r\n<p><strong class=\"privacy-policy-tutorial\">Suggested text: <\/strong>Visitor comments may be checked through an automated spam detection service.<\/p>\r\n<!-- \/wp:paragraph -->","_et_gb_content_width":"","footnotes":""},"class_list":["post-1160","page","type-page","status-publish","hentry"],"yoast_head":"<!-- This site is optimized with the Yoast SEO plugin v25.5 - https:\/\/yoast.com\/wordpress\/plugins\/seo\/ -->\n<title>Informativa sui cookie - KGLOB IMPORT Seja importador \/ distribuidor<\/title>\n<meta name=\"robots\" content=\"index, nofollow, max-snippet:-1, max-image-preview:large, max-video-preview:-1\" \/>\n<link rel=\"canonical\" href=\"https:\/\/kglobimport.com\/it\/politica-de-cookies\/\" \/>\n<meta property=\"og:locale\" content=\"it_IT\" \/>\n<meta property=\"og:type\" content=\"article\" \/>\n<meta property=\"og:title\" content=\"Informativa sui cookie - KGLOB IMPORT Seja importador \/ distribuidor\" \/>\n<meta property=\"og:description\" content=\"La presente Informativa sui cookie \u00e8 stata aggiornata l&#039;ultima volta a luglio 2025 e si applica al sito web kglobimport.com, di seguito denominato &quot;il sito web&quot;, che utilizza cookie e altre tecnologie correlate (per comodit\u00e0, tutte le tecnologie sono definite &quot;cookie&quot;), installati da terze parti con cui collaboriamo. Le seguenti sezioni forniscono informazioni sull&#039;utilizzo dei [&hellip;]\" \/>\n<meta property=\"og:url\" content=\"https:\/\/kglobimport.com\/it\/politica-de-cookies\/\" \/>\n<meta property=\"og:site_name\" content=\"KGLOB IMPORT Seja importador \/ distribuidor\" \/>\n<meta property=\"article:publisher\" content=\"https:\/\/www.facebook.com\/KGLOB-2054932881486148\/\" \/>\n<meta property=\"article:modified_time\" content=\"2025-07-27T23:30:28+00:00\" \/>\n<meta name=\"twitter:card\" content=\"summary_large_image\" \/>\n<meta name=\"twitter:label1\" content=\"Tempo di lettura stimato\" \/>\n\t<meta name=\"twitter:data1\" content=\"4 minuti\" \/>\n<script type=\"application\/ld+json\" class=\"yoast-schema-graph\">{\"@context\":\"https:\/\/schema.org\",\"@graph\":[{\"@type\":\"WebPage\",\"@id\":\"https:\/\/kglobimport.com\/it\/politica-de-cookies\/\",\"url\":\"https:\/\/kglobimport.com\/it\/politica-de-cookies\/\",\"name\":\"Informativa sui cookie - KGLOB IMPORT Seja importador \/ distribuidor\",\"isPartOf\":{\"@id\":\"https:\/\/kglobimport.com\/it\/#website\"},\"datePublished\":\"2025-07-27T23:11:56+00:00\",\"dateModified\":\"2025-07-27T23:30:28+00:00\",\"breadcrumb\":{\"@id\":\"https:\/\/kglobimport.com\/it\/politica-de-cookies\/#breadcrumb\"},\"inLanguage\":\"it-IT\",\"potentialAction\":[{\"@type\":\"ReadAction\",\"target\":[\"https:\/\/kglobimport.com\/it\/politica-de-cookies\/\"]}]},{\"@type\":\"BreadcrumbList\",\"@id\":\"https:\/\/kglobimport.com\/it\/politica-de-cookies\/#breadcrumb\",\"itemListElement\":[{\"@type\":\"ListItem\",\"position\":1,\"name\":\"In\u00edcio\",\"item\":\"https:\/\/kglobimport.com\/it\/\"},{\"@type\":\"ListItem\",\"position\":2,\"name\":\"Informativa sui cookie\"}]},{\"@type\":\"WebSite\",\"@id\":\"https:\/\/kglobimport.com\/it\/#website\",\"url\":\"https:\/\/kglobimport.com\/it\/\",\"name\":\"KGLOB - PRODUTOS GOURMET\",\"description\":\"Seja importador \/ distribuidor das nossas marcas pr\u00f3prias, com exclusividade na sua regi\u00e3o. Vinhos, espumantes, bebidas espirituosas e tamb\u00e9m bebidas em lata.\",\"potentialAction\":[{\"@type\":\"SearchAction\",\"target\":{\"@type\":\"EntryPoint\",\"urlTemplate\":\"https:\/\/kglobimport.com\/it\/?s={search_term_string}\"},\"query-input\":{\"@type\":\"PropertyValueSpecification\",\"valueRequired\":true,\"valueName\":\"search_term_string\"}}],\"inLanguage\":\"it-IT\"}]}<\/script>\n<!-- \/ Yoast SEO plugin. -->","yoast_head_json":{"title":"Informativa sui cookie - KGLOB IMPORT Seja importador \/ distribuidor","robots":{"index":"index","follow":"nofollow","max-snippet":"max-snippet:-1","max-image-preview":"max-image-preview:large","max-video-preview":"max-video-preview:-1"},"canonical":"https:\/\/kglobimport.com\/it\/politica-de-cookies\/","og_locale":"it_IT","og_type":"article","og_title":"Informativa sui cookie - KGLOB IMPORT Seja importador \/ distribuidor","og_description":"La presente Informativa sui cookie \u00e8 stata aggiornata l'ultima volta a luglio 2025 e si applica al sito web kglobimport.com, di seguito denominato \"il sito web\", che utilizza cookie e altre tecnologie correlate (per comodit\u00e0, tutte le tecnologie sono definite \"cookie\"), installati da terze parti con cui collaboriamo. Le seguenti sezioni forniscono informazioni sull'utilizzo dei [&hellip;]","og_url":"https:\/\/kglobimport.com\/it\/politica-de-cookies\/","og_site_name":"KGLOB IMPORT Seja importador \/ distribuidor","article_publisher":"https:\/\/www.facebook.com\/KGLOB-2054932881486148\/","article_modified_time":"2025-07-27T23:30:28+00:00","twitter_card":"summary_large_image","twitter_misc":{"Tempo di lettura stimato":"4 minuti"},"schema":{"@context":"https:\/\/schema.org","@graph":[{"@type":"WebPage","@id":"https:\/\/kglobimport.com\/it\/politica-de-cookies\/","url":"https:\/\/kglobimport.com\/it\/politica-de-cookies\/","name":"Informativa sui cookie - KGLOB IMPORT Seja importador \/ distribuidor","isPartOf":{"@id":"https:\/\/kglobimport.com\/it\/#website"},"datePublished":"2025-07-27T23:11:56+00:00","dateModified":"2025-07-27T23:30:28+00:00","breadcrumb":{"@id":"https:\/\/kglobimport.com\/it\/politica-de-cookies\/#breadcrumb"},"inLanguage":"it-IT","potentialAction":[{"@type":"ReadAction","target":["https:\/\/kglobimport.com\/it\/politica-de-cookies\/"]}]},{"@type":"BreadcrumbList","@id":"https:\/\/kglobimport.com\/it\/politica-de-cookies\/#breadcrumb","itemListElement":[{"@type":"ListItem","position":1,"name":"In\u00edcio","item":"https:\/\/kglobimport.com\/it\/"},{"@type":"ListItem","position":2,"name":"Informativa sui cookie"}]},{"@type":"WebSite","@id":"https:\/\/kglobimport.com\/it\/#website","url":"https:\/\/kglobimport.com\/it\/","name":"KGLOB - PRODUTOS GOURMET","description":"Seja importador \/ distribuidor das nossas marcas pr\u00f3prias, com exclusividade na sua regi\u00e3o. Vinhos, espumantes, bebidas espirituosas e tamb\u00e9m bebidas em lata.","potentialAction":[{"@type":"SearchAction","target":{"@type":"EntryPoint","urlTemplate":"https:\/\/kglobimport.com\/it\/?s={search_term_string}"},"query-input":{"@type":"PropertyValueSpecification","valueRequired":true,"valueName":"search_term_string"}}],"inLanguage":"it-IT"}]}},"_links":{"self":[{"href":"https:\/\/kglobimport.com\/it\/wp-json\/wp\/v2\/pages\/1160","targetHints":{"allow":["GET"]}}],"collection":[{"href":"https:\/\/kglobimport.com\/it\/wp-json\/wp\/v2\/pages"}],"about":[{"href":"https:\/\/kglobimport.com\/it\/wp-json\/wp\/v2\/types\/page"}],"author":[{"embeddable":true,"href":"https:\/\/kglobimport.com\/it\/wp-json\/wp\/v2\/users\/1"}],"replies":[{"embeddable":true,"href":"https:\/\/kglobimport.com\/it\/wp-json\/wp\/v2\/comments?post=1160"}],"version-history":[{"count":3,"href":"https:\/\/kglobimport.com\/it\/wp-json\/wp\/v2\/pages\/1160\/revisions"}],"predecessor-version":[{"id":1163,"href":"https:\/\/kglobimport.com\/it\/wp-json\/wp\/v2\/pages\/1160\/revisions\/1163"}],"wp:attachment":[{"href":"https:\/\/kglobimport.com\/it\/wp-json\/wp\/v2\/media?parent=1160"}],"curies":[{"name":"wp","href":"https:\/\/api.w.org\/{rel}","templated":true}]}}