{"id":858,"date":"2021-11-18T13:37:52","date_gmt":"2021-11-18T13:37:52","guid":{"rendered":"https:\/\/kglobimport.com\/politica-de-privacidade\/"},"modified":"2025-07-27T23:31:39","modified_gmt":"2025-07-27T23:31:39","slug":"politica-de-privacidade","status":"publish","type":"page","link":"https:\/\/kglobimport.com\/it\/politica-de-privacidade\/","title":{"rendered":"Informativa sulla privacy"},"content":{"rendered":"<p>[et_pb_section fb_built=&#8221;1&#8243; fullwidth=&#8221;on&#8221; _builder_version=&#8221;4.16&#8243; custom_margin=&#8221;||0px||false|false&#8221; custom_padding=&#8221;0px|4px|0px||false|false&#8221; global_colors_info=&#8221;{}&#8221;][et_pb_fullwidth_post_title meta=&#8221;off&#8221; featured_image=&#8221;off&#8221; _builder_version=&#8221;4.16&#8243; title_level=&#8221;h2&#8243; title_font=&#8221;Lato|700|||||||&#8221; title_text_align=&#8221;center&#8221; title_text_color=&#8221;#FFFFFF&#8221; title_font_size=&#8221;50px&#8221; background_color=&#8221;#000000&#8243; vertical_offset_tablet=&#8221;0&#8243; horizontal_offset_tablet=&#8221;0&#8243; custom_padding=&#8221;||75px|||&#8221; z_index_tablet=&#8221;0&#8243; title_text_shadow_horizontal_length_tablet=&#8221;0px&#8221; title_text_shadow_vertical_length_tablet=&#8221;0px&#8221; title_text_shadow_blur_strength_tablet=&#8221;1px&#8221; meta_text_shadow_horizontal_length_tablet=&#8221;0px&#8221; meta_text_shadow_vertical_length_tablet=&#8221;0px&#8221; meta_text_shadow_blur_strength_tablet=&#8221;1px&#8221; box_shadow_horizontal_tablet=&#8221;0px&#8221; box_shadow_vertical_tablet=&#8221;0px&#8221; box_shadow_blur_tablet=&#8221;40px&#8221; box_shadow_spread_tablet=&#8221;0px&#8221; text_shadow_horizontal_length_tablet=&#8221;0px&#8221; text_shadow_vertical_length_tablet=&#8221;0px&#8221; text_shadow_blur_strength_tablet=&#8221;1px&#8221; global_colors_info=&#8221;{}&#8221;][\/et_pb_fullwidth_post_title][\/et_pb_section][et_pb_section fb_built=&#8221;1&#8243; _builder_version=&#8221;4.16&#8243; custom_margin=&#8221;0px|||||&#8221; global_colors_info=&#8221;{}&#8221;][et_pb_row _builder_version=&#8221;4.16&#8243; background_size=&#8221;initial&#8221; background_position=&#8221;top_left&#8221; background_repeat=&#8221;repeat&#8221; max_width=&#8221;100%&#8221; global_colors_info=&#8221;{}&#8221;][et_pb_column type=&#8221;4_4&#8243; _builder_version=&#8221;4.16&#8243; custom_padding=&#8221;|||&#8221; global_colors_info=&#8221;{}&#8221; custom_padding__hover=&#8221;|||&#8221;][et_pb_text _builder_version=&#8221;4.27.4&#8243; link_text_color=&#8221;#000000&#8243; background_size=&#8221;initial&#8221; background_position=&#8221;top_left&#8221; background_repeat=&#8221;repeat&#8221; hover_enabled=&#8221;0&#8243; global_colors_info=&#8221;{}&#8221; sticky_enabled=&#8221;0&#8243;]<\/p>\n<p>&nbsp;<\/p>\n<div class=\"et_pb_row et_pb_row_0\">\n<div class=\"et_pb_column et_pb_column_4_4 et_pb_column_0 et_pb_css_mix_blend_mode_passthrough et-last-child\">\n<div class=\"et_pb_module et_pb_text et_pb_text_0 et_pb_text_align_center et_pb_bg_layout_light\">\n<div class=\"et_pb_text_inner\">\n<p style=\"text-align: left;\">Intendiamo informare gli utenti del sito web <a href=\"https:\/\/kglobimport.com\/it\/\">kglobimport.com<\/a> delle norme generali per il trattamento dei dati personali, che vengono raccolti e trattati nel rigoroso rispetto delle disposizioni della normativa vigente in materia di protezione dei dati personali.<\/p>\n<p style=\"text-align: left;\">Ci impegniamo a proteggere e mantenere la riservatezza dei dati personali e abbiamo adottato le misure che riteniamo appropriate per garantirne l&#8217;accuratezza, l&#8217;integrit\u00e0 e la riservatezza, nonch\u00e9 tutti gli altri diritti riconosciuti agli interessati.<\/p>\n<p style=\"text-align: left;\">La presente informativa sulla privacy \u00e8 stata aggiornata l&#8217;ultima volta a luglio 2025.<\/p>\n<p style=\"text-align: left;\">Nella presente informativa sulla privacy, spieghiamo come utilizziamo i dati che otteniamo tramite questo sito web. Vi consigliamo di leggere attentamente la presente informativa.<\/p>\n<p style=\"text-align: left;\"><strong>Rispettiamo i requisiti della normativa sulla privacy:<\/strong><\/p>\n<p style=\"text-align: left;\">Indichiamo le finalit\u00e0 per cui trattiamo i dati personali. Lo facciamo attraverso la presente informativa sulla privacy;<br \/>Miriamo a limitare la raccolta di dati personali ai soli dati personali necessari per finalit\u00e0 legittime;<br \/>Richiediamo prima il tuo consenso esplicito per trattare i tuoi dati personali nei casi in cui \u00e8 richiesto;<br \/>Adottiamo misure di sicurezza adeguate per proteggere i tuoi dati personali e lo richiediamo anche alle parti che trattano i dati personali per nostro conto;<br \/>Rispettiamo il tuo diritto di accedere, correggere o cancellare i tuoi dati personali su richiesta.<br \/>Per qualsiasi domanda o per sapere esattamente quali dati conserviamo su di te, ti preghiamo di contattarci all&#8217;indirizzo email indicato nell&#8217;ultima sezione della presente Informativa sulla privacy.<\/p>\n<p style=\"text-align: left;\"><strong>Principi generali<\/strong><br \/>Ci impegniamo a garantire che i dati personali siano:<\/p>\n<p style=\"text-align: left;\">Trattati in modo lecito, corretto e trasparente nei confronti degli interessati; raccolti per finalit\u00e0 specifiche, esplicite e legittime; e non ulteriormente trattati in modo incompatibile con tali finalit\u00e0;<br \/>Conservati in una forma che consenta l&#8217;identificazione degli interessati solo per il periodo necessario al conseguimento delle finalit\u00e0 per le quali sono trattati; Trattati in modo da garantirne la sicurezza, inclusa la protezione da trattamenti non autorizzati o illeciti e da perdita, distruzione o danni imprevisti, mediante l&#8217;adozione di misure tecniche o organizzative adeguate.<\/p>\n<p style=\"text-align: left;\"><strong>Finalit\u00e0 della raccolta dei dati personali<\/strong><br \/>Potremmo raccogliere o ricevere informazioni personali per varie finalit\u00e0 legate alle nostre attivit\u00e0 commerciali, che possono includere contatti telefonici, posta, e-mail e\/o moduli web.<\/p>\n<p style=\"text-align: left;\">Utilizziamo i seguenti dati: Nome, Sito web, Indirizzo, Codice Fiscale, E-mail e Numero di Telefono.<\/p>\n<p style=\"text-align: left;\">Le basi giuridiche su cui potremmo trattare questi dati sono:<\/p>\n<p style=\"text-align: left;\">Per adempiere a un obbligo legale o contrattuale, ad esempio quando ti forniamo uno dei nostri servizi;<br \/>Per fornirti i nostri servizi di newsletter, solo ed esclusivamente su richiesta (nome ed e-mail);<br \/>Quando utilizzi il modulo di contatto, i dati qui raccolti servono esclusivamente a rispondere alle informazioni richieste dal Cliente, gestire i suoi ordini e monitorare la qualit\u00e0 dei servizi forniti (nome, e-mail, numero di telefono);<\/p>\n<p style=\"text-align: left;\"><strong>Periodo di conservazione dei dati personali<\/strong><br \/>Conserviamo i dati personali solo per il periodo\/tempo necessario a soddisfare le finalit\u00e0 specifiche per cui sono stati raccolti. Tuttavia, potremmo essere tenuti a conservare alcuni Dati Personali per un periodo pi\u00f9 lungo, tenendo conto di fattori legali.<\/p>\n<p style=\"text-align: left;\">Durante il periodo di Trattamento dei Dati Personali, ci assicuriamo che vengano trattati in conformit\u00e0 con la presente Informativa sulla Privacy. Non appena i Dati non saranno pi\u00f9 necessari, li elimineremo in modo sicuro.<\/p>\n<p style=\"text-align: left;\">Per quanto riguarda il consenso, la revoca del consenso non invalida il trattamento effettuato fino a tale data sulla base del consenso precedentemente fornito.<\/p>\n<p style=\"text-align: left;\"><strong>I tuoi Diritti<\/strong><br \/>Hai il diritto di:<\/p>\n<p style=\"text-align: left;\">Essere informato<br \/>Accesso, rettifica, limitazione e cancellazione dei dati<br \/>Portabilit\u00e0 dei dati<br \/>Opposizione ai dati<br \/>Presentare reclamo alle autorit\u00e0 competenti<\/p>\n<p style=\"text-align: left;\"><strong>Pratiche di divulgazione<\/strong><br \/>Le seguenti informazioni riguardano le nostre pratiche di divulgazione:<\/p>\n<p style=\"text-align: left;\">Divulghiamo informazioni personali se richiesto dalla legge o da un ordine del tribunale.<br \/>Se il nostro sito web o la nostra organizzazione vengono acquisiti, venduti o coinvolti in una fusione o acquisizione, i tuoi dati potrebbero essere divulgati ai nostri consulenti e a potenziali acquirenti e saranno trasmessi ai nuovi proprietari.<br \/>Abbiamo un Contratto di Trattamento dei Dati con Google, ma Google non pu\u00f2 utilizzare i dati per altri servizi Google. Blocchiamo l&#8217;inclusione di indirizzi IP completi.<\/p>\n<p style=\"text-align: left;\"><strong>Sicurezza<\/strong><br \/>Ci impegniamo per la sicurezza dei dati personali. Adottiamo misure di sicurezza adeguate per limitare gli abusi e l&#8217;accesso non autorizzato ai dati personali.<\/p>\n<p style=\"text-align: left;\"><strong>Siti di terze parti<\/strong><br \/>La presente informativa sulla privacy non si applica ai siti web di terze parti collegati al nostro sito web. Non possiamo garantire che queste terze parti gestiscano i tuoi dati personali in modo affidabile o sicuro. Ti consigliamo di leggere le informative sulla privacy di questi siti web prima di utilizzarli.<\/p>\n<p style=\"text-align: left;\"><strong>Modifiche alla presente Informativa sulla privacy<\/strong><br \/>Ci riserviamo il diritto di apportare modifiche alla presente informativa sulla privacy. Ti consigliamo di consultare regolarmente la presente informativa sulla privacy per essere a conoscenza di eventuali modifiche. Ti informeremo inoltre attivamente ogniqualvolta possibile.<\/p>\n<p style=\"text-align: left;\"><strong>Cookie<\/strong><br \/>Il nostro sito web utilizza i cookie. Per maggiori informazioni sui cookie, consulta la nostra <a href=\"https:\/\/kglobimport.com\/it\/politica-de-cookies\/\" target=\"_blank\" rel=\"noopener\">Informativa sui cookie<\/a>.<\/p>\n<p style=\"text-align: left;\"><strong>Recapiti<\/strong><\/p>\n<p style=\"text-align: left;\">Nome dell&#8217;azienda: <span>Kl Force, Lda<\/span><\/p>\n<p style=\"text-align: left;\">Partita IVA: <span>506744680<\/span><\/p>\n<p style=\"text-align: left;\">Indirizzo: <span>Alameda da Beloura, Edif\u00edcio N\u00ba 4 \u2013 Esc: 2.6, Quinta da Beloura<\/span><\/p>\n<p style=\"text-align: left;\">Codice postale: <span>2710-693 Sintra<\/span><\/p>\n<p style=\"text-align: left;\">Email: <a href=\"mailto:info@kglobimport.com\">geral@klforce.com<\/a><\/p>\n<\/div>\n<\/div>\n<\/div>\n<\/div>\n<p style=\"text-align: left;\">[\/et_pb_text][\/et_pb_column][\/et_pb_row][\/et_pb_section]<\/p>\n","protected":false},"excerpt":{"rendered":"<p>&nbsp; Intendiamo informare gli utenti del sito web kglobimport.com delle norme generali per il trattamento dei dati personali, che vengono raccolti e trattati nel rigoroso rispetto delle disposizioni della normativa vigente in materia di protezione dei dati personali. Ci impegniamo a proteggere e mantenere la riservatezza dei dati personali e abbiamo adottato le misure che [&hellip;]<\/p>\n","protected":false},"author":1,"featured_media":0,"parent":0,"menu_order":0,"comment_status":"closed","ping_status":"closed","template":"","meta":{"_et_pb_use_builder":"on","_et_pb_old_content":"<!-- wp:heading -->\r\n<h2>Who we are<\/h2>\r\n<!-- \/wp:heading --><!-- wp:paragraph -->\r\n<p><strong class=\"privacy-policy-tutorial\">Suggested text: <\/strong>Our website address is: https:\/\/kglobimport.com.<\/p>\r\n<!-- \/wp:paragraph --><!-- wp:heading -->\r\n<h2>Comments<\/h2>\r\n<!-- \/wp:heading --><!-- wp:paragraph -->\r\n<p><strong class=\"privacy-policy-tutorial\">Suggested text: <\/strong>When visitors leave comments on the site we collect the data shown in the comments form, and also the visitor\u2019s IP address and browser user agent string to help spam detection.<\/p>\r\n<!-- \/wp:paragraph --><!-- wp:paragraph -->\r\n<p>An anonymized string created from your email address (also called a hash) may be provided to the Gravatar service to see if you are using it. The Gravatar service privacy policy is available here: https:\/\/automattic.com\/privacy\/. After approval of your comment, your profile picture is visible to the public in the context of your comment.<\/p>\r\n<!-- \/wp:paragraph --><!-- wp:heading -->\r\n<h2>Media<\/h2>\r\n<!-- \/wp:heading --><!-- wp:paragraph -->\r\n<p><strong class=\"privacy-policy-tutorial\">Suggested text: <\/strong>If you upload images to the website, you should avoid uploading images with embedded location data (EXIF GPS) included. Visitors to the website can download and extract any location data from images on the website.<\/p>\r\n<!-- \/wp:paragraph --><!-- wp:heading -->\r\n<h2>Cookies<\/h2>\r\n<!-- \/wp:heading --><!-- wp:paragraph -->\r\n<p><strong class=\"privacy-policy-tutorial\">Suggested text: <\/strong>If you leave a comment on our site you may opt-in to saving your name, email address and website in cookies. These are for your convenience so that you do not have to fill in your details again when you leave another comment. These cookies will last for one year.<\/p>\r\n<!-- \/wp:paragraph --><!-- wp:paragraph -->\r\n<p>If you visit our login page, we will set a temporary cookie to determine if your browser accepts cookies. This cookie contains no personal data and is discarded when you close your browser.<\/p>\r\n<!-- \/wp:paragraph --><!-- wp:paragraph -->\r\n<p>When you log in, we will also set up several cookies to save your login information and your screen display choices. Login cookies last for two days, and screen options cookies last for a year. If you select \"Remember Me\", your login will persist for two weeks. If you log out of your account, the login cookies will be removed.<\/p>\r\n<!-- \/wp:paragraph --><!-- wp:paragraph -->\r\n<p>If you edit or publish an article, an additional cookie will be saved in your browser. This cookie includes no personal data and simply indicates the post ID of the article you just edited. It expires after 1 day.<\/p>\r\n<!-- \/wp:paragraph --><!-- wp:heading -->\r\n<h2>Embedded content from other websites<\/h2>\r\n<!-- \/wp:heading --><!-- wp:paragraph -->\r\n<p><strong class=\"privacy-policy-tutorial\">Suggested text: <\/strong>Articles on this site may include embedded content (e.g. videos, images, articles, etc.). Embedded content from other websites behaves in the exact same way as if the visitor has visited the other website.<\/p>\r\n<!-- \/wp:paragraph --><!-- wp:paragraph -->\r\n<p>These websites may collect data about you, use cookies, embed additional third-party tracking, and monitor your interaction with that embedded content, including tracking your interaction with the embedded content if you have an account and are logged in to that website.<\/p>\r\n<!-- \/wp:paragraph --><!-- wp:heading -->\r\n<h2>Who we share your data with<\/h2>\r\n<!-- \/wp:heading --><!-- wp:paragraph -->\r\n<p><strong class=\"privacy-policy-tutorial\">Suggested text: <\/strong>If you request a password reset, your IP address will be included in the reset email.<\/p>\r\n<!-- \/wp:paragraph --><!-- wp:heading -->\r\n<h2>How long we retain your data<\/h2>\r\n<!-- \/wp:heading --><!-- wp:paragraph -->\r\n<p><strong class=\"privacy-policy-tutorial\">Suggested text: <\/strong>If you leave a comment, the comment and its metadata are retained indefinitely. This is so we can recognize and approve any follow-up comments automatically instead of holding them in a moderation queue.<\/p>\r\n<!-- \/wp:paragraph --><!-- wp:paragraph -->\r\n<p>For users that register on our website (if any), we also store the personal information they provide in their user profile. All users can see, edit, or delete their personal information at any time (except they cannot change their username). Website administrators can also see and edit that information.<\/p>\r\n<!-- \/wp:paragraph --><!-- wp:heading -->\r\n<h2>What rights you have over your data<\/h2>\r\n<!-- \/wp:heading --><!-- wp:paragraph -->\r\n<p><strong class=\"privacy-policy-tutorial\">Suggested text: <\/strong>If you have an account on this site, or have left comments, you can request to receive an exported file of the personal data we hold about you, including any data you have provided to us. You can also request that we erase any personal data we hold about you. This does not include any data we are obliged to keep for administrative, legal, or security purposes.<\/p>\r\n<!-- \/wp:paragraph --><!-- wp:heading -->\r\n<h2>Where we send your data<\/h2>\r\n<!-- \/wp:heading --><!-- wp:paragraph -->\r\n<p><strong class=\"privacy-policy-tutorial\">Suggested text: <\/strong>Visitor comments may be checked through an automated spam detection service.<\/p>\r\n<!-- \/wp:paragraph -->","_et_gb_content_width":"","footnotes":""},"class_list":["post-858","page","type-page","status-publish","hentry"],"yoast_head":"<!-- This site is optimized with the Yoast SEO plugin v25.5 - https:\/\/yoast.com\/wordpress\/plugins\/seo\/ -->\n<title>Informativa sulla privacy - KGLOB IMPORT Seja importador \/ distribuidor<\/title>\n<meta name=\"robots\" content=\"index, nofollow, max-snippet:-1, max-image-preview:large, max-video-preview:-1\" \/>\n<link rel=\"canonical\" href=\"https:\/\/kglobimport.com\/it\/politica-de-privacidade\/\" \/>\n<meta property=\"og:locale\" content=\"it_IT\" \/>\n<meta property=\"og:type\" content=\"article\" \/>\n<meta property=\"og:title\" content=\"Informativa sulla privacy - KGLOB IMPORT Seja importador \/ distribuidor\" \/>\n<meta property=\"og:description\" content=\"&nbsp; Intendiamo informare gli utenti del sito web kglobimport.com delle norme generali per il trattamento dei dati personali, che vengono raccolti e trattati nel rigoroso rispetto delle disposizioni della normativa vigente in materia di protezione dei dati personali. Ci impegniamo a proteggere e mantenere la riservatezza dei dati personali e abbiamo adottato le misure che [&hellip;]\" \/>\n<meta property=\"og:url\" content=\"https:\/\/kglobimport.com\/it\/politica-de-privacidade\/\" \/>\n<meta property=\"og:site_name\" content=\"KGLOB IMPORT Seja importador \/ distribuidor\" \/>\n<meta property=\"article:publisher\" content=\"https:\/\/www.facebook.com\/KGLOB-2054932881486148\/\" \/>\n<meta property=\"article:modified_time\" content=\"2025-07-27T23:31:39+00:00\" \/>\n<meta name=\"twitter:card\" content=\"summary_large_image\" \/>\n<meta name=\"twitter:label1\" content=\"Tempo di lettura stimato\" \/>\n\t<meta name=\"twitter:data1\" content=\"5 minuti\" \/>\n<script type=\"application\/ld+json\" class=\"yoast-schema-graph\">{\"@context\":\"https:\/\/schema.org\",\"@graph\":[{\"@type\":\"WebPage\",\"@id\":\"https:\/\/kglobimport.com\/it\/politica-de-privacidade\/\",\"url\":\"https:\/\/kglobimport.com\/it\/politica-de-privacidade\/\",\"name\":\"Informativa sulla privacy - KGLOB IMPORT Seja importador \/ distribuidor\",\"isPartOf\":{\"@id\":\"https:\/\/kglobimport.com\/it\/#website\"},\"datePublished\":\"2021-11-18T13:37:52+00:00\",\"dateModified\":\"2025-07-27T23:31:39+00:00\",\"breadcrumb\":{\"@id\":\"https:\/\/kglobimport.com\/it\/politica-de-privacidade\/#breadcrumb\"},\"inLanguage\":\"it-IT\",\"potentialAction\":[{\"@type\":\"ReadAction\",\"target\":[\"https:\/\/kglobimport.com\/it\/politica-de-privacidade\/\"]}]},{\"@type\":\"BreadcrumbList\",\"@id\":\"https:\/\/kglobimport.com\/it\/politica-de-privacidade\/#breadcrumb\",\"itemListElement\":[{\"@type\":\"ListItem\",\"position\":1,\"name\":\"In\u00edcio\",\"item\":\"https:\/\/kglobimport.com\/it\/\"},{\"@type\":\"ListItem\",\"position\":2,\"name\":\"Informativa sulla privacy\"}]},{\"@type\":\"WebSite\",\"@id\":\"https:\/\/kglobimport.com\/it\/#website\",\"url\":\"https:\/\/kglobimport.com\/it\/\",\"name\":\"KGLOB - PRODUTOS GOURMET\",\"description\":\"Seja importador \/ distribuidor das nossas marcas pr\u00f3prias, com exclusividade na sua regi\u00e3o. Vinhos, espumantes, bebidas espirituosas e tamb\u00e9m bebidas em lata.\",\"potentialAction\":[{\"@type\":\"SearchAction\",\"target\":{\"@type\":\"EntryPoint\",\"urlTemplate\":\"https:\/\/kglobimport.com\/it\/?s={search_term_string}\"},\"query-input\":{\"@type\":\"PropertyValueSpecification\",\"valueRequired\":true,\"valueName\":\"search_term_string\"}}],\"inLanguage\":\"it-IT\"}]}<\/script>\n<!-- \/ Yoast SEO plugin. -->","yoast_head_json":{"title":"Informativa sulla privacy - KGLOB IMPORT Seja importador \/ distribuidor","robots":{"index":"index","follow":"nofollow","max-snippet":"max-snippet:-1","max-image-preview":"max-image-preview:large","max-video-preview":"max-video-preview:-1"},"canonical":"https:\/\/kglobimport.com\/it\/politica-de-privacidade\/","og_locale":"it_IT","og_type":"article","og_title":"Informativa sulla privacy - KGLOB IMPORT Seja importador \/ distribuidor","og_description":"&nbsp; Intendiamo informare gli utenti del sito web kglobimport.com delle norme generali per il trattamento dei dati personali, che vengono raccolti e trattati nel rigoroso rispetto delle disposizioni della normativa vigente in materia di protezione dei dati personali. Ci impegniamo a proteggere e mantenere la riservatezza dei dati personali e abbiamo adottato le misure che [&hellip;]","og_url":"https:\/\/kglobimport.com\/it\/politica-de-privacidade\/","og_site_name":"KGLOB IMPORT Seja importador \/ distribuidor","article_publisher":"https:\/\/www.facebook.com\/KGLOB-2054932881486148\/","article_modified_time":"2025-07-27T23:31:39+00:00","twitter_card":"summary_large_image","twitter_misc":{"Tempo di lettura stimato":"5 minuti"},"schema":{"@context":"https:\/\/schema.org","@graph":[{"@type":"WebPage","@id":"https:\/\/kglobimport.com\/it\/politica-de-privacidade\/","url":"https:\/\/kglobimport.com\/it\/politica-de-privacidade\/","name":"Informativa sulla privacy - KGLOB IMPORT Seja importador \/ distribuidor","isPartOf":{"@id":"https:\/\/kglobimport.com\/it\/#website"},"datePublished":"2021-11-18T13:37:52+00:00","dateModified":"2025-07-27T23:31:39+00:00","breadcrumb":{"@id":"https:\/\/kglobimport.com\/it\/politica-de-privacidade\/#breadcrumb"},"inLanguage":"it-IT","potentialAction":[{"@type":"ReadAction","target":["https:\/\/kglobimport.com\/it\/politica-de-privacidade\/"]}]},{"@type":"BreadcrumbList","@id":"https:\/\/kglobimport.com\/it\/politica-de-privacidade\/#breadcrumb","itemListElement":[{"@type":"ListItem","position":1,"name":"In\u00edcio","item":"https:\/\/kglobimport.com\/it\/"},{"@type":"ListItem","position":2,"name":"Informativa sulla privacy"}]},{"@type":"WebSite","@id":"https:\/\/kglobimport.com\/it\/#website","url":"https:\/\/kglobimport.com\/it\/","name":"KGLOB - PRODUTOS GOURMET","description":"Seja importador \/ distribuidor das nossas marcas pr\u00f3prias, com exclusividade na sua regi\u00e3o. Vinhos, espumantes, bebidas espirituosas e tamb\u00e9m bebidas em lata.","potentialAction":[{"@type":"SearchAction","target":{"@type":"EntryPoint","urlTemplate":"https:\/\/kglobimport.com\/it\/?s={search_term_string}"},"query-input":{"@type":"PropertyValueSpecification","valueRequired":true,"valueName":"search_term_string"}}],"inLanguage":"it-IT"}]}},"_links":{"self":[{"href":"https:\/\/kglobimport.com\/it\/wp-json\/wp\/v2\/pages\/858","targetHints":{"allow":["GET"]}}],"collection":[{"href":"https:\/\/kglobimport.com\/it\/wp-json\/wp\/v2\/pages"}],"about":[{"href":"https:\/\/kglobimport.com\/it\/wp-json\/wp\/v2\/types\/page"}],"author":[{"embeddable":true,"href":"https:\/\/kglobimport.com\/it\/wp-json\/wp\/v2\/users\/1"}],"replies":[{"embeddable":true,"href":"https:\/\/kglobimport.com\/it\/wp-json\/wp\/v2\/comments?post=858"}],"version-history":[{"count":9,"href":"https:\/\/kglobimport.com\/it\/wp-json\/wp\/v2\/pages\/858\/revisions"}],"predecessor-version":[{"id":1164,"href":"https:\/\/kglobimport.com\/it\/wp-json\/wp\/v2\/pages\/858\/revisions\/1164"}],"wp:attachment":[{"href":"https:\/\/kglobimport.com\/it\/wp-json\/wp\/v2\/media?parent=858"}],"curies":[{"name":"wp","href":"https:\/\/api.w.org\/{rel}","templated":true}]}}